{"id":3188,"date":"2023-11-28T15:07:55","date_gmt":"2023-11-28T15:07:55","guid":{"rendered":"https:\/\/calibracion.com.mx\/tienda\/?post_type=product&#038;p=3188"},"modified":"2023-11-28T15:07:56","modified_gmt":"2023-11-28T15:07:56","slug":"multimetro-digital-inalambrico-fluke-connect-3000fc","status":"publish","type":"product","link":"https:\/\/calibracion.com.mx\/tienda\/multimetro-digital-inalambrico-fluke-connect-3000fc\/","title":{"rendered":"Mult\u00edmetro digital inal\u00e1mbrico fluke connect 3000fc"},"content":{"rendered":"<h3>Ofertas de Fluke 3000-FC<\/h3>\n<p>La seguridad y la eficacia son clave para cualquier trabajo. El confiable mult\u00edmetro inal\u00e1mbrico Fluke 3000 FC es la soluci\u00f3n ideal para especialistas expertos. Probado de forma independiente para un uso seguro en entornos CAT IV 600 V, CAT III 1000 V, el Fluke 3000 FC tiene todas y cada una de las peculiaridades que precisa para arreglar y reparar muchos inconvenientes en sistemas el\u00e9ctricos y electr\u00f3nicos. La Fluke 3000 FC funciona con el sistema de programa Fluke Connect para sostenerlo seguro de situaciones de medici\u00f3n peligrosas al permitirle leer sus mediciones desde lejos.<\/p>\n<p>Elasticidad para hacer crecer su sistema de herramientas de prueba inal\u00e1mbricas. El mult\u00edmetro digital inal\u00e1mbrico funciona como un concentrador para los m\u00f3dulos inal\u00e1mbricos Fluke Connect a fin de que tenga la versatilidad de agregar a su sistema de herramientas de prueba inal\u00e1mbrico como quiera , cuando lo quiera. El 3000 FC puede ense\u00f1ar sus medidas m\u00e1s lecturas de hasta tres m\u00f3dulos herramientas simult\u00e1neamente desde una distancia de hasta 20 metros.<\/p>\n<p>Administre sus datos m\u00e1s de manera f\u00e1cil. Con este mult\u00edmetro habilitado para Fluke Connect, puede conectarse a su dispositivo m\u00f3vil inteligente o PC para realizar m\u00e1s an\u00e1lisis y tambi\u00e9n reportes. El software Fluke Connect tambi\u00e9n le ayuda a detectar errores intermitentes m\u00e1s veloz mediante el registro y las mediciones de tendencias. Con una necesidad cada vez mayor de integrar reportes y documentaci\u00f3n del estado de sus instalaciones, el sistema de programa Fluke Connect le deja ver diferentes mediciones (t\u00e9rmicas, mec\u00e1nicas y el\u00e9ctricas) desde exactamente el mismo aparato al tiempo.<\/p>\n<h3>Funciones<\/h3>\n<ul>\n<li>Ver resultados en el equipo con el PC Adapter.<\/li>\n<li>Comun\u00edcate con tus dispositivos iOS (4s y posteriores) y Android\u2122 (4.3 y versiones posteriores) con la nueva aplicaci\u00f3n m\u00f3vil Fluke Connect.<\/li>\n<li>Deja que tu equipo vea lo que ves en un instante con la videollamada ShareLive.<\/li>\n<li>A\u00edsle eventos intermitentes o registre fluctuaciones de se\u00f1al sin siquiera estar all\u00ed usando la funci\u00f3n de registro en los m\u00f3dulos.<\/li>\n<li>La tecnolog\u00eda inal\u00e1mbrica permite la conectividad entre su tel\u00e9fono, PC y todas las herramientas de prueba habilitadas para Fluke Connect.<\/li>\n<li>Prepare su inversi\u00f3n para el futuro agregando funcionalidad al 3000 FC DMM cuando lo necesite.<\/li>\n<li>Capture lecturas a diferentes intervalos, con intervalos de grabaci\u00f3n establecidos por el usuario de un segundo a una hora.<\/li>\n<li>Ahorre dinero y tiempo tomando m\u00faltiples mediciones simult\u00e1neamente.<\/li>\n<li>Trabaje con menos interrupciones grabando varias sesiones antes de descargarlas. Los datos se guardan en un PC en formato de archivo .csv (variable separada por comas) para una f\u00e1cil visualizaci\u00f3n a su conveniencia<strong>.<\/strong><\/li>\n<\/ul>\n<h3>Conveniencia<\/h3>\n<ul>\n<li>La funda integrada protege los medidores, mientras que los soportes de la sonda mantienen los accesorios organizados.<\/li>\n<li>Vea hasta 6 lecturas en directo a la vez en la aplicaci\u00f3n m\u00f3vil Fluke Connect o en un PC para comprender completamente la situaci\u00f3n.<\/li>\n<li>Evite posiciones de medici\u00f3n inc\u00f3modas o inc\u00f3modas. Configure la medici\u00f3n una vez, retroceda y l\u00e9ala tantas veces como desee, cuando lo desee.<\/li>\n<li>Vea f\u00e1cilmente pantallas retroiluminadas en entornos de trabajo oscuros o con poca luz.<\/li>\n<li>No m\u00e1s escribir datos. Capture hasta 65000 conjuntos de lecturas m\u00ednimas\/m\u00e1x\/promedio en sesiones de registro \u00fanicas o m\u00faltiples utilizando la capacidad de grabaci\u00f3n. Cada lectura y sesi\u00f3n tiene una marca de tiempo.<\/li>\n<li>Elija el rango autom\u00e1tico o manual.<\/li>\n<li>Tenga todos los resultados de las pruebas de activos al alcance de su mano despu\u00e9s de descargarlos en su PC para futuros programas de confiabilidad y seguimiento del rendimiento de los activos.<\/li>\n<li>Env\u00ede y comunique datos de prueba a su gerente y compa\u00f1eros de trabajo para evaluar la respuesta anormal del sistema en segundos.<\/li>\n<li>Vea m\u00faltiples mediciones en una pantalla a la vez (DMM y tres m\u00f3dulos, Ti200\/300\/400 y cinco m\u00f3dulos).<\/li>\n<li>Utilice la percha magn\u00e9tica Tpak opcional para trabajar a\u00fan m\u00e1s manos libres.<\/li>\n<\/ul>\n<h3>Seguridad<\/h3>\n<ul>\n<li>M\u00f3dulo de pinza de corriente alterna y m\u00f3dulo de abrazadera de corriente AC\/DC 600 V CAT III; M\u00f3dulo de voltaje de CA, m\u00f3dulo de voltaje de CC y pinzas amperim\u00e9tricas iFlex 600 V CAT IV\/1000 CAT III.<\/li>\n<li>Est\u00e9 en varios lugares a la vez, reduciendo el riesgo de arco el\u00e9ctrico al separarse de situaciones de medici\u00f3n peligrosas.<\/li>\n<li>La Fluke 3000 FC cumple con las normas de seguridad Categor\u00eda de medici\u00f3n 1000 V CAT III y Categor\u00eda IV 600 V.<\/li>\n<\/ul>\n<h3>Especificaciones de Fluke 3000FC<\/h3>\n<table class=\"table table-striped\">\n<tbody>\n<tr>\n<td colspan=\"2\"><strong>Voltaje de CA<\/strong><\/td>\n<\/tr>\n<tr>\n<td>Gama<\/td>\n<td>600,0 mV<br \/>\n6,000 V 60,00 V 600,0 V 1000 V<\/td>\n<\/tr>\n<tr>\n<td>Resoluci\u00f3n<\/td>\n<td>0,1 mV<br \/>\n0,001 V 0,01 V 0,1 V 1 V<\/td>\n<\/tr>\n<tr>\n<td>Exactitud<\/td>\n<td>1,0 % + 3 de 45 Hz a 500 Hz<br \/>\n2,0 % + 3 de 500 Hz a 1 kHz<\/td>\n<\/tr>\n<tr>\n<td colspan=\"2\"><strong>Voltaje de CC<\/strong><\/td>\n<\/tr>\n<tr>\n<td>Gama<\/td>\n<td>600,0 mV<br \/>\n6,000 V 60,00 V 600,0 V 1000 V<\/td>\n<\/tr>\n<tr>\n<td>Resoluci\u00f3n<\/td>\n<td>0,1 mV<br \/>\n0,001 V 0,01 V 0,1 V 1 V<\/td>\n<\/tr>\n<tr>\n<td>Exactitud<\/td>\n<td>0,09 % + 2 0,09 % + 2&nbsp;<\/p>\n<p>0,15 % + 2<\/td>\n<\/tr>\n<tr>\n<td colspan=\"2\"><strong>Continuidad<\/strong><\/td>\n<\/tr>\n<tr>\n<td>Gama<\/td>\n<td>600 \u03a9<\/td>\n<\/tr>\n<tr>\n<td>Resoluci\u00f3n<\/td>\n<td>1 \u03a9<\/td>\n<\/tr>\n<tr>\n<td>Exactitud<\/td>\n<td>El medidor emite pitidos a &lt;25 \u03a9, el beeper detecta aperturas o cortocircuitos de 250 \u03bcs o m\u00e1s.<\/td>\n<\/tr>\n<tr>\n<td colspan=\"2\"><strong>Resistencia<\/strong><\/td>\n<\/tr>\n<tr>\n<td>Gama<\/td>\n<td>600,0 \u03a9<br \/>\n6.000 k\u03a9 60,00 k\u03a9 60,00 k\u03a9&nbsp;<\/p>\n<p>600,0 k\u03a9<br \/>\n50,00 M\u03a9<\/td>\n<\/tr>\n<tr>\n<td>Resoluci\u00f3n<\/td>\n<td>0,1 \u03a9<br \/>\n0,001 k\u03a9 0,01 k\u03a9 0,1 k\u03a9 0,001 M\u03a9&nbsp;<\/p>\n<p>0,01 M\u03a9<\/td>\n<\/tr>\n<tr>\n<td>Exactitud<\/td>\n<td>0.5 % + 2 @ 600.0 \u03a9 0.5% + 1 de 6.000 a<br \/>\n600.0 k\u03a9<br \/>\n1.5 % + 3 @ 50.00 M\u03a9<\/td>\n<\/tr>\n<tr>\n<td colspan=\"2\"><strong>Prueba de diodo<\/strong><\/td>\n<\/tr>\n<tr>\n<td>Gama<\/td>\n<td>2,000 V<\/td>\n<\/tr>\n<tr>\n<td>Resoluci\u00f3n<\/td>\n<td>0,001 V<\/td>\n<\/tr>\n<tr>\n<td>Exactitud<\/td>\n<td>1 % + 2<\/td>\n<\/tr>\n<tr>\n<td colspan=\"2\"><strong>Capacitancia<\/strong><\/td>\n<\/tr>\n<tr>\n<td>Gama<\/td>\n<td>1000 nF 10.00 \u03bcF 100.0 \u03bcF 9999 \u03bcF<\/td>\n<\/tr>\n<tr>\n<td>Resoluci\u00f3n<\/td>\n<td>1 nF 0.01 \u03bcF 0.1 \u03bcF 1 \u03bcF<\/td>\n<\/tr>\n<tr>\n<td>Exactitud<\/td>\n<td>1.2 % + 2 de 1000 nF a 100 \u03bcF 10 % T\u00edpico @ 9999 \u03bcF<\/td>\n<\/tr>\n<tr>\n<td colspan=\"2\"><strong>Corriente alterna y continua<\/strong><\/td>\n<\/tr>\n<tr>\n<td>Gama<\/td>\n<td>60,00 mA 400,0 mA<\/td>\n<\/tr>\n<tr>\n<td>Resoluci\u00f3n<\/td>\n<td>0,01 mA 0,1 mA<\/td>\n<\/tr>\n<tr>\n<td>Exactitud<\/td>\n<td>CA: 1,5 % + 3 de 45 Hz a 1 kHz<br \/>\nCC: 0,5 % + 3<\/td>\n<\/tr>\n<tr>\n<td colspan=\"2\"><strong>Frecuencia<\/strong><\/td>\n<\/tr>\n<tr>\n<td>Gama<\/td>\n<td>99,99 Hz 999,9 Hz 9,999 kHz&nbsp;<\/p>\n<p>99,99 kHz<\/td>\n<\/tr>\n<tr>\n<td>Resoluci\u00f3n<\/td>\n<td>0,01 Hz 0,1 Hz 0,001 kHz&nbsp;<\/p>\n<p>0,01 kHz<\/td>\n<\/tr>\n<tr>\n<td>Exactitud<\/td>\n<td>0.1 % + 1<\/td>\n<\/tr>\n<tr>\n<td colspan=\"2\"><strong>Grabaci\u00f3n m\u00ednima\/m\u00e1xima<\/strong><\/td>\n<\/tr>\n<tr>\n<td>Exactitud<\/td>\n<td>Funciones DC: \u00b112 recuentos para cambios &gt;350 ms de duraci\u00f3n Funciones de CA: \u00b140 recuentos para cambios &gt;900 ms de duraci\u00f3n<\/td>\n<\/tr>\n<tr>\n<td colspan=\"2\"><strong>Especificaciones generales<\/strong><\/td>\n<\/tr>\n<tr>\n<td>Voltaje m\u00e1ximo entre cualquier terminal y tierra<\/td>\n<td>1000 V CC o CA RMS<\/td>\n<\/tr>\n<tr>\n<td>Protecci\u00f3n de fusibles de entradas A<\/td>\n<td>0,44 A (44\/100 A, 440 mA)<br \/>\n1000 V FAST Fuse<br \/>\nFluke solo pieza especificada<\/td>\n<\/tr>\n<tr>\n<td>Pantalla (LCD)<\/td>\n<td>Tasa de actualizaci\u00f3n: 4\/seg<br \/>\nVoltios, amperios, ohmios: 6000 cuentas Frecuencia: 10,000 cuentas Capacitancia: 1,000 cuentas<\/td>\n<\/tr>\n<tr>\n<td>Tipo de bater\u00eda<\/td>\n<td>3 pilas alcalinas AA, NEDA 15A IEC LR6<\/td>\n<\/tr>\n<tr>\n<td>Duraci\u00f3n de la bater\u00eda<\/td>\n<td>250 horas m\u00ednimo<\/td>\n<\/tr>\n<tr>\n<td>Comunicaciones RF<\/td>\n<td>Banda ISM de 2,4 GHZ<\/td>\n<\/tr>\n<tr>\n<td>Rango de comunicaci\u00f3n RF<\/td>\n<td>Al aire libre, sin obstrucciones: hasta 20 m obstruido, pared de yeso: hasta 6,5 m obstruida, pared de hormig\u00f3n o acero Armario el\u00e9ctrico: hasta 3,5 m<\/td>\n<\/tr>\n<tr>\n<td>Temperatura<\/td>\n<td>En funcionamiento: -10 a 50 \u00b0C Almacenamiento: -40 a 60 \u00b0C<\/td>\n<\/tr>\n<tr>\n<td>Coeficiente de temperatura<\/td>\n<td>0,1 x (precisi\u00f3n especificada)\/\u00b0C (&lt;18 \u00b0C o &gt;28 \u00b0C)<\/td>\n<\/tr>\n<tr>\n<td>Humedad relativa<\/td>\n<td>0 a 90% (0 a 35\u00b0C) 0 a 75% (35 a 40\u00b0C) 0 a 45% (40 a 50\u00b0C)<\/td>\n<\/tr>\n<tr>\n<td>Altitud<\/td>\n<td>En funcionamiento: 2.000 m Dest\u00fce: 12.000 m<\/td>\n<\/tr>\n<tr>\n<td>Compatibilidad electromagn\u00e9tica EMI, RFI, EMC, RF<\/td>\n<td>EN 61326-1:2006, EN 61326-2-2:2006. ETSI EN 300 328 V1.7.1:2006, ETSI EN 300 489 V1.8.1:2008, FCC Parte 15 Subparte C Secciones 15.207, 15.209, 15.249, FCCID : FCC: T68-FDMMBLE IC: 6627A-FDMMBLE<\/td>\n<\/tr>\n<tr>\n<td>Cumplimiento de seguridad<\/td>\n<td>ANSI\/ISA 61010-1 \/ (82.02.01): 3\u00aa edici\u00f3n CAN\/CSA-C22.2 No 61010-1-12: 3\u00aa edici\u00f3n UL 61010-1: 3\u00aa edici\u00f3n&nbsp;<\/p>\n<p>IEC\/EN 61010-1:2010<\/td>\n<\/tr>\n<tr>\n<td>Certificaciones<\/td>\n<td>CSA, FCC, CE<\/td>\n<\/tr>\n<tr>\n<td>Clasificaci\u00f3n de protecci\u00f3n de ingreso (IP)<\/td>\n<td>IP54<\/td>\n<\/tr>\n<tr>\n<td>Grado de contaminaci\u00f3n<\/td>\n<td>2<\/td>\n<\/tr>\n<tr>\n<td>Dimensiones<\/td>\n<td>4,75 x 9,3 x 20,7 cm (1,87 x 3,68 x 8,14\u2033)<\/td>\n<\/tr>\n<tr>\n<td>Peso<\/td>\n<td>340 g (12 oz)<\/td>\n<\/tr>\n<\/tbody>\n<\/table>\n","protected":false},"excerpt":{"rendered":"<p>Una parte del equipo de herramientas inal\u00e1mbricas de Fluke Connect, con la capacidad de comunicarse con hasta tres m\u00f3dulos a la vez. Cuenta con un rango de medici\u00f3n de 0.5A a 400A.<\/p>\n","protected":false},"featured_media":3191,"template":"","meta":[],"product_cat":[16],"product_tag":[],"class_list":["post-3188","product","type-product","status-publish","has-post-thumbnail","hentry","product_cat-uncategorized"],"_links":{"self":[{"href":"https:\/\/calibracion.com.mx\/tienda\/wp-json\/wp\/v2\/product\/3188","targetHints":{"allow":["GET"]}}],"collection":[{"href":"https:\/\/calibracion.com.mx\/tienda\/wp-json\/wp\/v2\/product"}],"about":[{"href":"https:\/\/calibracion.com.mx\/tienda\/wp-json\/wp\/v2\/types\/product"}],"wp:featuredmedia":[{"embeddable":true,"href":"https:\/\/calibracion.com.mx\/tienda\/wp-json\/wp\/v2\/media\/3191"}],"wp:attachment":[{"href":"https:\/\/calibracion.com.mx\/tienda\/wp-json\/wp\/v2\/media?parent=3188"}],"wp:term":[{"taxonomy":"product_cat","embeddable":true,"href":"https:\/\/calibracion.com.mx\/tienda\/wp-json\/wp\/v2\/product_cat?post=3188"},{"taxonomy":"product_tag","embeddable":true,"href":"https:\/\/calibracion.com.mx\/tienda\/wp-json\/wp\/v2\/product_tag?post=3188"}],"curies":[{"name":"wp","href":"https:\/\/api.w.org\/{rel}","templated":true}]}}