{"id":3231,"date":"2023-11-28T15:44:33","date_gmt":"2023-11-28T15:44:33","guid":{"rendered":"https:\/\/calibracion.com.mx\/tienda\/?post_type=product&#038;p=3231"},"modified":"2023-11-28T15:44:34","modified_gmt":"2023-11-28T15:44:34","slug":"termometro-infrarrojo-de-alta-temperatura-ir-fluke-572-2-22-a-1652-f","status":"publish","type":"product","link":"https:\/\/calibracion.com.mx\/tienda\/termometro-infrarrojo-de-alta-temperatura-ir-fluke-572-2-22-a-1652-f\/","title":{"rendered":"Term\u00f3metro infrarrojo de alta temperatura (ir) fluke 572-2, -22 a 1652 \u00b0f"},"content":{"rendered":"<p>Este term\u00f3metro infrarrojo de elevada temperatura est\u00e1 desarrollado para su uso en entornos industriales de alta temperatura. Tiene una plataforma de trabajo de usuario simple y men\u00fas de teclas programables, lo que posibilita incluso las mediciones complicadas. Navegue y ajuste de forma r\u00e1pida la emisividad, inicie el registro de datos o active y desactive alarmas, con solo presionar un bot\u00f3n.<\/p>\n<h3>Funciones<\/h3>\n<ul>\n<li>Emisividad ajustable y tabla de emisividad predefinida.<\/li>\n<li>Alarma de alta y baja temperatura.<\/li>\n<li>\u00daltima lectura Mantener (20 segundos).<\/li>\n<li>Tr\u00edpode.<\/li>\n<li>Interfaz multiling\u00fce (selecci\u00f3n de usuario).<\/li>\n<li>Reloj de 12 o 24 horas.<\/li>\n<li>Almacenamiento y revisi\u00f3n de datos (99 conjuntos de datos).<\/li>\n<li>Dos a\u00f1os de garant\u00eda.<\/li>\n<li>Temperatura infrarroja y termopar en pantalla retroiluminada.<\/li>\n<li>Compatible con termopares tipo K miniconector est\u00e1ndar.<\/li>\n<li>Temperatura actual m\u00e1s pantallas de temperatura MAX, MIN, DIF, AVG.<\/li>\n<li>Relaci\u00f3n distancia a punto de 60:1 con doble visor l\u00e1ser para una orientaci\u00f3n r\u00e1pida y precisa.<\/li>\n<li>Cable de interfaz de computadora USB 2.0.<\/li>\n<li>Software de documentaci\u00f3n de formularios FlukeView.<\/li>\n<\/ul>\n<h3>Aplicaciones<\/h3>\n<ul>\n<li>Petr\u00f3leo y Gas.<\/li>\n<li>Miner\u00eda y Minerales.<\/li>\n<li>Utilidades.<\/li>\n<\/ul>\n<h3>Fluke 572-2 Especificaciones<\/h3>\n<table class=\"table table-striped\">\n<tbody>\n<tr>\n<td colspan=\"2\"><strong>Mediciones infrarrojas<\/strong><\/td>\n<\/tr>\n<tr>\n<td>Rango de temperatura<\/td>\n<td>-22 a 1652\u00b0F (-30 a 900\u00b0C)<\/td>\n<\/tr>\n<tr>\n<td>Precisi\u00f3n IR (geometr\u00eda de calibraci\u00f3n con temperatura ambiente de 23 \u00b0C \u00b12 \u00b0C)<\/td>\n<td>\u226532 \u00b0F: \u00b12 \u00b0F o \u00b11% de la lectura, lo que sea mayor \u226514 \u00b0F a &lt;32 \u00b0F: \u00b14 \u00b0F &lt;14 \u00b0F: \u00b16 \u00b0F&nbsp;<\/p>\n<p>\u22650 \u00b0C: \u00b11 \u00b0C o \u00b11 % de la lectura, lo que sea mayor<\/p>\n<p>\u2265-10 \u00b0C a &lt;0 \u00b0C: \u00b12 \u00b0C &lt;-10 \u00b0C:\u00b13 \u00b0C<\/td>\n<\/tr>\n<tr>\n<td>Repetibilidad IR<\/td>\n<td>\u00b10.5% de la lectura o \u00b11 \u00b0 F (\u00b10.5 \u00b0 C), lo que sea mayor<\/td>\n<\/tr>\n<tr>\n<td>Resoluci\u00f3n de pantalla<\/td>\n<td>0.1\u00b0F\/0.1\u00b0C<\/td>\n<\/tr>\n<tr>\n<td>Distancia: Spot<\/td>\n<td>60:1 (calculado al 90% de energ\u00eda)<\/td>\n<\/tr>\n<tr>\n<td>Tama\u00f1o m\u00ednimo del punto<\/td>\n<td>0 mm (75,19\u2033)<\/td>\n<\/tr>\n<tr>\n<td>Avistamiento l\u00e1ser<\/td>\n<td>L\u00e1ser dual desplazado, salida &lt;1 mW<\/td>\n<\/tr>\n<tr>\n<td>Respuesta espectral<\/td>\n<td>De 8 \u03bcm a 14 \u03bcm<\/td>\n<\/tr>\n<tr>\n<td>Tiempo de respuesta (95%)<\/td>\n<td>&lt;500 ms<\/td>\n<\/tr>\n<tr>\n<td>Emisividad<\/td>\n<td>Ajustable digitalmente de 0.10 a 1.00 por 0.01 o mediante una tabla incorporada de materiales comunes<\/td>\n<\/tr>\n<tr>\n<td colspan=\"2\"><strong>Mediciones de contacto<\/strong><\/td>\n<\/tr>\n<tr>\n<td>Rango de temperatura de entrada del termopar tipo K<\/td>\n<td>-454 a 2501\u00b0F (-270 a 1372\u00b0C)<\/td>\n<\/tr>\n<tr>\n<td>Precisi\u00f3n de entrada del termopar tipo K<\/td>\n<td>&lt;-40 \u00b0F: \u00b1(2 \u00b0F + 0.2 \u00b0\/1 \u00b0F) \u2265-40 \u00b0F: \u00b11% o 2 \u00b0F, lo que sea mayor &lt;-40 \u00b0C: \u00b1(1 \u00b0C + 0.2\u00b0\/1\u00b0C)&nbsp;<\/p>\n<p>\u2265-40\u00b0C: \u00b11% o 1\u00b0C, lo que sea mayor<\/td>\n<\/tr>\n<tr>\n<td>Termopar tipo K<\/td>\n<td>0.1\u00b0F\/0.1\u00b0C<\/td>\n<\/tr>\n<tr>\n<td>Repetibilidad del termopar tipo K<\/td>\n<td>\u00b10.5% de la lectura o \u00b11 \u00b0 F (\u00b10.5 \u00b0 C), lo que sea mayor<\/td>\n<\/tr>\n<tr>\n<td colspan=\"2\"><strong>Opciones de medici\u00f3n<\/strong><\/td>\n<\/tr>\n<tr>\n<td>Alarmas altas\/bajas<\/td>\n<td>Visual audible y bicolor<\/td>\n<\/tr>\n<tr>\n<td>M\u00edn.\/M\u00e1x.\/Promedio\/DIF<\/td>\n<td>S\u00ed<\/td>\n<\/tr>\n<tr>\n<td>Conmutable Celsius y Fahrenheit<\/td>\n<td>S\u00ed<\/td>\n<\/tr>\n<tr>\n<td>Luz de fondo<\/td>\n<td>Dos niveles, normal y extra brillante para ambientes m\u00e1s oscuros<\/td>\n<\/tr>\n<tr>\n<td>Entrada de sonda<\/td>\n<td>Visualizaci\u00f3n simult\u00e1nea del termopar tipo K de la sonda y la temperatura IR<\/td>\n<\/tr>\n<tr>\n<td>Bloqueo del gatillo<\/td>\n<td>S\u00ed<\/td>\n<\/tr>\n<tr>\n<td>Almacenamiento de datos<\/td>\n<td>99 puntos<\/td>\n<\/tr>\n<tr>\n<td>Monitor<\/td>\n<td>Matriz de puntos 98 x 96 p\u00edxeles con men\u00fas de funciones<\/td>\n<\/tr>\n<tr>\n<td>Comunicaci\u00f3n<\/td>\n<td>USB 2.0<\/td>\n<\/tr>\n<tr>\n<td colspan=\"2\"><strong>Especificaciones del termopar tipo K<\/strong><\/td>\n<\/tr>\n<tr>\n<td>Rango de medici\u00f3n (sonda de cuentas)<\/td>\n<td>-40 a 500\u00b0F (-40 a 260\u00b0C)<\/td>\n<\/tr>\n<tr>\n<td>Exactitud<\/td>\n<td>\u00b12.0\u00b0F (\u00b11.1\u00b0C) de 32 a 500\u00b0F (0 a 260\u00b0C) T\u00edpicamente dentro de 2.0\u00b0F (1.1\u00b0C) de -40 a 32\u00b0F (-40 a 0\u00b0C)<\/td>\n<\/tr>\n<tr>\n<td>Longitud del cable<\/td>\n<td>Cable de termopar tipo K de 40\u2033 (1 m) con conector de termopar miniatura est\u00e1ndar y terminaci\u00f3n de perlas<\/td>\n<\/tr>\n<tr>\n<td colspan=\"2\"><strong>Especificaciones generales<\/strong><\/td>\n<\/tr>\n<tr>\n<td>Seguridad y cumplimiento<\/td>\n<td>IEC 60825-1<br \/>\nFDA L\u00e1ser Clase II<br \/>\nIEC 61326-1<br \/>\nCE Queja<br \/>\nCMC # 01120009<\/td>\n<\/tr>\n<tr>\n<td>Temperatura de funcionamiento<\/td>\n<td>De 32 a 122 \u00b0C (de 0 a 50 \u00b0F)<\/td>\n<\/tr>\n<tr>\n<td>Temperatura de almacenamiento<\/td>\n<td>-4 a 140\u00b0F (-20 a 60\u00b0C)<\/td>\n<\/tr>\n<tr>\n<td>Humedad relativa<\/td>\n<td>10 a 90% HR sin condensaci\u00f3n hasta 86\u00b0F (30\u00b0C)<\/td>\n<\/tr>\n<tr>\n<td>Altitud de funcionamiento<\/td>\n<td>2000 metros sobre el nivel medio del mar<\/td>\n<\/tr>\n<tr>\n<td>Peso<\/td>\n<td>0,7099 lb (0,322 kg)<\/td>\n<\/tr>\n<tr>\n<td>Poder<\/td>\n<td>2 pilas AA<\/td>\n<\/tr>\n<tr>\n<td>Duraci\u00f3n de la bater\u00eda<\/td>\n<td>8 horas con l\u00e1ser y luz de fondo encendidos; 100 horas con l\u00e1ser y retroiluminaci\u00f3n apagados, al 100% del ciclo de trabajo (term\u00f3metro encendido continuamente)<\/td>\n<\/tr>\n<\/tbody>\n<\/table>\n","protected":false},"excerpt":{"rendered":"<p>Este term\u00f3metro infrarrojo de elevada temperatura est\u00e1 desarrollado para su uso en entornos industriales de alta temperatura. Tiene una plataforma de trabajo de usuario simple y men\u00fas de teclas programables, lo que posibilita incluso las mediciones complicadas.<\/p>\n","protected":false},"featured_media":3237,"template":"","meta":[],"product_cat":[16],"product_tag":[],"class_list":["post-3231","product","type-product","status-publish","has-post-thumbnail","hentry","product_cat-uncategorized"],"_links":{"self":[{"href":"https:\/\/calibracion.com.mx\/tienda\/wp-json\/wp\/v2\/product\/3231","targetHints":{"allow":["GET"]}}],"collection":[{"href":"https:\/\/calibracion.com.mx\/tienda\/wp-json\/wp\/v2\/product"}],"about":[{"href":"https:\/\/calibracion.com.mx\/tienda\/wp-json\/wp\/v2\/types\/product"}],"wp:featuredmedia":[{"embeddable":true,"href":"https:\/\/calibracion.com.mx\/tienda\/wp-json\/wp\/v2\/media\/3237"}],"wp:attachment":[{"href":"https:\/\/calibracion.com.mx\/tienda\/wp-json\/wp\/v2\/media?parent=3231"}],"wp:term":[{"taxonomy":"product_cat","embeddable":true,"href":"https:\/\/calibracion.com.mx\/tienda\/wp-json\/wp\/v2\/product_cat?post=3231"},{"taxonomy":"product_tag","embeddable":true,"href":"https:\/\/calibracion.com.mx\/tienda\/wp-json\/wp\/v2\/product_tag?post=3231"}],"curies":[{"name":"wp","href":"https:\/\/api.w.org\/{rel}","templated":true}]}}