{"id":3270,"date":"2023-11-28T16:14:24","date_gmt":"2023-11-28T16:14:24","guid":{"rendered":"https:\/\/calibracion.com.mx\/tienda\/?post_type=product&#038;p=3270"},"modified":"2023-11-28T16:14:24","modified_gmt":"2023-11-28T16:14:24","slug":"termohigrometro-dewk-fluke-1620a-s-156-precision-estandar","status":"publish","type":"product","link":"https:\/\/calibracion.com.mx\/tienda\/termohigrometro-dewk-fluke-1620a-s-156-precision-estandar\/","title":{"rendered":"Termohigr\u00f3metro dewk fluke 1620a-s-156, precisi\u00f3n est\u00e1ndar"},"content":{"rendered":"<p>Las lecturas de humedad relativa del sensor de alta precisi\u00f3n (modelo S) son de \u00b12% HR de 20 a 70% HR. Todos y cada uno de los sensores termohigr\u00f3metros DewK traen certificados de medici\u00f3n acreditados por NVLAP para temperatura y humedad, completos con datos y trazabilidad NIST.<\/p>\n<h3>Funciones<\/h3>\n<ul>\n<li>Red habilitada.<\/li>\n<li>Gran memoria.<\/li>\n<li>Precisi\u00f3n superior.<\/li>\n<li>Potentes herramientas de registro y an\u00e1lisis.<\/li>\n<li>Software actualizado.<\/li>\n<li>Dos sensores calibrados intercambiables.<\/li>\n<\/ul>\n<p><strong>Ethernet y capacidad inal\u00e1mbrica<\/strong><\/p>\n<p>Con su conector Ethernet RJ45 que viene dentro , se pueden supervisar varios DewK desde la misma pantalla usando el software cliente-servidor Log Ware III. Ethernet asimismo le ofrece la posibilidad de conectividad rec\u00f3ndita por medio de Internet, para que pueda monitorear condiciones cr\u00edticas mientras que est\u00e1 fuera.<\/p>\n<p>Los cables que corren a lo largo del piso tienen la posibilidad de ser un riesgo para la seguridad, y los cables que cuelgan del techo y las paredes son una barbaridad. Con el DewK, sencillamente enlace su PC a trav\u00e9s de un m\u00f3dem RF a una distancia de hasta 100 \u2018, sin el desorden de todos los cables auxiliares. Si necesita una copia impresa, env\u00ede datos a una impresora mediante la interfaz RS-232 en tiempo real.<\/p>\n<p><strong>Funciones matem\u00e1ticas y estad\u00edsticas<\/strong><\/p>\n<p>Aparte de la temperatura y la humedad, el DewK calcula el punto de roc\u00edo, el \u00edndice de calor y las tasas de cambio tanto para la temperatura para la humedad. El m\u00ednimo, el m\u00e1ximo y una variedad de otras estad\u00edsticas tambi\u00e9n se calculan y se pueden mostrar en la pantalla. Las estad\u00edsticas de resumen per\u00edodico , incluyendo las tasas m\u00ednimas, m\u00e1ximas y m\u00e1ximas de cambio, se almacenan durante los sesenta d\u00edas m\u00e1s recientes.<\/p>\n<p><strong>Sensores calibrados<\/strong><\/p>\n<p>Con entradas para 2 sensores, cada uno de ellos midiendo tanto la temperatura como la humedad relativa, un DewK puede monitorear 2 \u00e1reas al mismo tiempo. Ambos sensores se tienen la posibilidad de ejecutar a trav\u00e9s de cables de extensi\u00f3n a \u00e1reas remotas a una distancia de hasta 100 \u2018, o un sensor se puede montar de forma directa en la parte de arriba del DewK.<\/p>\n<p>Cada sensor est\u00e1 calibrado tanto para la temperatura para la humedad mediante la medici\u00f3n de Fluke. Las permanentes de medici\u00f3n asignadas a los sensores residen en un chip de memoria ubicado dentro de la estructura del sensor, por lo que los sensores se tienen la posibilidad de usar indiferentemente entre diferentes DewK, y la recalibraci\u00f3n de los sensores no necesita un DewK acompa\u00f1ante. A los sensores asimismo se les puede asignar un identificador \u00fanico (hasta 16 caracteres ) para hacer m\u00e1s simple el cuidado de registros al llevar a cabo coincidir el identificador del sensor con los datos recopilados.<\/p>\n<p><strong>Memoria<\/strong><\/p>\n<p>El DewK tiene suficiente memoria integrada para almacenar hasta 400.000 puntos de datos marcados con fecha y hora. \u00a1Eso es dos a\u00f1os de datos para ambas mediciones de dos sensores si se toman lecturas cada diez minutos!<\/p>\n<p><strong>Alarmas y bater\u00edas de respaldo<\/strong><\/p>\n<p>Los cambios de alarma se tienen la posibilidad de configurar r\u00e1pidamente en el DewK en funci\u00f3n de la temperatura, la tasa de cambio de temperatura, la HR, la tasa de cambio en la HR y las condiciones de falla del instrumento. Las alarmas tienen la posibilidad de ser tanto visuales (pantalla intermitente) como audibles (pitidos). De la misma manera , se pueden modificar cambios de alarma y activar eventos en Log Ware III. El DewK asimismo est\u00e1 pertrechado con una salida de alarma de 0 a 12 V que puede encender un sistema de control de procesos. Una bater\u00eda de respaldo apaga la pantalla del DewK, pero sostiene las mediciones hasta 16 horas en caso de un corte de energ\u00eda.<\/p>\n<h3>Fluke 1620A-S-156 Especificaciones<\/h3>\n<table class=\"table table-striped\">\n<tbody>\n<tr>\n<td>Rango de operaci\u00f3n<\/td>\n<td>32 a 122\u00b0F (0 a 50\u00b0C); 0 a 100% HR<\/td>\n<\/tr>\n<tr>\n<td>Precisi\u00f3n de temperatura calibrada<\/td>\n<td>Modelo S: \u00b10.45 \u00b0 F de 59 a 95 \u00b0 F (\u00b10.25 \u00b0 C de 15 a 35 \u00b0 C)<\/td>\n<\/tr>\n<tr>\n<td>Precisi\u00f3n RH calibrada<\/td>\n<td>Modelo S: \u00b12% HR de 20 a 70% HR<\/td>\n<\/tr>\n<tr>\n<td>Rendimiento extrapolado esperado (no certificado)<\/td>\n<td>\u00b10.5\u00b0C (\u00b10.9\u00b0F) fuera del rango calibrado; \u00b13% HR fuera del rango calibrado<\/td>\n<\/tr>\n<tr>\n<td>Precisi\u00f3n de temperatura Delta<\/td>\n<td>\u00b10.045 \u00b0 F para cambios de \u00b1 1 \u00b0 dentro de 59 a 95 \u00b0 F (\u00b10.025 \u00b0 C para cambios de \u00b1 1 \u00b0 dentro de 15 a 35 \u00b0 C)<\/td>\n<\/tr>\n<tr>\n<td>Resoluci\u00f3n de temperatura<\/td>\n<td>El usuario puede seleccionar hasta 0,001 \u00b0F\/\u00b0C en la pantalla del panel frontal (0,01 \u00b0 grabado)<\/td>\n<\/tr>\n<tr>\n<td>Precisi\u00f3n de humedad Delta<\/td>\n<td>\u00b11,0% HR para cambios del \u00b15% dentro de 20 a 70% HR<\/td>\n<\/tr>\n<tr>\n<td>Resoluci\u00f3n RH<\/td>\n<td>El usuario puede seleccionar hasta un 0,01% en la pantalla del panel frontal (0,1% grabado)<\/td>\n<\/tr>\n<tr>\n<td>Memoria<\/td>\n<td>400.000 lecturas individuales t\u00edpicas con sello de fecha\/hora<\/td>\n<\/tr>\n<tr>\n<td>Alarmas<\/td>\n<td>Alarmas visuales, audibles y externas protegidas por contrase\u00f1a para temperatura, tasa de temperatura, HR, velocidad de HR y condiciones de falla<\/td>\n<\/tr>\n<tr>\n<td>Entradas<\/td>\n<td>Hasta dos sensores, miden la temperatura y la humedad relativa, calibraciones desmontables, extensibles por cable, intercambiables y aut\u00f3nomas, se les pueden asignar identificaciones \u00fanicas de 16 caracteres<\/td>\n<\/tr>\n<tr>\n<td>Monitor<\/td>\n<td>LCD monocrom\u00e1tico de gr\u00e1ficos de 240 x 128, muestra datos de temperatura\/humedad protegidos por contrase\u00f1a de forma gr\u00e1fica, num\u00e9rica y estad\u00edstica (uno o ambos canales); 16 configuraciones de pantalla predefinidas y cambiables por el usuario<\/td>\n<\/tr>\n<tr>\n<td>Conectividad<\/td>\n<td>Ethernet, RS-232, RF (opcional)<\/td>\n<\/tr>\n<tr>\n<td>Montura<\/td>\n<td>Montado en la pared (hardware incluido) o colocado en una mesa de trabajo<\/td>\n<\/tr>\n<tr>\n<td>Poder<\/td>\n<td>12V DC desde una fuente de alimentaci\u00f3n externa de 100 a 240V DC<\/td>\n<\/tr>\n<tr>\n<td>Bater\u00eda de respaldo<\/td>\n<td>La bater\u00eda est\u00e1ndar de 9V permite la medici\u00f3n continua durante las interrupciones de energ\u00eda<\/td>\n<\/tr>\n<tr>\n<td>Dimensiones<\/td>\n<td>Sensor: 3.1 x 0.75\u2033 (79 x 19 mm)Roc\u00edo: 4.9 x 8.3 x 2\u2033 (125 x 211 x 51 mm)<\/td>\n<\/tr>\n<tr>\n<td>Peso<\/td>\n<td>1,5 lb (0,7 kg)<\/td>\n<\/tr>\n<\/tbody>\n<\/table>\n","protected":false},"excerpt":{"rendered":"<p>Las lecturas de humedad relativa del sensor de alta precisi\u00f3n (modelo S) son de \u00b12% HR de 20 a 70% HR. Todos y cada uno de los sensores termohigr\u00f3metros DewK traen certificados de medici\u00f3n acreditados por NVLAP para temperatura y humedad, completos con datos y trazabilidad NIST.<\/p>\n","protected":false},"featured_media":3275,"template":"","meta":[],"product_cat":[16],"product_tag":[],"class_list":["post-3270","product","type-product","status-publish","has-post-thumbnail","hentry","product_cat-uncategorized"],"_links":{"self":[{"href":"https:\/\/calibracion.com.mx\/tienda\/wp-json\/wp\/v2\/product\/3270","targetHints":{"allow":["GET"]}}],"collection":[{"href":"https:\/\/calibracion.com.mx\/tienda\/wp-json\/wp\/v2\/product"}],"about":[{"href":"https:\/\/calibracion.com.mx\/tienda\/wp-json\/wp\/v2\/types\/product"}],"wp:featuredmedia":[{"embeddable":true,"href":"https:\/\/calibracion.com.mx\/tienda\/wp-json\/wp\/v2\/media\/3275"}],"wp:attachment":[{"href":"https:\/\/calibracion.com.mx\/tienda\/wp-json\/wp\/v2\/media?parent=3270"}],"wp:term":[{"taxonomy":"product_cat","embeddable":true,"href":"https:\/\/calibracion.com.mx\/tienda\/wp-json\/wp\/v2\/product_cat?post=3270"},{"taxonomy":"product_tag","embeddable":true,"href":"https:\/\/calibracion.com.mx\/tienda\/wp-json\/wp\/v2\/product_tag?post=3270"}],"curies":[{"name":"wp","href":"https:\/\/api.w.org\/{rel}","templated":true}]}}