{"id":3313,"date":"2023-11-28T16:44:43","date_gmt":"2023-11-28T16:44:43","guid":{"rendered":"https:\/\/calibracion.com.mx\/tienda\/?post_type=product&#038;p=3313"},"modified":"2023-11-28T16:44:43","modified_gmt":"2023-11-28T16:44:43","slug":"multimetro-digital-fluke-289-imsk-con-kit-combinado-de-abrazadera-de-corriente-i400","status":"publish","type":"product","link":"https:\/\/calibracion.com.mx\/tienda\/multimetro-digital-fluke-289-imsk-con-kit-combinado-de-abrazadera-de-corriente-i400\/","title":{"rendered":"Mult\u00edmetro digital fluke 289-imsk con kit combinado de abrazadera de corriente i400"},"content":{"rendered":"<h3>Caracter\u00edsticas<\/h3>\n<ul>\n<li>Registrar varias sesiones o registrar datos continuamente.<\/li>\n<li>Bot\u00f3n i-info en las pantallas de ayuda a bordo para funciones de medici\u00f3n.<\/li>\n<li>Gran cuenta de 50,000, M\u00faltiples conjuntos de informaci\u00f3n de medici\u00f3n pueden mostrarse simult\u00e1neamente al mismo tiempo.<\/li>\n<li>La funci\u00f3n de registro con TrendCapture es una herramienta esencial para documentar el rendimiento. Traza las mediciones como una sola l\u00ednea para ayudar a detectar anomal\u00edas de se\u00f1al a lo largo del tiempo, almacenando hasta 10,000 lecturas. Con TrendCapture integrado, puede ver gr\u00e1ficamente las lecturas registradas sin un PC.<\/li>\n<\/ul>\n<p><strong>Juego de clips de cocodrilo AC72 de FLUKE<\/strong><\/p>\n<ul>\n<li>Pinzas de cocodrilo deslizables (rojo, negro) para TL71\/TL75.<\/li>\n<li>Las mordazas proporcionan una apertura de 8 mm.<\/li>\n<li>CAT IV 600 V, CAT III 1000 V, clasificaci\u00f3n 10 A. Listado por UL.<\/li>\n<\/ul>\n","protected":false},"excerpt":{"rendered":"<p>La funci\u00f3n de registro con TrendCapture es una herramienta esencial para documentar el desempe\u00f1o. Traza las mediciones como una sola l\u00ednea para contribuir a advertir anomal\u00edas de se\u00f1al a lo largo del tiempo, almacenando hasta 10 ,000 lecturas. Con TrendCapture que viene dentro , puede ver gr\u00e1ficamente las lecturas registradas sin un PC.<\/p>\n","protected":false},"featured_media":3315,"template":"","meta":[],"product_cat":[16],"product_tag":[],"class_list":["post-3313","product","type-product","status-publish","has-post-thumbnail","hentry","product_cat-uncategorized"],"_links":{"self":[{"href":"https:\/\/calibracion.com.mx\/tienda\/wp-json\/wp\/v2\/product\/3313","targetHints":{"allow":["GET"]}}],"collection":[{"href":"https:\/\/calibracion.com.mx\/tienda\/wp-json\/wp\/v2\/product"}],"about":[{"href":"https:\/\/calibracion.com.mx\/tienda\/wp-json\/wp\/v2\/types\/product"}],"wp:featuredmedia":[{"embeddable":true,"href":"https:\/\/calibracion.com.mx\/tienda\/wp-json\/wp\/v2\/media\/3315"}],"wp:attachment":[{"href":"https:\/\/calibracion.com.mx\/tienda\/wp-json\/wp\/v2\/media?parent=3313"}],"wp:term":[{"taxonomy":"product_cat","embeddable":true,"href":"https:\/\/calibracion.com.mx\/tienda\/wp-json\/wp\/v2\/product_cat?post=3313"},{"taxonomy":"product_tag","embeddable":true,"href":"https:\/\/calibracion.com.mx\/tienda\/wp-json\/wp\/v2\/product_tag?post=3313"}],"curies":[{"name":"wp","href":"https:\/\/api.w.org\/{rel}","templated":true}]}}