{"id":3833,"date":"2023-12-01T15:56:24","date_gmt":"2023-12-01T15:56:24","guid":{"rendered":"https:\/\/calibracion.com.mx\/tienda\/?post_type=product&#038;p=3833"},"modified":"2023-12-01T15:56:25","modified_gmt":"2023-12-01T15:56:25","slug":"termometro-estandar-fluke-1529-chub-e4-4-canales","status":"publish","type":"product","link":"https:\/\/calibracion.com.mx\/tienda\/termometro-estandar-fluke-1529-chub-e4-4-canales\/","title":{"rendered":"term\u00f3metro est\u00e1ndar fluke 1529 chub-e4, 4 canales"},"content":{"rendered":"<p>Con un rendimiento impresionante con un dise\u00f1o resistente , este term\u00f3metro est\u00e1ndar es ideal para leer termopares, PRT y termistores, todo desde exactamente el mismo dispositivo. Los PRT y los termistores se conectan f\u00e1cilmente al term\u00f3metro a trav\u00e9s de los conectores mini DWF patentados de Fluke Calibration, que admiten terminaciones de cable desvisto , orejeta de pala o mini tap\u00f3n banana, y los termopares se conectan mediante terminaciones est\u00e1ndar o en miniatura. Las mediciones se toman cada segundo de manera simult\u00e1nea o secuencial, y un modo especial de gran velocidad facilita llevar a cabo mediciones en un canal a una agilidad de diez por segundo.<\/p>\n<p>Este term\u00f3metro Chub-E4 muestra 8 campos de datos seleccionados por el usuario desde cualquier canal.<\/p>\n<h3>Funciones<\/h3>\n<ul>\n<li>4 canales para PRT, termistores y termopares.<\/li>\n<li>Registra hasta 8.000 lecturas con marcas de fecha y hora.<\/li>\n<li>La bater\u00eda proporciona 8 horas de funcionamiento continuo.<\/li>\n<\/ul>\n<p><strong>Fluke 1529-156 Especificaciones<\/strong><\/p>\n<table>\n<tbody>\n<tr>\n<td>Entradas<\/td>\n<td>2 canales PRT\/termistor y 2 canales termopar o 4 canales PRT\/termistor o termopar de 4 canales Los canales PRT\/termistor<br \/>\naceptan 2,3 o 4 cables Los canales de termopar<\/p>\n<p>aceptan tipos de<br \/>\ntermopares B, E, J, K, N, R, S, T y Au-Pt<\/td>\n<\/tr>\n<tr>\n<td>Rango de temperatura<\/td>\n<td>PRT: -308 a 1760 \u00b0F (-189 a 960 \u00b0C) Termistor: -58 a 302 \u00b0F (-50 a 150 \u00b0C) Termopar: -454 a 3272 \u00b0F (-270 a 1800 \u00b0C)<\/td>\n<\/tr>\n<tr>\n<td>Rango de medici\u00f3n<\/td>\n<td>PRT: 0 a 400 \u03a9<br \/>\nTermistor: 0 a 500 k\u03a9<br \/>\nTermopar: \u201310 a 100 mV<\/td>\n<\/tr>\n<tr>\n<td>Precisi\u00f3n de resistencia\/voltaje<\/td>\n<td>PRT: 0 a 20 \u03a9: \u00b10.0005, 20 a 400 \u03a9: \u00b125 ppm de lectura Termistor: 0 a 5 k\u03a9: \u00b10.0005 k\u03a9, 5 a 200 k\u03a9: \u00b1100 ppm de lectura, 200 a 500 K\u03a9: \u00b1300 ppm de lectura Termopar: \u201310 a 50 mV: \u00b10.005 mV, 50 a 100 mV: \u00b1100 ppm de lectura<\/p>\n<p>(RJC interno: \u00b10.25\u00b0C)<\/td>\n<\/tr>\n<tr>\n<td colspan=\"2\"><strong>Precisi\u00f3n de temperatura (solo medidor)<\/strong><\/td>\n<\/tr>\n<tr>\n<td>PRT<\/td>\n<td>\u00b10.004\u00b0C a \u2013100\u00b0C \u00b10.006\u00b0C a 0\u00b0C \u00b10.009\u00b0C a 100\u00b0C \u00b10.012\u00b0C a 200\u00b0C \u00b10.018\u00b0C a 400\u00b0C \u00b10.024\u00b0C a 600\u00b0C<\/td>\n<\/tr>\n<tr>\n<td>Termistor<\/td>\n<td>\u00b10.0025\u00b0C a 0\u00b0C \u00b10.0025\u00b0C a 25\u00b0C \u00b10.004\u00b0C a 50\u00b0C \u00b10.010\u00b0C a 75\u00b0C \u00b10.025\u00b0C a 100\u00b0C<\/td>\n<\/tr>\n<tr>\n<td>Termopar (Tipo Ext.\/Int.RJC)<\/td>\n<td>B: \u00b10.6\u00b0C\/\u00b10.6\u00b0C E: \u00b10.07\u00b0C\/\u00b10.25\u00b0C J: \u00b10.1\u00b0C\/\u00b10.35\u00b0C K: \u00b10.15\u00b0C\/\u00b10.4\u00b0C N: \u00b10.15\u00b0C\/\u00b10.3\u00b0C R: \u00b10.4\u00b0C\/\u00b10.5\u00b0C S: \u00b10.5\u00b0C\/\u00b10.6\u00b0C T: \u00b10.1\u00b0C\/\u00b10.3\u00b0C<\/td>\n<\/tr>\n<tr>\n<td>Resoluci\u00f3n de temperatura, t\u00edpica<\/td>\n<td>PRT: 0.001\u00b0 Termistor: 0.0001\u00b0 Termopar: 0.01 a 0.001\u00b0<\/td>\n<\/tr>\n<tr>\n<td colspan=\"2\">Especificaciones generales<\/td>\n<td>Rango de operaci\u00f3n<\/td>\n<td>60.8 a 86\u00b0F (16 a 30\u00b0C)<\/td>\n<\/tr>\n<tr>\n<td>Intervalo de medici\u00f3n<\/td>\n<td>0.1 segundo a 1 hora; Las entradas pueden leerse secuencialmente o simult\u00e1neamente a intervalos de 1 segundo o m\u00e1s<\/td>\n<td><\/td>\n<td><\/td>\n<\/tr>\n<tr>\n<td>Corriente de excitaci\u00f3n<\/td>\n<td>PRT: 1mA (marcha atr\u00e1s)<br \/>\nTermistor: 2 y 10 \u03bcA, seleccionado<br \/>\nautom\u00e1ticamente Termopar: N\/A<\/td>\n<td><\/td>\n<td><\/td>\n<\/tr>\n<tr>\n<td>Monitor<\/td>\n<td>Pantalla gr\u00e1fica LCD retroiluminada de 1,3 x 5\u2033 (33,02 x 127 mm)<\/td>\n<td><\/td>\n<td><\/td>\n<\/tr>\n<tr>\n<td>Unidades de visualizaci\u00f3n<\/td>\n<td>\u00b0C, \u00b0F, K, \u03a9, K\u03a9, mV<\/td>\n<td><\/td>\n<td><\/td>\n<\/tr>\n<tr>\n<td>Registro de datos<\/td>\n<td>Se pueden registrar hasta 8000 mediciones con fecha y hora<\/td>\n<td><\/td>\n<td><\/td>\n<\/tr>\n<tr>\n<td>Intervalos de registro<\/td>\n<td>0.1, 0.2, 0.5, 1, 2, 5, 10, 30 o 60 segundos; 2, 5, 10, 30 o 60 minutos<\/td>\n<td><\/td>\n<td><\/td>\n<\/tr>\n<tr>\n<td>Promedio<\/td>\n<td>Media m\u00f3vil de las lecturas m\u00e1s recientes de 2 a 10, seleccionable por el usuario<\/td>\n<td><\/td>\n<td><\/td>\n<\/tr>\n<tr>\n<td>Datos estad\u00edsticos<\/td>\n<td>Promedio, desviaci\u00f3n est\u00e1ndar, m\u00ednimo, m\u00e1ximo, diferencial, N, diferencia (delta)<\/td>\n<td><\/td>\n<td><\/td>\n<\/tr>\n<tr>\n<td>Conexi\u00f3n de sonda<\/td>\n<td>PRT y termistor: los conectores DWF patentados aceptan terminales de orejetas<br \/>\nde pala, alambre desnudo o enchufe banana Termopar: El recept\u00e1culo universal acepta conectores en miniatura y est\u00e1ndar<\/td>\n<td><\/td>\n<td><\/td>\n<\/tr>\n<tr>\n<td>Comunicaciones<\/td>\n<td>Puerto RS-232 incluido, IEEE-488 (GPIB) opcional<\/td>\n<td><\/td>\n<td><\/td>\n<\/tr>\n<tr>\n<td>Alimentaci\u00f3n de CA<\/td>\n<td>100 a 240 V CA, 50-60 Hz, 0,4 A<\/td>\n<td><\/td>\n<td><\/td>\n<\/tr>\n<tr>\n<td>Alimentaci\u00f3n de CC<\/td>\n<td>12 a 16 VCC, 0,5 A (la bater\u00eda se carga durante el funcionamiento de 14,5 a 16 V CC, 1,0 A)<\/td>\n<td><\/td>\n<td><\/td>\n<\/tr>\n<tr>\n<td>Bater\u00eda<\/td>\n<td>NiMH, 8 horas de funcionamiento t\u00edpico sin luz de fondo, 3 horas para cargar, 500 ciclos<\/td>\n<td><\/td>\n<td><\/td>\n<\/tr>\n<tr>\n<td>Tama\u00f1o<\/td>\n<td>4,0 x 7,5 x 8,2\u2033 (102 x 191 x 208 mm)<\/td>\n<td><\/td>\n<td><\/td>\n<\/tr>\n<tr>\n<td>Peso<\/td>\n<td>4,5 libras (2 kg)<\/td>\n<td><\/td>\n<td><\/td>\n<\/tr>\n<tr>\n<td>Caracterizaci\u00f3n<\/td>\n<td>PRT: ITS-90, PT-100 (ASTM E1137, DIN 43760, IEC-751), Callendar-Van Dusen<br \/>\nTermistor: Steinhart-Hart, YSI-400<br \/>\nTermopar: NIST Monograf\u00eda 175, funci\u00f3n de desviaci\u00f3n de 3 puntos aplicada a NIST 175, polinomio de 6\u00ba orden1529-r-156<\/td>\n<td><\/td>\n<td><\/td>\n<\/tr>\n<\/tbody>\n<\/table>\n","protected":false},"excerpt":{"rendered":"<p>Con un rendimiento impresionante con un dise\u00f1o resistente , este term\u00f3metro est\u00e1ndar es ideal para leer termopares, PRT y termistores, todo desde exactamente el mismo dispositivo. Los PRT y los termistores se conectan f\u00e1cilmente al term\u00f3metro a trav\u00e9s de los conectores mini DWF patentados de Fluke Calibration, que admiten terminaciones de cable desvisto.<\/p>\n","protected":false},"featured_media":3834,"template":"","meta":[],"product_cat":[16],"product_tag":[],"class_list":["post-3833","product","type-product","status-publish","has-post-thumbnail","hentry","product_cat-uncategorized"],"_links":{"self":[{"href":"https:\/\/calibracion.com.mx\/tienda\/wp-json\/wp\/v2\/product\/3833","targetHints":{"allow":["GET"]}}],"collection":[{"href":"https:\/\/calibracion.com.mx\/tienda\/wp-json\/wp\/v2\/product"}],"about":[{"href":"https:\/\/calibracion.com.mx\/tienda\/wp-json\/wp\/v2\/types\/product"}],"wp:featuredmedia":[{"embeddable":true,"href":"https:\/\/calibracion.com.mx\/tienda\/wp-json\/wp\/v2\/media\/3834"}],"wp:attachment":[{"href":"https:\/\/calibracion.com.mx\/tienda\/wp-json\/wp\/v2\/media?parent=3833"}],"wp:term":[{"taxonomy":"product_cat","embeddable":true,"href":"https:\/\/calibracion.com.mx\/tienda\/wp-json\/wp\/v2\/product_cat?post=3833"},{"taxonomy":"product_tag","embeddable":true,"href":"https:\/\/calibracion.com.mx\/tienda\/wp-json\/wp\/v2\/product_tag?post=3833"}],"curies":[{"name":"wp","href":"https:\/\/api.w.org\/{rel}","templated":true}]}}