{"id":3860,"date":"2023-12-01T16:25:14","date_gmt":"2023-12-01T16:25:14","guid":{"rendered":"https:\/\/calibracion.com.mx\/tienda\/?post_type=product&#038;p=3860"},"modified":"2023-12-01T16:25:15","modified_gmt":"2023-12-01T16:25:15","slug":"multimetro-digital-fluke-177-true-rms-con-retroiluminacion","status":"publish","type":"product","link":"https:\/\/calibracion.com.mx\/tienda\/multimetro-digital-fluke-177-true-rms-con-retroiluminacion\/","title":{"rendered":"Mult\u00edmetro digital Fluke 177 True RMS con retroiluminaci\u00f3n"},"content":{"rendered":"<h3>Funciones<\/h3>\n<ul>\n<li>Mide voltaje de CA y CC a 1000 V.<\/li>\n<li>Ofrece mediciones precisas de corriente y voltaje de CA True RMS m\u00e1s frecuencia, capacitancia, resistencia, continuidad y diodos.<\/li>\n<li>Permite la calibraci\u00f3n de la caja cerrada a trav\u00e9s del panel frontal.<\/li>\n<li>Aumenta la productividad con rango manual y autom\u00e1tico, retenci\u00f3n de pantalla, retenci\u00f3n autom\u00e1tica y grabaci\u00f3n promedio m\u00ednima \/ m\u00e1xima.<\/li>\n<li>Seguridad nominal CAT III 1000 V, CAT IV 600 V.<\/li>\n<li>Mult\u00edmetro digital RMS verdadero con las caracter\u00edsticas que prefieren los t\u00e9cnicos profesionales.<\/li>\n<li>Cuenta con pantalla digital con luz de fondo para trabajar con poca luz.<\/li>\n<\/ul>\n<p><strong>Ofrece las caracter\u00edsticas adecuadas para los expertos en mantenimiento el\u00e9ctrico:<\/strong><\/p>\n<p>Con su precisi\u00f3n, fiabilidad y facilidad de uso, este mult\u00edmetro digital es la soluci\u00f3n preferida por los t\u00e9cnicos profesionales de todo el mundo. Probado de forma independiente para un uso seguro en entornos CAT IV 600 V\/CAT III 1000 V, este medidor incluye todas las caracter\u00edsticas que necesita para solucionar y reparar muchos problemas en sistemas el\u00e9ctricos y electr\u00f3nicos.<\/p>\n<p>Con este instrumento, los usuarios obtienen mediciones de voltaje y corriente True RMS, resoluci\u00f3n de 6000 unidades, rango manual y autom\u00e1tico, y mediciones de frecuencia, capacitancia, resistencia, continuidad y diodos. Adem\u00e1s, proporciona una precisi\u00f3n b\u00e1sica del 0,09%, una pantalla digital con gr\u00e1fico de barras anal\u00f3gico y luz de fondo.<\/p>\n<h3>Aplicaciones<\/h3>\n<ul>\n<li>El\u00e9ctrico.<\/li>\n<li>Sistemas electr\u00f3nicos.<\/li>\n<\/ul>\n<h3>Especificaciones de Fluke 177<\/h3>\n<table>\n<tbody>\n<tr>\n<td colspan=\"2\"><strong>Voltaje DC<\/strong><\/td>\n<\/tr>\n<tr>\n<td>Exactitud<\/td>\n<td>\u00b1(0,09% + 2)<\/td>\n<\/tr>\n<tr>\n<td>Resoluci\u00f3n m\u00e1xima<\/td>\n<td>0,1 mV<\/td>\n<\/tr>\n<tr>\n<td>M\u00e1ximo<\/td>\n<td>1000 V<\/td>\n<\/tr>\n<tr>\n<td colspan=\"2\"><strong>Voltaje AC<\/strong><\/td>\n<\/tr>\n<tr>\n<td>Exactitud<\/td>\n<td>\u00b1(1,0% + 3)<\/td>\n<\/tr>\n<tr>\n<td>Resoluci\u00f3n m\u00e1xima<\/td>\n<td>0,1 mV<\/td>\n<\/tr>\n<tr>\n<td>M\u00e1ximo<\/td>\n<td>1000 V<\/td>\n<\/tr>\n<tr>\n<td colspan=\"2\"><strong>DC actual<\/strong><\/td>\n<\/tr>\n<tr>\n<td>Exactitud<\/td>\n<td>\u00b1(1,0% + 3)<\/td>\n<\/tr>\n<tr>\n<td>Resoluci\u00f3n m\u00e1xima<\/td>\n<td>0,01 mA<\/td>\n<\/tr>\n<tr>\n<td>M\u00e1ximo<\/td>\n<td>10 A<\/td>\n<\/tr>\n<tr>\n<td colspan=\"2\"><strong>AC actual<\/strong><\/td>\n<\/tr>\n<tr>\n<td>Exactitud<\/td>\n<td>\u00b1(1,5% + 3)<\/td>\n<\/tr>\n<tr>\n<td>Resoluci\u00f3n m\u00e1xima<\/td>\n<td>0,01 mA<\/td>\n<\/tr>\n<tr>\n<td>M\u00e1ximo<\/td>\n<td>10 A<\/td>\n<\/tr>\n<tr>\n<td colspan=\"2\"><strong>Resistencia<\/strong><\/td>\n<\/tr>\n<tr>\n<td>Exactitud<\/td>\n<td>\u00b1(0,9% + 1)<\/td>\n<\/tr>\n<tr>\n<td>Resoluci\u00f3n m\u00e1xima<\/td>\n<td>0.1 \u03a9<\/td>\n<\/tr>\n<tr>\n<td>M\u00e1ximo<\/td>\n<td>50 M\u03a9<\/td>\n<\/tr>\n<tr>\n<td colspan=\"2\"><strong>Capacitancia<\/strong><\/td>\n<\/tr>\n<tr>\n<td>Exactitud<\/td>\n<td>\u00b1(1,2% + 2)<\/td>\n<\/tr>\n<tr>\n<td>Resoluci\u00f3n m\u00e1xima<\/td>\n<td>1 nF<\/td>\n<\/tr>\n<tr>\n<td>M\u00e1ximo<\/td>\n<td>10,000 \u03bcF<\/td>\n<\/tr>\n<tr>\n<td colspan=\"2\"><strong>Frecuencia<\/strong><\/td>\n<\/tr>\n<tr>\n<td>Exactitud<\/td>\n<td>\u00b1(0,1% + 1)<\/td>\n<\/tr>\n<tr>\n<td>Resoluci\u00f3n m\u00e1xima<\/td>\n<td>0,01 Hz<\/td>\n<\/tr>\n<tr>\n<td>M\u00e1ximo<\/td>\n<td>100 kHz<\/td>\n<\/tr>\n<tr>\n<td colspan=\"2\"><strong>Especificaciones ambientales<\/strong><\/td>\n<\/tr>\n<tr>\n<td>Temperatura de funcionamiento<\/td>\n<td>14 a 122\u00b0F (-10 a 50\u00b0C)<\/td>\n<\/tr>\n<tr>\n<td>Temperatura de almacenamiento<\/td>\n<td>-22 a 140\u00b0F (-30 a 60\u00b0C)<\/td>\n<\/tr>\n<tr>\n<td>Humedad (sin condensaci\u00f3n)<\/td>\n<td>0 a 90% a 32 a 95\u00b0F (0 a 35\u00b0C) 0 a 70% a 95 a 122\u00b0F (35 a 50\u00b0C)<\/td>\n<\/tr>\n<tr>\n<td colspan=\"2\"><strong>Especificaciones de seguridad<\/strong><\/td>\n<\/tr>\n<tr>\n<td>Categor\u00eda de sobretensi\u00f3n<\/td>\n<td>EN 61010\u20131 a 1000 V CAT III<br \/>\nEN 61010\u20131 A 600 V CAT IV<\/td>\n<\/tr>\n<tr>\n<td>Aprobaciones de agencias<\/td>\n<td>Listado en UL, CSA, T\u00dcV y VDE pendiente<\/td>\n<\/tr>\n<tr>\n<td colspan=\"2\"><strong>Especificaciones generales<\/strong><\/td>\n<\/tr>\n<tr>\n<td>Duraci\u00f3n de la bater\u00eda<\/td>\n<td>Alcalino aproximadamente 200 horas t\u00edpico, sin luz de fondo<\/td>\n<\/tr>\n<tr>\n<td>Dimensiones<\/td>\n<td>1,7 x 3,5 x 7,3\u2033 (43 x 90 x 185 mm)<\/td>\n<\/tr>\n<tr>\n<td>Peso<\/td>\n<td>14,8 onzas (420 g)<\/td>\n<\/tr>\n<\/tbody>\n<\/table>\n","protected":false},"excerpt":{"rendered":"<p>Solucionar y arreglar inconvenientes en sistemas el\u00e9ctricos y electr\u00f3nicos. Adem\u00e1s de esto , este medidor es perfecto para profesionales expertos gracias a su precisi\u00f3n, confiabilidad y sencillez de uso , adjuntado con una clasificaci\u00f3n CAT IV 600 V \/ CAT III 1000V.<\/p>\n","protected":false},"featured_media":3864,"template":"","meta":[],"product_cat":[16],"product_tag":[],"class_list":["post-3860","product","type-product","status-publish","has-post-thumbnail","hentry","product_cat-uncategorized"],"_links":{"self":[{"href":"https:\/\/calibracion.com.mx\/tienda\/wp-json\/wp\/v2\/product\/3860","targetHints":{"allow":["GET"]}}],"collection":[{"href":"https:\/\/calibracion.com.mx\/tienda\/wp-json\/wp\/v2\/product"}],"about":[{"href":"https:\/\/calibracion.com.mx\/tienda\/wp-json\/wp\/v2\/types\/product"}],"wp:featuredmedia":[{"embeddable":true,"href":"https:\/\/calibracion.com.mx\/tienda\/wp-json\/wp\/v2\/media\/3864"}],"wp:attachment":[{"href":"https:\/\/calibracion.com.mx\/tienda\/wp-json\/wp\/v2\/media?parent=3860"}],"wp:term":[{"taxonomy":"product_cat","embeddable":true,"href":"https:\/\/calibracion.com.mx\/tienda\/wp-json\/wp\/v2\/product_cat?post=3860"},{"taxonomy":"product_tag","embeddable":true,"href":"https:\/\/calibracion.com.mx\/tienda\/wp-json\/wp\/v2\/product_tag?post=3860"}],"curies":[{"name":"wp","href":"https:\/\/api.w.org\/{rel}","templated":true}]}}