{"id":3876,"date":"2023-12-01T16:45:48","date_gmt":"2023-12-01T16:45:48","guid":{"rendered":"https:\/\/calibracion.com.mx\/tienda\/?post_type=product&#038;p=3876"},"modified":"2023-12-01T16:45:49","modified_gmt":"2023-12-01T16:45:49","slug":"termometro-de-referencia-fluke-1523-p3-con-5627a-prt-328-a-1220f-100%cf%89","status":"publish","type":"product","link":"https:\/\/calibracion.com.mx\/tienda\/termometro-de-referencia-fluke-1523-p3-con-5627a-prt-328-a-1220f-100%cf%89\/","title":{"rendered":"term\u00f3metro de referencia fluke 1523-p3 con 5627a prt, -328 a 1220\u00b0f, 100\u03c9"},"content":{"rendered":"<h3>Funciones<\/h3>\n<ul>\n<li>Pantalla gr\u00e1fica LCD retroiluminada.<\/li>\n<li>Lecturas simult\u00e1neas de doble canal.<\/li>\n<li>Alta precisi\u00f3n.<\/li>\n<li>Modo r\u00e1pido.<\/li>\n<li>Trazar y escalar tendencias en tiempo real.<\/li>\n<li>Tres tipos de sensores (PRT, termopares y termistores de precisi\u00f3n).<\/li>\n<\/ul>\n<p><strong>Realice mediciones precisas y consistentes\u2026 en cualquier parte.<\/strong><\/p>\n<p>Este instrumento utiliza una t\u00e9cnica llamada inversi\u00f3n de corriente en instrumentos de gama alta para eliminar los campos electromagn\u00e9ticos t\u00e9rmicos, para mediciones de temperatura de precisi\u00f3n. Las resistencias de precisi\u00f3n particulares y una fuente de voltaje de referencia altamente permanente sostienen la precisi\u00f3n de este term\u00f3metro de referencia pr\u00e1cticamente insensible a la temperatura ambiental. Adem\u00e1s de esto , puede aguantar estrictas pruebas en temperaturas extremas y bajo duras condiciones de vibraci\u00f3n, lo que deja a los profesionales llevarlos a cualquier lugar que precisen ir.<\/p>\n<p><strong>Los conectores INFO-CON garantizan una correcta conversi\u00f3n de temperatura<\/strong><\/p>\n<p>Dentro del INFO-CON, un chip de memoria sostiene la informaci\u00f3n de calibraci\u00f3n para la sonda conectada. Simplemente conectando la sonda se carga la informaci\u00f3n a la lectura, lo que garantiza la conversi\u00f3n de temperatura correcta para mediciones exactas y sin adversidades.<\/p>\n<p>Las sondas tienen la posibilidad de bloquearse con contrase\u00f1a para canales y lecturas espec\u00edficas por seguridad o para la trazabilidad de la medici\u00f3n del sistema. Enchufe cualquier termopar con conectores de minitermopar en un adaptador de termopar universal opcional para una medici\u00f3n favorable. Cada adaptador de termopar o conector est\u00e1ndar admite la compensaci\u00f3n de uni\u00f3n de referencia (RJC) con su propio termistor interno de precisi\u00f3n.<\/p>\n<p><strong>Monitorear tendencias en el laboratorio o en el campo<\/strong><\/p>\n<p>Vea las tendencias gr\u00e1ficamente en la pantalla LCD retroiluminada de 128 x 64. Puede mudar la resoluci\u00f3n del gr\u00e1fico con solo tocar un bot\u00f3n. Ahora es simple ver cu\u00e1ndo la temperatura es permanente , sin estad\u00edsticas ni largos retrasos, o monitorear los procesos en todo el tiempo para verificar el acertado funcionamiento.<\/p>\n<p>Documente bajo demanda hasta 25 lecturas y estad\u00edsticas asociadas para una simple recuperaci\u00f3n. Puede ver los datos mediante la pantalla o carg\u00e1ndolos en un PC mediante la conexi\u00f3n RS-232 y el software 9940, incluido de forma gratuita. Para supervisar y registrar mucho m\u00e1s datos en todo el tiempo, utilice un PC y el software opcional LogWare II.<\/p>\n<p>Los adaptadores RS-232 a USB est\u00e1n libres para aquellos que eligen conectores USB. La energ\u00eda de la bater\u00eda dura al menos 20 horas con tres pilas AA, o utilice el adaptador de alimentaci\u00f3n de CC a lo largo de largos periodos de medici\u00f3n. Las funcionalidades de ahorro de energ\u00eda se tienen la posibilidad de activar o deshabilitar para una mayor duraci\u00f3n de la bater\u00eda o una mayor tranquilidad.<\/p>\n<h3>Aplicaciones<\/h3>\n<ul>\n<li>Puesta en marcha de la planta.<\/li>\n<li>Soluci\u00f3n de problemas.<\/li>\n<li>Reparar.<\/li>\n<li>Comprobaci\u00f3n de bucle.<\/li>\n<li>Calibraci\u00f3n.<\/li>\n<li>Referencia de temperatura en ba\u00f1os, calibradores de bloque seco, termopozo, salas limpias, motores, intercambiadores de calor, hornos, congeladores o cualquier otra cosa que deba calibrarse, verificarse o mantenerse.<\/li>\n<li>Mantenimiento.<\/li>\n<\/ul>\n<h4>Especificaciones de Fluke 1523-P3<\/h4>\n<table class=\"table table-striped\">\n<tbody>\n<tr>\n<td>Canales de entrada<\/td>\n<td>1<\/td>\n<\/tr>\n<tr>\n<td>Resoluci\u00f3n<\/td>\n<td>PRTs y termistores: 0.001\u00b0 Termopares: 0.01\u00b0<\/td>\n<\/tr>\n<tr>\n<td>Registro<\/td>\n<td>25 lecturas con estad\u00edsticas<\/td>\n<\/tr>\n<tr>\n<td>Intervalo de muestra (normal)<\/td>\n<td>1 segundo<\/td>\n<\/tr>\n<tr>\n<td>Intervalo de muestra t\u00edpico (modo r\u00e1pido)<\/td>\n<td>0.3 segundos<\/td>\n<\/tr>\n<tr>\n<td>Tipos de sensores<\/td>\n<td>PRT, RTD, termistores y termopares<\/td>\n<\/tr>\n<tr>\n<td>Tipos de termopares<\/td>\n<td>C, E, J, K, L, M, N, T, U, B, R, S<\/td>\n<\/tr>\n<tr>\n<td>Estad\u00edstica<\/td>\n<td>M\u00e1ximo, m\u00ednimo, promedio, desviaci\u00f3n est\u00e1ndar<\/td>\n<\/tr>\n<tr>\n<td>Tendencias<\/td>\n<td>Escala: \u00b118 \u00b0F (10 \u00b0C), \u00b11,8 \u00b0F (1 \u00b0C), \u00b10,18 \u00b0F (0,1 \u00b0C), \u00b10,018 \u00b0F (0,01 \u00b0C), 10 minutos de datos en tiempo real<\/td>\n<\/tr>\n<tr>\n<td>Requisitos de alimentaci\u00f3n<\/td>\n<td>3 pilas alcalinas AA, fuente de alimentaci\u00f3n universal de 12 V cc<\/td>\n<\/tr>\n<tr>\n<td>Interfaz de computadora<\/td>\n<td>Software RS-232, 9940 I\/O ToolKit incluido<\/td>\n<\/tr>\n<tr>\n<td>Condiciones ambientales para una mayor precisi\u00f3n<\/td>\n<td>55.4 a 91.4\u00b0F (13 a 33\u00b0C)<\/td>\n<\/tr>\n<tr>\n<td>Rango y precisi\u00f3n de milivoltios<\/td>\n<td>10 a 75 mV, \u00b1 (0,005% + 5 \u03bcV)<\/td>\n<\/tr>\n<tr>\n<td>Compensaci\u00f3n del cruce de referencia interno<\/td>\n<td>\u00b10.36\u00b0F (\u00b10.2\u00b0C)<\/td>\n<\/tr>\n<tr>\n<td>Rango de resistencia y precisi\u00f3n<\/td>\n<td>0 a 400 \u03a9 \u00b1 (0,004% + 0,002 \u03a9) 200 \u03a9 a 50 k\u03a9 \u00b1 (0,01% + 0,5 \u03a9)&nbsp;<\/p>\n<p>50 a 500 k\u03a9 \u00b1 (0,03 %)<\/td>\n<\/tr>\n<tr>\n<td>Coeficiente de temperatura, voltaje<\/td>\n<td>\u00b1(0.001%\/\u00b0C + 1 mV\/\u00b0C)<\/td>\n<\/tr>\n<tr>\n<td>Coeficiente de temperatura, resistencia<\/td>\n<td>0,0008%\/\u00b0C + 0,0004 \u03a9 (0 a 400 \u03a9) 0,002%\/\u00b0C + 0,1 \u03a9 (0 \u03a9 a 50 k\u03a9) 0,06%\/\u00b0C + 0,1 \u03a9 (50 a 500 k\u03a9)<\/td>\n<\/tr>\n<tr>\n<td>Corriente de excitaci\u00f3n, resistencia<\/td>\n<td>1 mA (0 a 400 \u03a9) 10 \u03bcA (0 \u03a9 a 50 k\u03a9) 2 \u03bcA (50 a 500 k\u03a9)<\/td>\n<\/tr>\n<tr>\n<td>Seguridad<\/td>\n<td>EN61010-1:2001, CAN\/CSA C22.2 No. 61010.1-04<\/td>\n<\/tr>\n<tr>\n<td>Dimensiones<\/td>\n<td>3,75 x 7,9 x 1,86\u2033 (96 x 200 x 47 mm)<\/td>\n<\/tr>\n<tr>\n<td>Peso<\/td>\n<td>1,45 kg (0,65 lb)<\/td>\n<\/tr>\n<\/tbody>\n<\/table>\n","protected":false},"excerpt":{"rendered":"<p><strong>Funciones<\/strong><\/p>\n<ul>\n<li>Tres tipos de sensores (PRT, termopares y termistores de precisi\u00f3n)<\/li>\n<li>Modo r\u00e1pido<\/li>\n<li>Pantalla gr\u00e1fica LCD retroiluminada<\/li>\n<li>Trazar y escalar tendencias en tiempo real<\/li>\n<li>Lecturas simult\u00e1neas de doble canal<\/li>\n<li>Alta precisi\u00f3n<\/li>\n<\/ul>\n","protected":false},"featured_media":3880,"template":"","meta":[],"product_cat":[16],"product_tag":[],"class_list":["post-3876","product","type-product","status-publish","has-post-thumbnail","hentry","product_cat-uncategorized"],"_links":{"self":[{"href":"https:\/\/calibracion.com.mx\/tienda\/wp-json\/wp\/v2\/product\/3876","targetHints":{"allow":["GET"]}}],"collection":[{"href":"https:\/\/calibracion.com.mx\/tienda\/wp-json\/wp\/v2\/product"}],"about":[{"href":"https:\/\/calibracion.com.mx\/tienda\/wp-json\/wp\/v2\/types\/product"}],"wp:featuredmedia":[{"embeddable":true,"href":"https:\/\/calibracion.com.mx\/tienda\/wp-json\/wp\/v2\/media\/3880"}],"wp:attachment":[{"href":"https:\/\/calibracion.com.mx\/tienda\/wp-json\/wp\/v2\/media?parent=3876"}],"wp:term":[{"taxonomy":"product_cat","embeddable":true,"href":"https:\/\/calibracion.com.mx\/tienda\/wp-json\/wp\/v2\/product_cat?post=3876"},{"taxonomy":"product_tag","embeddable":true,"href":"https:\/\/calibracion.com.mx\/tienda\/wp-json\/wp\/v2\/product_tag?post=3876"}],"curies":[{"name":"wp","href":"https:\/\/api.w.org\/{rel}","templated":true}]}}