{"id":3985,"date":"2023-12-01T20:25:47","date_gmt":"2023-12-01T20:25:47","guid":{"rendered":"https:\/\/calibracion.com.mx\/tienda\/?post_type=product&#038;p=3985"},"modified":"2023-12-01T20:25:48","modified_gmt":"2023-12-01T20:25:48","slug":"termometro-digital-de-doble-entrada-fluke-52-2-cal-con-certificado-de-calibracion","status":"publish","type":"product","link":"https:\/\/calibracion.com.mx\/tienda\/termometro-digital-de-doble-entrada-fluke-52-2-cal-con-certificado-de-calibracion\/","title":{"rendered":"term\u00f3metro digital de doble entrada fluke 52-2 cal con certificado de calibraci\u00f3n"},"content":{"rendered":"<p>El term\u00f3metro digital de doble entrada Fluke 52-2 CAL con certificado de calibraci\u00f3n proporciona mediciones de temperatura precisas para mayor seguridad y rigidez. Se puede acceder a los resultados y cambios desde el panel frontal y la gran pantalla integrada en el term\u00f3metro. Los desenlaces de la medici\u00f3n se muestran r\u00e1pidamente para dar al usuario m\u00e1s tiempo para investigar los desenlaces y completar la operaci\u00f3n.<\/p>\n<h3>Funciones<\/h3>\n<ul>\n<li>Utiliza sensores J, K, T y E para recopilar datos de temperatura.<\/li>\n<li>El term\u00f3metro de mano permite el acceso a cualquier parte del lugar de trabajo.<\/li>\n<li>Proporciona mediciones r\u00e1pidas de equipos de operaci\u00f3n.<\/li>\n<li>Pantalla integrada y panel f\u00e1cil de usar.<\/li>\n<\/ul>\n<h4>Especificaciones de Fluke 52-2 CAL<\/h4>\n<table class=\"table table-striped\">\n<tbody>\n<tr>\n<td>Exactitud<\/td>\n<td>0.05%<\/td>\n<\/tr>\n<tr>\n<td>Compatibilidad<\/td>\n<td>Sensores J, K, T y E<\/td>\n<\/tr>\n<\/tbody>\n<\/table>\n","protected":false},"excerpt":{"rendered":"<p>El term\u00f3metro digital de doble entrada Fluke 52-2 CAL con certificado de calibraci\u00f3n proporciona mediciones de temperatura precisas para mayor seguridad y rigidez. Se puede acceder a los resultados y cambios desde el panel frontal y la gran pantalla integrada en el term\u00f3metro.<\/p>\n","protected":false},"featured_media":3988,"template":"","meta":[],"product_cat":[16],"product_tag":[],"class_list":["post-3985","product","type-product","status-publish","has-post-thumbnail","hentry","product_cat-uncategorized"],"_links":{"self":[{"href":"https:\/\/calibracion.com.mx\/tienda\/wp-json\/wp\/v2\/product\/3985","targetHints":{"allow":["GET"]}}],"collection":[{"href":"https:\/\/calibracion.com.mx\/tienda\/wp-json\/wp\/v2\/product"}],"about":[{"href":"https:\/\/calibracion.com.mx\/tienda\/wp-json\/wp\/v2\/types\/product"}],"wp:featuredmedia":[{"embeddable":true,"href":"https:\/\/calibracion.com.mx\/tienda\/wp-json\/wp\/v2\/media\/3988"}],"wp:attachment":[{"href":"https:\/\/calibracion.com.mx\/tienda\/wp-json\/wp\/v2\/media?parent=3985"}],"wp:term":[{"taxonomy":"product_cat","embeddable":true,"href":"https:\/\/calibracion.com.mx\/tienda\/wp-json\/wp\/v2\/product_cat?post=3985"},{"taxonomy":"product_tag","embeddable":true,"href":"https:\/\/calibracion.com.mx\/tienda\/wp-json\/wp\/v2\/product_tag?post=3985"}],"curies":[{"name":"wp","href":"https:\/\/api.w.org\/{rel}","templated":true}]}}