{"id":4011,"date":"2023-12-04T14:15:08","date_gmt":"2023-12-04T14:15:08","guid":{"rendered":"https:\/\/calibracion.com.mx\/tienda\/?post_type=product&#038;p=4011"},"modified":"2023-12-04T14:15:10","modified_gmt":"2023-12-04T14:15:10","slug":"termometro-de-temperatura-de-contacto-e-infrarrojo-ir-fluke-568","status":"publish","type":"product","link":"https:\/\/calibracion.com.mx\/tienda\/termometro-de-temperatura-de-contacto-e-infrarrojo-ir-fluke-568\/","title":{"rendered":"term\u00f3metro de temperatura de contacto e infrarrojo (ir) fluke 568"},"content":{"rendered":"<p>La combinaci\u00f3n de un term\u00f3metro de contacto y sin contacto en una herramienta compacta. Proporciona un rango de temperatura m\u00e1s extenso y caracter\u00edsticas controladas mediante una pantalla gr\u00e1fica intuitiva y un men\u00fa. Viene con una plataforma de trabajo de men\u00fa simple en pantalla de tres botones (en 7 idiomas ), que es r\u00e1pida de utilizar y facilita incluso las mediciones complejas. Con solo apretar un bot\u00f3n, los individuos tienen la posibilidad de cambiar la emisividad, registrar datos o encender y desactivar alarmas. La relaci\u00f3n distancia-punto de 50:1 permite a los individuos medir elementos mucho m\u00e1s peque\u00f1os desde mucho m\u00e1s lejos. Adem\u00e1s , puede contar con esta herramienta para hacer frente a entornos industriales, el\u00e9ctricos, HVAC y mec\u00e1nicos bien dif\u00edciles para asistirlo a trabajar de manera mucho m\u00e1s eficaz en mucho m\u00e1s aplicaciones.<\/p>\n<h3>Funciones<\/h3>\n<ul>\n<li>Permite un f\u00e1cil acceso a funciones avanzadas con botones de teclas programables y pantalla gr\u00e1fica.<\/li>\n<li>Se puede alimentar desde su computadora port\u00e1til a trav\u00e9s del USB para prolongar la duraci\u00f3n de la bater\u00eda.<\/li>\n<li>Relaci\u00f3n distancia-punto de 50:1.<\/li>\n<li>Se adapta f\u00e1cilmente a las condiciones de iluminaci\u00f3n con una retroiluminaci\u00f3n de dos niveles.<\/li>\n<li>Le permite medir con confianza una amplia variedad de superficies con emisividad ajustable y una mesa de materiales incorporada.<\/li>\n<li>Funciona con la mayor\u00eda de los termopares tipo K.<\/li>\n<li>Proporciona una precisi\u00f3n de medici\u00f3n del 1%.<\/li>\n<li>Identifica r\u00e1pidamente problemas con las funciones MIN, MAX, AVG y DIF.<\/li>\n<li>Captura hasta 99 puntos de datos para una descarga r\u00e1pida a un PC a trav\u00e9s de la conexi\u00f3n USB.<\/li>\n<li>Alerta instant\u00e1neamente sobre mediciones fuera de los l\u00edmites establecidos con alarmas audibles y visuales.<\/li>\n<li>Dise\u00f1o robusto y ergon\u00f3mico.<\/li>\n<li>Term\u00f3metro de contacto y sin contacto en uno.<\/li>\n<li>Software FlukeView Forms para facilitar el an\u00e1lisis de tendencias y datos.<\/li>\n<\/ul>\n<h3>Aplicaciones<\/h3>\n<ul>\n<li>HVAC\/R.<\/li>\n<li>Industrial.<\/li>\n<li>El\u00e9ctrico.<\/li>\n<li>Mec\u00e1nico.<\/li>\n<\/ul>\n<div class=\"woocommerce-tabs wc-tabs-wrapper\">\n<h3>Especificaciones de Fluke 568<\/h3>\n<table>\n<tbody>\n<tr>\n<td>Rango de temperatura infrarroja<\/td>\n<td>-40 a 1472\u00b0F (-40 a 800\u00b0C)<\/td>\n<\/tr>\n<tr>\n<td>Precisi\u00f3n infrarroja<\/td>\n<td>&lt;32 \u00b0F (0 \u00b0C): \u00b1(2,0 \u00b0F (\u00b11,0 \u00b0C) + 0,1 \u00b0\/1 \u00b0C o \u00b0F)<br \/>\n&gt;32 \u00b0F (0 \u00b0C): \u00b11 % o \u00b12,0 \u00b0F (\u00b11,0 \u00b0C), lo que sea mayor<\/td>\n<\/tr>\n<tr>\n<td>Resoluci\u00f3n de pantalla<\/td>\n<td>0.1\u00b0F (0.1\u00b0C)<\/td>\n<\/tr>\n<tr>\n<td>Respuesta espectral infrarroja<\/td>\n<td>8 a 14 \u03bcm<\/td>\n<\/tr>\n<tr>\n<td>Tiempo de respuesta infrarrojo<\/td>\n<td>&lt;500 mseg<\/td>\n<\/tr>\n<tr>\n<td>Rango de temperatura de entrada de termopar tipo K<\/td>\n<td>-454 a 2501\u00b0F (-270 a 1372\u00b0C)<\/td>\n<\/tr>\n<tr>\n<td>Precisi\u00f3n de entrada del termopar tipo K<\/td>\n<td>-454 a -40 \u00b0F (-270 a -40 \u00b0C): \u00b12 \u00b0F + 0,2 \u00b0\/1 \u00b0F (\u00b11 \u00b0C + 0,2 \u00b0\/1 \u00b0C) -40 a 2501,6 \u00b0F (-40 a 1372 \u00b0C): \u00b11% o 2 \u00b0F (\u00b11% o 1 \u00b0C)<\/td>\n<\/tr>\n<tr>\n<td>D:S (tama\u00f1o del punto de medici\u00f3n de la distancia)<\/td>\n<td>50:1<\/td>\n<\/tr>\n<tr>\n<td>Avistamiento l\u00e1ser<\/td>\n<td>L\u00e1ser de un solo punto &lt;1 mw de salida Clase 2 (II), 630 a 670 nm<\/td>\n<\/tr>\n<tr>\n<td>Tama\u00f1o m\u00ednimo del punto<\/td>\n<td>0 mm (75,19\u2033)<\/td>\n<\/tr>\n<tr>\n<td>Ajuste de emisividad<\/td>\n<td>Por mesa incorporada de materiales comunes o ajustable digitalmente de 0.10 a 1.00 por 0.01<\/td>\n<\/tr>\n<tr>\n<td>Almacenamiento de datos con sello de fecha y hora<\/td>\n<td>99 puntos<\/td>\n<\/tr>\n<tr>\n<td>Interfaz de PC y cable<\/td>\n<td>USB 2.0 con el software FlukeView\u00ae Forms<\/td>\n<\/tr>\n<tr>\n<td>Alarmas altas\/bajas<\/td>\n<td>Visual audible y bicolor<\/td>\n<\/tr>\n<tr>\n<td>M\u00edn.\/M\u00e1x.\/Promedio\/DIF<\/td>\n<td>S\u00ed<\/td>\n<\/tr>\n<tr>\n<td>Monitor<\/td>\n<td>Matriz de puntos 98 x 96 p\u00edxeles con men\u00fas de funciones<\/td>\n<\/tr>\n<tr>\n<td>Luz de fondo<\/td>\n<td>Dos niveles, normal y extra brillante para ambientes m\u00e1s oscuros<\/td>\n<\/tr>\n<tr>\n<td>Bloqueo del gatillo<\/td>\n<td>S\u00ed<\/td>\n<\/tr>\n<tr>\n<td>Conmutable Celsius y Fahrenheit<\/td>\n<td>S\u00ed<\/td>\n<\/tr>\n<tr>\n<td>Poder<\/td>\n<td>2 pilas AA\/LR6 y USB cuando se utiliza con un PC<\/td>\n<\/tr>\n<tr>\n<td>Duraci\u00f3n de la bater\u00eda<\/td>\n<td>L\u00e1ser y luz de fondo encendidos, 12 horas utilizadas continuamente L\u00e1ser y retroiluminaci\u00f3n apagadas, 100 horas utilizadas continuamente<\/td>\n<\/tr>\n<tr>\n<td>Temperatura de funcionamiento<\/td>\n<td>De 32 a 122 \u00b0C (de 0 a 50 \u00b0F)<\/td>\n<\/tr>\n<tr>\n<td>Temperatura de almacenamiento<\/td>\n<td>-40 a 140\u00b0F (-20 a 60\u00b0C)<\/td>\n<\/tr>\n<tr>\n<td>Gama de termopar de cuentas tipo K<\/td>\n<td>-40 a 500\u00b0F (-40 a 260\u00b0C)<\/td>\n<\/tr>\n<tr>\n<td>Precisi\u00f3n del termopar de cuentas tipo K<\/td>\n<td>\u00b12.0 \u00b0 F (1.1 \u00b0 C) de 32 a 500 \u00b0 F (0 a 260 \u00b0 C), generalmente dentro de 2.0 \u00b0 F (1.1 \u00b0 C) de -40 a 32 \u00b0 F (-40 a 0 \u00b0 C)<\/td>\n<\/tr>\n<\/tbody>\n<\/table>\n<\/div>\n","protected":false},"excerpt":{"rendered":"<p>La combinaci\u00f3n de un term\u00f3metro de contacto y sin contacto en una herramienta compacta. Proporciona un rango de temperatura m\u00e1s extenso y caracter\u00edsticas controladas mediante una pantalla gr\u00e1fica intuitiva y un men\u00fa. Viene con una plataforma de trabajo de men\u00fa simple en pantalla de tres botones (en 7 idiomas ).<\/p>\n","protected":false},"featured_media":4012,"template":"","meta":[],"product_cat":[16],"product_tag":[],"class_list":["post-4011","product","type-product","status-publish","has-post-thumbnail","hentry","product_cat-uncategorized"],"_links":{"self":[{"href":"https:\/\/calibracion.com.mx\/tienda\/wp-json\/wp\/v2\/product\/4011","targetHints":{"allow":["GET"]}}],"collection":[{"href":"https:\/\/calibracion.com.mx\/tienda\/wp-json\/wp\/v2\/product"}],"about":[{"href":"https:\/\/calibracion.com.mx\/tienda\/wp-json\/wp\/v2\/types\/product"}],"wp:featuredmedia":[{"embeddable":true,"href":"https:\/\/calibracion.com.mx\/tienda\/wp-json\/wp\/v2\/media\/4012"}],"wp:attachment":[{"href":"https:\/\/calibracion.com.mx\/tienda\/wp-json\/wp\/v2\/media?parent=4011"}],"wp:term":[{"taxonomy":"product_cat","embeddable":true,"href":"https:\/\/calibracion.com.mx\/tienda\/wp-json\/wp\/v2\/product_cat?post=4011"},{"taxonomy":"product_tag","embeddable":true,"href":"https:\/\/calibracion.com.mx\/tienda\/wp-json\/wp\/v2\/product_tag?post=4011"}],"curies":[{"name":"wp","href":"https:\/\/api.w.org\/{rel}","templated":true}]}}