{"id":4046,"date":"2023-12-04T14:44:35","date_gmt":"2023-12-04T14:44:35","guid":{"rendered":"https:\/\/calibracion.com.mx\/tienda\/?post_type=product&#038;p=4046"},"modified":"2023-12-04T14:44:36","modified_gmt":"2023-12-04T14:44:36","slug":"termometro-digital-de-doble-entrada-fluke-54-2-b-con-registro-de-datos","status":"publish","type":"product","link":"https:\/\/calibracion.com.mx\/tienda\/termometro-digital-de-doble-entrada-fluke-54-2-b-con-registro-de-datos\/","title":{"rendered":"term\u00f3metro digital de doble entrada fluke 54-2-b con registro de datos"},"content":{"rendered":"<h3>Funciones<\/h3>\n<ul>\n<li>La funci\u00f3n de recuperaci\u00f3n permite que los datos registrados se revisen f\u00e1cilmente en la pantalla del medidor.<\/li>\n<li>Lectura en \u00b0C, \u00b0F o Kelvin (K).<\/li>\n<li>Registro de datos de hasta 500 puntos de datos con intervalo de grabaci\u00f3n ajustable por el usuario.<\/li>\n<li>La gran pantalla dual retroiluminada muestra cualquier combinaci\u00f3n de T1, T2, m\u00e1s MIN, MAX o AVG.<\/li>\n<li>El panel frontal f\u00e1cil de usar es f\u00e1cil de configurar y operar.<\/li>\n<li>El puerto de comunicaci\u00f3n USB por infrarrojos permite exportar los datos al software opcional FlukeView Forms Temperature PC para su posterior an\u00e1lisis y representaci\u00f3n gr\u00e1fica.<\/li>\n<li>El modo de suspensi\u00f3n aumenta la duraci\u00f3n de la bater\u00eda; Duraci\u00f3n t\u00edpica de la bater\u00eda de 1000 horas.<\/li>\n<li>El reloj de tiempo relativo en MIN, MAX y AVG proporciona una referencia de tiempo para eventos importantes.<\/li>\n<li>La tapa de la bater\u00eda permite un f\u00e1cil reemplazo de la bater\u00eda sin romper el sello de calibraci\u00f3n.<\/li>\n<li>Funda resistente a salpicaduras y polvo protegida por funda absorbente de impactos.<\/li>\n<li>Mide termopares tipo J, K, T, E, R, S y N.<\/li>\n<li>La funci\u00f3n de compensaci\u00f3n electr\u00f3nica permite compensar los errores del termopar para maximizar la precisi\u00f3n general.<\/li>\n<\/ul>\n<h3>Aplicaciones<\/h3>\n<ul>\n<li>QA.<\/li>\n<li>Laboratorio.<\/li>\n<li>Calibraci\u00f3n de procesos.<\/li>\n<li>HVAC\/R.<\/li>\n<li>Seguridad alimentaria.<\/li>\n<\/ul>\n<h3>Especificaciones de Fluke 54-II-B<\/h3>\n<table class=\"table table-striped\">\n<tbody>\n<tr>\n<td colspan=\"2\"><strong>Precisi\u00f3n de temperatura<\/strong><\/td>\n<\/tr>\n<tr>\n<td>Por encima de -100\u00b0C<\/td>\n<td>Tipo J, K, T y E: \u00b1[0.05% + 0.3\u00b0C] Tipo R y S: \u00b1[0.05% + 0.4\u00b0C]<\/td>\n<\/tr>\n<tr>\n<td>Por debajo de -100\u00b0C<\/td>\n<td>J, K y E: \u00b1[0.20% + 0.3\u00b0C] Tipo T: \u00b1[0.50% + 0.3\u00b0C]<\/td>\n<\/tr>\n<tr>\n<td colspan=\"2\"><strong>Temperatura<\/strong><\/td>\n<\/tr>\n<tr>\n<td>Tipo J<\/td>\n<td>-346 a 2192\u00b0F (-210 a 1200\u00b0C)<\/td>\n<\/tr>\n<tr>\n<td>Tipo K<\/td>\n<td>-328 a 2501.6\u00b0F (-200 a 1372\u00b0C)<\/td>\n<\/tr>\n<tr>\n<td>Tipo T<\/td>\n<td>-418 a 752\u00b0F (-250 a 400\u00b0C)<\/td>\n<\/tr>\n<tr>\n<td>Tipo E<\/td>\n<td>-238 a 1832\u00b0F (-150 a 1000\u00b0C)<\/td>\n<\/tr>\n<tr>\n<td>Tipo N<\/td>\n<td>-328 a 2372\u00b0F (-200 a 1300\u00b0C)<\/td>\n<\/tr>\n<tr>\n<td>Tipo R y S<\/td>\n<td>32 a 3212.6\u00b0F (0 a 1767\u00b0C)<\/td>\n<\/tr>\n<tr>\n<td>Escala de temperatura<\/td>\n<td>ITS-90<\/td>\n<\/tr>\n<tr>\n<td>Normas aplicables<\/td>\n<td>NIST-175<\/td>\n<\/tr>\n<tr>\n<td>Resoluci\u00f3n de pantalla<\/td>\n<td>0.1\u00b0C, 0.1 K &lt;1000 1\u00b0C,<br \/>\n1 K \u22651000<\/td>\n<\/tr>\n<tr>\n<td colspan=\"2\"><strong>Especificaciones ambientales<\/strong><\/td>\n<\/tr>\n<tr>\n<td>Temperatura de funcionamiento<\/td>\n<td>14 a 122\u00b0F (-10 a 50\u00b0C)<\/td>\n<\/tr>\n<tr>\n<td>Temperatura de almacenamiento<\/td>\n<td>-40 a 140\u00b0F (-40 a 60\u00b0C)<\/td>\n<\/tr>\n<tr>\n<td>Humedad (sin condensaci\u00f3n)<\/td>\n<td>0 a 90%; 32 a 95\u00b0F (0 a 35\u00b0C)<br \/>\n0 a 70%; De 32 a 122 \u00b0C (de 0 a 50 \u00b0F)<\/td>\n<\/tr>\n<tr>\n<td colspan=\"2\"><strong>Especificaciones mec\u00e1nicas y generales<\/strong><\/td>\n<\/tr>\n<tr>\n<td>Bater\u00edas<\/td>\n<td>3 x bater\u00edas<br \/>\nVida \u00fatil t\u00edpica de 1000 horas<\/td>\n<\/tr>\n<tr>\n<td>Dimensiones<\/td>\n<td>6,8 x 3,4 x 1,5\u2033 (173 x 86 x 38 mm)<\/td>\n<\/tr>\n<tr>\n<td>Peso<\/td>\n<td>0,9 lb (400 g)<\/td>\n<\/tr>\n<tr>\n<td colspan=\"2\"><strong>Especificaciones de seguridad<\/strong><\/td>\n<\/tr>\n<tr>\n<td>Categor\u00eda de sobretensi\u00f3n<\/td>\n<td>CSA C22.2 N\u00ba 1010.1 1992; EN 61010 Enmiendas 1,2<\/td>\n<\/tr>\n<tr>\n<td>Aprobaciones de agencias<\/td>\n<td>CE, CSA, T\u00dcV (pendiente)<\/td>\n<\/tr>\n<\/tbody>\n<\/table>\n","protected":false},"excerpt":{"rendered":"<p><strong>Funciones<\/strong><\/p>\n<ul>\n<li>La gran pantalla dual retroiluminada muestra cualquier combinaci\u00f3n de T1, T2, m\u00e1s MIN, MAX o AVG<\/li>\n<li>La funci\u00f3n de recuperaci\u00f3n permite que los datos registrados se revisen f\u00e1cilmente en la pantalla del medidor<\/li>\n<li>El puerto de comunicaci\u00f3n USB por infrarrojos permite exportar los datos al software opcional FlukeView Forms.<\/li>\n<\/ul>\n","protected":false},"featured_media":4048,"template":"","meta":[],"product_cat":[16],"product_tag":[],"class_list":["post-4046","product","type-product","status-publish","has-post-thumbnail","hentry","product_cat-uncategorized"],"_links":{"self":[{"href":"https:\/\/calibracion.com.mx\/tienda\/wp-json\/wp\/v2\/product\/4046","targetHints":{"allow":["GET"]}}],"collection":[{"href":"https:\/\/calibracion.com.mx\/tienda\/wp-json\/wp\/v2\/product"}],"about":[{"href":"https:\/\/calibracion.com.mx\/tienda\/wp-json\/wp\/v2\/types\/product"}],"wp:featuredmedia":[{"embeddable":true,"href":"https:\/\/calibracion.com.mx\/tienda\/wp-json\/wp\/v2\/media\/4048"}],"wp:attachment":[{"href":"https:\/\/calibracion.com.mx\/tienda\/wp-json\/wp\/v2\/media?parent=4046"}],"wp:term":[{"taxonomy":"product_cat","embeddable":true,"href":"https:\/\/calibracion.com.mx\/tienda\/wp-json\/wp\/v2\/product_cat?post=4046"},{"taxonomy":"product_tag","embeddable":true,"href":"https:\/\/calibracion.com.mx\/tienda\/wp-json\/wp\/v2\/product_tag?post=4046"}],"curies":[{"name":"wp","href":"https:\/\/api.w.org\/{rel}","templated":true}]}}