{"id":4058,"date":"2023-12-04T15:01:50","date_gmt":"2023-12-04T15:01:50","guid":{"rendered":"https:\/\/calibracion.com.mx\/tienda\/?post_type=product&#038;p=4058"},"modified":"2023-12-04T15:01:51","modified_gmt":"2023-12-04T15:01:51","slug":"termometro-infrarrojo-ir-y-de-contacto-fluke-566","status":"publish","type":"product","link":"https:\/\/calibracion.com.mx\/tienda\/termometro-infrarrojo-ir-y-de-contacto-fluke-566\/","title":{"rendered":"term\u00f3metro infrarrojo (ir) y de contacto fluke 566"},"content":{"rendered":"<h3>Funciones<\/h3>\n<ul>\n<li>Funciona con la mayor\u00eda de los termopares tipo K.<\/li>\n<li>Emisividad ajustable que le permite medir con confianza una amplia variedad de superficies.<\/li>\n<li>Dise\u00f1o robusto y ergon\u00f3mico que resiste entornos industriales, el\u00e9ctricos y mec\u00e1nicos dif\u00edciles.<\/li>\n<li>Alarmas sonoras y visuales para alertarle instant\u00e1neamente de mediciones fuera de los l\u00edmites establecidos.<\/li>\n<li>Hasta 20 puntos de datos para descargar y recuperar m\u00e1s tarde.<\/li>\n<li>Term\u00f3metro IR y de contacto dos en uno con una relaci\u00f3n distancia-punto de 30:1.<\/li>\n<li>Proporciona funciones MAX, MIN, DIF y AVG para identificar r\u00e1pidamente los problemas.<\/li>\n<li>Dos niveles de retroiluminaci\u00f3n en la pantalla.<\/li>\n<li>Facilita el acceso a funciones avanzadas con los botones de tecla programable y la pantalla gr\u00e1fica.<\/li>\n<\/ul>\n<h3>Aplicaciones<\/h3>\n<ul>\n<li>Industrial.<\/li>\n<li>El\u00e9ctrico.<\/li>\n<li>Mantenimiento de instalaciones.<\/li>\n<li>Mec\u00e1nico.<\/li>\n<\/ul>\n<h3>Especificaciones de Fluke 566<\/h3>\n<table>\n<tbody>\n<tr>\n<td>Rango de temperatura infrarroja<\/td>\n<td>-40 a 1202\u00b0F (-40 a 650\u00b0C)<\/td>\n<\/tr>\n<tr>\n<td>Precisi\u00f3n infrarroja<\/td>\n<td>&lt;32\u00b0F (0\u00b0C): \u00b1(2.0\u00b0F (\u00b11.0\u00b0C) + 0.1\u00b0\/1\u00b0F o \u00b0C)<br \/>\n&gt;32\u00b0F (0\u00b0C): \u00b11% o \u00b12.0\u00b0F (\u00b11.0\u00b0C), lo que sea mayor<\/td>\n<\/tr>\n<tr>\n<td>Resoluci\u00f3n de pantalla<\/td>\n<td>0.1\u00b0F (0.1\u00b0C)<\/td>\n<\/tr>\n<tr>\n<td>Respuesta espectral infrarroja<\/td>\n<td>8 a 14 \u03bcm<\/td>\n<\/tr>\n<tr>\n<td>Tiempo de respuesta infrarrojo<\/td>\n<td>&lt;500 mseg<\/td>\n<\/tr>\n<tr>\n<td>Rango de temperatura de entrada de termopar tipo K<\/td>\n<td>-454 a 2501\u00b0F (-270 a 1372\u00b0C)<\/td>\n<\/tr>\n<tr>\n<td>Precisi\u00f3n de entrada del termopar tipo K<\/td>\n<td>-454 a -40 (-270 a -40\u00b0C): \u00b1(2\u00b0F + 0.2\u00b0\/1\u00b0F) (\u00b1[1\u00b0C + 0.2\u00b0\/1\u00b0C])<br \/>\n-40 a 2501.6\u00b0F (-40 a 1372\u00b0C): \u00b11% o 2\u00b0F (\u00b11% o 1\u00b0C), lo que sea mayor<\/td>\n<\/tr>\n<tr>\n<td>Distancia al tama\u00f1o del punto de medici\u00f3n<\/td>\n<td>30:1<\/td>\n<\/tr>\n<tr>\n<td>Avistamiento l\u00e1ser<\/td>\n<td>L\u00e1ser de un solo punto &lt;1 mw de salida Clase 2 (II), 630 a 670 nm<\/td>\n<\/tr>\n<tr>\n<td>Tama\u00f1o m\u00ednimo del punto<\/td>\n<td>0 mm (75,19\u2033)<\/td>\n<\/tr>\n<tr>\n<td>Ajuste de emisividad<\/td>\n<td>Por mesa incorporada de materiales comunes o ajustable digitalmente de 0.10 a 1.00 por 0.01<\/td>\n<\/tr>\n<tr>\n<td>Almacenamiento de datos con sello de fecha y hora<\/td>\n<td>20 puntos<\/td>\n<\/tr>\n<tr>\n<td>Interfaz de PC y cable<\/td>\n<td>Ninguno<\/td>\n<\/tr>\n<tr>\n<td>Alarmas altas\/bajas<\/td>\n<td>Visual audible y bicolor<\/td>\n<\/tr>\n<tr>\n<td>M\u00edn.\/M\u00e1x.\/Promedio\/DIF<\/td>\n<td>S\u00ed<\/td>\n<\/tr>\n<tr>\n<td>Monitor<\/td>\n<td>Matriz de puntos 98 x 96 p\u00edxeles con men\u00fas de funciones<\/td>\n<\/tr>\n<tr>\n<td>Luz de fondo<\/td>\n<td>Dos niveles, normal y extra brillante para ambientes m\u00e1s oscuros<\/td>\n<\/tr>\n<tr>\n<td>Bloqueo del gatillo<\/td>\n<td>S\u00ed<\/td>\n<\/tr>\n<tr>\n<td>Conmutable Celsius y Fahrenheit<\/td>\n<td>S\u00ed<\/td>\n<\/tr>\n<tr>\n<td>Poder<\/td>\n<td>2 x pilas AA\/LR6<\/td>\n<\/tr>\n<tr>\n<td>Duraci\u00f3n de la bater\u00eda<\/td>\n<td>L\u00e1ser y luz de fondo encendidos, 12 horas (usado continuamente) L\u00e1ser y retroiluminaci\u00f3n apagados, 100 horas (usado continuamente)<\/td>\n<\/tr>\n<tr>\n<td>Temperatura de funcionamiento<\/td>\n<td>De 32 a 122 \u00b0C (de 0 a 50 \u00b0F)<\/td>\n<\/tr>\n<tr>\n<td>Temperatura de almacenamiento<\/td>\n<td>-40 a 140\u00b0F (-20 a 60\u00b0C)<\/td>\n<\/tr>\n<tr>\n<td>Gama de termopar de cuentas tipo K<\/td>\n<td>-40 a 500\u00b0F (-40 a 260\u00b0C)<\/td>\n<\/tr>\n<tr>\n<td>Precisi\u00f3n del termopar de cuentas tipo K<\/td>\n<td>\u00b12.0 \u00b0 F (1.1 \u00b0 C) de 32 a 500 \u00b0 F (0 a 260 \u00b0 C), generalmente dentro de 2.0 \u00b0 F (1.1 \u00b0 C) de -40 a 32 \u00b0 F (-40 a 0 \u00b0 C)<\/td>\n<\/tr>\n<\/tbody>\n<\/table>\n<p>&nbsp;<\/p>\n","protected":false},"excerpt":{"rendered":"<p><strong>Funciones<\/strong><\/p>\n<ul>\n<li>Term\u00f3metro IR y de contacto dos en uno con una relaci\u00f3n distancia-punto de 30:1<\/li>\n<li>Facilita el acceso a funciones avanzadas con los botones de tecla programable y la pantalla gr\u00e1fica<\/li>\n<li>Dise\u00f1o robusto y ergon\u00f3mico que resiste entornos industriales, el\u00e9ctricos y mec\u00e1nicos dif\u00edciles<\/li>\n<li>Funciona con la mayor\u00eda de los termopares tipo K.<\/li>\n<\/ul>\n","protected":false},"featured_media":4059,"template":"","meta":[],"product_cat":[16],"product_tag":[],"class_list":["post-4058","product","type-product","status-publish","has-post-thumbnail","hentry","product_cat-uncategorized"],"_links":{"self":[{"href":"https:\/\/calibracion.com.mx\/tienda\/wp-json\/wp\/v2\/product\/4058","targetHints":{"allow":["GET"]}}],"collection":[{"href":"https:\/\/calibracion.com.mx\/tienda\/wp-json\/wp\/v2\/product"}],"about":[{"href":"https:\/\/calibracion.com.mx\/tienda\/wp-json\/wp\/v2\/types\/product"}],"wp:featuredmedia":[{"embeddable":true,"href":"https:\/\/calibracion.com.mx\/tienda\/wp-json\/wp\/v2\/media\/4059"}],"wp:attachment":[{"href":"https:\/\/calibracion.com.mx\/tienda\/wp-json\/wp\/v2\/media?parent=4058"}],"wp:term":[{"taxonomy":"product_cat","embeddable":true,"href":"https:\/\/calibracion.com.mx\/tienda\/wp-json\/wp\/v2\/product_cat?post=4058"},{"taxonomy":"product_tag","embeddable":true,"href":"https:\/\/calibracion.com.mx\/tienda\/wp-json\/wp\/v2\/product_tag?post=4058"}],"curies":[{"name":"wp","href":"https:\/\/api.w.org\/{rel}","templated":true}]}}