{"id":4106,"date":"2023-12-04T15:56:59","date_gmt":"2023-12-04T15:56:59","guid":{"rendered":"https:\/\/calibracion.com.mx\/tienda\/?post_type=product&#038;p=4106"},"modified":"2023-12-04T15:57:00","modified_gmt":"2023-12-04T15:57:00","slug":"multimetro-de-registro-electronico-fluke-287-cal-true-rms-con-trendcapture-calibrado-trazable-con-datos","status":"publish","type":"product","link":"https:\/\/calibracion.com.mx\/tienda\/multimetro-de-registro-electronico-fluke-287-cal-true-rms-con-trendcapture-calibrado-trazable-con-datos\/","title":{"rendered":"Mult\u00edmetro de registro electr\u00f3nico fluke 287 cal true-rms con trendcapture, calibrado trazable con datos"},"content":{"rendered":"<h4>Ofertas de Fluke 287 CAL<\/h4>\n<p>El mult\u00edmetro de registro electr\u00f3nico Fluke 287 CAL True-RMS con TrendCapture puede evaluar con precisi\u00f3n cualquier inconveniente dentro de un circuito. El mult\u00edmetro puede operar en circuitos de CA o CC para medir voltaje y corriente. El sistema integrado TrendCapture da registros de los datos compendiados para investigar cualquier error o anomal\u00eda.<\/p>\n<h3>Funciones<\/h3>\n<ul>\n<li>Puede medir voltaje y corriente de CA y CC.<\/li>\n<li>Determina resistencia, capacitancia, frecuencia y temperatura.<\/li>\n<li>TrendCapture muestra los datos registrados para comparar las anomal\u00edas.<\/li>\n<li>El tama\u00f1o compacto mejora la capacidad de transporte.<\/li>\n<\/ul>\n<h3>Especificaciones de Fluke 287 CAL<\/h3>\n<table class=\"table table-striped\">\n<tbody>\n<tr>\n<td>Actual<\/td>\n<td>AC\/DC<\/td>\n<\/tr>\n<tr>\n<td>Voltaje<\/td>\n<td>AC\/DC<\/td>\n<\/tr>\n<\/tbody>\n<\/table>\n","protected":false},"excerpt":{"rendered":"<p class=\"short-description mhide ipad-view-setting\">El mult\u00edmetro mide con precisi\u00f3n todas las propiedades el\u00e9ctricas.<\/p>\n<p class=\"short-description mhide ipad-view-setting\">Su tama\u00f1o compacto hace que viajar sea f\u00e1cil.<\/p>\n","protected":false},"featured_media":4113,"template":"","meta":[],"product_cat":[16],"product_tag":[],"class_list":["post-4106","product","type-product","status-publish","has-post-thumbnail","hentry","product_cat-uncategorized"],"_links":{"self":[{"href":"https:\/\/calibracion.com.mx\/tienda\/wp-json\/wp\/v2\/product\/4106","targetHints":{"allow":["GET"]}}],"collection":[{"href":"https:\/\/calibracion.com.mx\/tienda\/wp-json\/wp\/v2\/product"}],"about":[{"href":"https:\/\/calibracion.com.mx\/tienda\/wp-json\/wp\/v2\/types\/product"}],"wp:featuredmedia":[{"embeddable":true,"href":"https:\/\/calibracion.com.mx\/tienda\/wp-json\/wp\/v2\/media\/4113"}],"wp:attachment":[{"href":"https:\/\/calibracion.com.mx\/tienda\/wp-json\/wp\/v2\/media?parent=4106"}],"wp:term":[{"taxonomy":"product_cat","embeddable":true,"href":"https:\/\/calibracion.com.mx\/tienda\/wp-json\/wp\/v2\/product_cat?post=4106"},{"taxonomy":"product_tag","embeddable":true,"href":"https:\/\/calibracion.com.mx\/tienda\/wp-json\/wp\/v2\/product_tag?post=4106"}],"curies":[{"name":"wp","href":"https:\/\/api.w.org\/{rel}","templated":true}]}}