{"id":4132,"date":"2023-12-04T16:34:07","date_gmt":"2023-12-04T16:34:07","guid":{"rendered":"https:\/\/calibracion.com.mx\/tienda\/?post_type=product&#038;p=4132"},"modified":"2023-12-04T16:34:08","modified_gmt":"2023-12-04T16:34:08","slug":"termometro-infrarrojo-62max-nist-de-fluke-incluye-certificado-trazable","status":"publish","type":"product","link":"https:\/\/calibracion.com.mx\/tienda\/termometro-infrarrojo-62max-nist-de-fluke-incluye-certificado-trazable\/","title":{"rendered":"term\u00f3metro infrarrojo 62max-nist de fluke, incluye certificado trazable"},"content":{"rendered":"<h3>Funciones<\/h3>\n<ul>\n<li>Soporta una ca\u00edda de 9,8\u2032 (3 m).<\/li>\n<li>Alimentado por una sola bater\u00eda AA est\u00e1ndar.<\/li>\n<li>Una gran pantalla retroiluminada para facilitar la lectura de los datos, incluso en \u00e1reas oscuras.<\/li>\n<li>Muestra Min\/Max\/Avg\/Dif: la temperatura m\u00ednima, m\u00e1xima o media, o la diferencia entre dos mediciones.<\/li>\n<li>Alarmas altas y bajas para la detecci\u00f3n r\u00e1pida de temperaturas fuera de los l\u00edmites.<\/li>\n<li>Factor de forma peque\u00f1o y liviano para sujetar c\u00f3modamente a su cintur\u00f3n de herramientas o lazo de cintur\u00f3n, o caber f\u00e1cilmente en su caja de herramientas.<\/li>\n<li>Proporciona una relaci\u00f3n distancia a punto de 10:1.<\/li>\n<li>Ofrece una sola orientaci\u00f3n l\u00e1ser para mediciones precisas y repetibles.<\/li>\n<li>Clasificaci\u00f3n IP54 contra el polvo y la humedad.<\/li>\n<\/ul>\n<h3>Aplicaciones<\/h3>\n<ul>\n<li>Temperatura sin contacto.<\/li>\n<\/ul>\n<h3>Fluke 62MAX-NIST Especificaciones<\/h3>\n<table class=\"table table-striped\">\n<tbody>\n<tr>\n<td>Rango de temperatura<\/td>\n<td>-22 a 932\u00b0F (-30 a 500\u00b0C)<\/td>\n<\/tr>\n<tr>\n<td>Exactitud<\/td>\n<td>\u00b134.7\u00b0F (\u00b11.5\u00b0C) o \u00b11.5% de la lectura, lo que sea mayor<br \/>\n14 a 32\u00b0F (-10 a 0\u00b0C): \u00b12.0 -22 a 14\u00b0F (-30 a<br \/>\n-10\u00b0C): \u00b13.0<\/td>\n<\/tr>\n<tr>\n<td>Tiempo de respuesta (95%)<\/td>\n<td>&lt;500 ms (95% de la lectura)<\/td>\n<\/tr>\n<tr>\n<td>Respuesta espectral<\/td>\n<td>8 a 14 micras<\/td>\n<\/tr>\n<tr>\n<td>Emisividad<\/td>\n<td>0,10 a 1,00<\/td>\n<\/tr>\n<tr>\n<td>Resoluci\u00f3n \u00f3ptica<\/td>\n<td>10:1 (calculado al 90% de energ\u00eda)<\/td>\n<\/tr>\n<tr>\n<td>Resoluci\u00f3n de pantalla<\/td>\n<td>0.2\u00b0F (0.1\u00b0C)<\/td>\n<\/tr>\n<tr>\n<td>Repetibilidad de las lecturas<\/td>\n<td>\u00b10.8% de la lectura o &lt;\u00b12 \u00b0 F (1.0 \u00b0 C), lo que sea mayor<\/td>\n<\/tr>\n<tr>\n<td>Poder<\/td>\n<td>Bater\u00eda AA<\/td>\n<\/tr>\n<tr>\n<td>Duraci\u00f3n de la bater\u00eda<\/td>\n<td>10 horas con l\u00e1ser y retroiluminaci\u00f3n encendidos<\/td>\n<\/tr>\n<tr>\n<td>Temperatura de funcionamiento<\/td>\n<td>De 32 a 122 \u00b0C (de 0 a 50 \u00b0F)<\/td>\n<\/tr>\n<tr>\n<td>Temperatura de almacenamiento<\/td>\n<td>-4 a 140 \u00b0F (-20 a 60 \u00b0C), sin bater\u00eda<\/td>\n<\/tr>\n<tr>\n<td>Humedad de funcionamiento<\/td>\n<td>10% a 90% HR sin condensaci\u00f3n a 86\u00b0F (30\u00b0C)<\/td>\n<\/tr>\n<tr>\n<td>Altitud de funcionamiento<\/td>\n<td>6561.7\u2032 (2000 m) sobre el nivel medio del mar<\/td>\n<\/tr>\n<tr>\n<td>Altitud de almacenamiento<\/td>\n<td>39,370.08\u2032 (12,000 m) por encima del nivel medio del sello<\/td>\n<\/tr>\n<tr>\n<td>Prueba de ca\u00edda<\/td>\n<td>9,8\u2032 (3 m)<\/td>\n<\/tr>\n<tr>\n<td>Dimensiones<\/td>\n<td>6,88 x 3,34 x 2,95\u2033 (175 x 85 x 75 mm)<\/td>\n<\/tr>\n<tr>\n<td>Peso<\/td>\n<td>0,56 libras (255 g)<\/td>\n<\/tr>\n<tr>\n<td>Clasificaci\u00f3n IP<\/td>\n<td>IP 54 seg\u00fan IEC 60529<\/td>\n<\/tr>\n<tr>\n<td>Vibraci\u00f3n y choque<\/td>\n<td>IEC 68-2-6 2,5 g, 10 a 200 Hz, IEC 68-2-27, 50 g, 11 ms<\/td>\n<\/tr>\n<tr>\n<td>EMC<\/td>\n<td>EN 61326-1:2006 EN 61326-2:2006<\/td>\n<\/tr>\n<tr>\n<td>Normas y aprobaci\u00f3n de la agencia<\/td>\n<td>Conformidad: EN\/IEC 61010-1: 2001<br \/>\nSeguridad l\u00e1ser: FDA y EN 60825-1 Clase II<\/td>\n<\/tr>\n<\/tbody>\n<\/table>\n","protected":false},"excerpt":{"rendered":"<p><strong>Funciones<\/strong><\/p>\n<ul>\n<li>Proporciona una relaci\u00f3n distancia a punto de 10:1<\/li>\n<li>Clasificaci\u00f3n IP54 contra el polvo y la humedad<\/li>\n<li>Ofrece una sola orientaci\u00f3n l\u00e1ser para mediciones precisas y repetibles<\/li>\n<li>Alarmas altas y bajas para la detecci\u00f3n r\u00e1pida de temperaturas fuera de los l\u00edmites.<\/li>\n<\/ul>\n","protected":false},"featured_media":4141,"template":"","meta":[],"product_cat":[16],"product_tag":[],"class_list":["post-4132","product","type-product","status-publish","has-post-thumbnail","hentry","product_cat-uncategorized"],"_links":{"self":[{"href":"https:\/\/calibracion.com.mx\/tienda\/wp-json\/wp\/v2\/product\/4132","targetHints":{"allow":["GET"]}}],"collection":[{"href":"https:\/\/calibracion.com.mx\/tienda\/wp-json\/wp\/v2\/product"}],"about":[{"href":"https:\/\/calibracion.com.mx\/tienda\/wp-json\/wp\/v2\/types\/product"}],"wp:featuredmedia":[{"embeddable":true,"href":"https:\/\/calibracion.com.mx\/tienda\/wp-json\/wp\/v2\/media\/4141"}],"wp:attachment":[{"href":"https:\/\/calibracion.com.mx\/tienda\/wp-json\/wp\/v2\/media?parent=4132"}],"wp:term":[{"taxonomy":"product_cat","embeddable":true,"href":"https:\/\/calibracion.com.mx\/tienda\/wp-json\/wp\/v2\/product_cat?post=4132"},{"taxonomy":"product_tag","embeddable":true,"href":"https:\/\/calibracion.com.mx\/tienda\/wp-json\/wp\/v2\/product_tag?post=4132"}],"curies":[{"name":"wp","href":"https:\/\/api.w.org\/{rel}","templated":true}]}}