{"id":4151,"date":"2023-12-04T16:51:51","date_gmt":"2023-12-04T16:51:51","guid":{"rendered":"https:\/\/calibracion.com.mx\/tienda\/?post_type=product&#038;p=4151"},"modified":"2023-12-04T16:51:52","modified_gmt":"2023-12-04T16:51:52","slug":"termometro-infrarrojo-fluke-62max-cal-con-certificado-de-calibracion","status":"publish","type":"product","link":"https:\/\/calibracion.com.mx\/tienda\/termometro-infrarrojo-fluke-62max-cal-con-certificado-de-calibracion\/","title":{"rendered":"term\u00f3metro infrarrojo fluke 62max cal con certificado de calibraci\u00f3n"},"content":{"rendered":"<p>El term\u00f3metro infrarrojo CAL 62MAX de Fluke con certificado de medici\u00f3n proporciona mediciones de temperatura exactas a distancia para resguardar al usuario. El term\u00f3metro usa tecnolog\u00eda l\u00e1ser infrarroja para producir resultados precisos sin tomar contacto con materiales nocivos. Es resistente a los impactos y ca\u00eddas que puedan suceder en todo el sitio de trabajo.<\/p>\n<h3>Funciones<\/h3>\n<ul>\n<li>Proporciona medici\u00f3n de temperaturas sin contacto.<\/li>\n<li>La medici\u00f3n de distancias protege al usuario de peligros peligrosos.<\/li>\n<li>Un solo l\u00e1ser infrarrojo proporciona resultados fiables.<\/li>\n<li>Dise\u00f1o duradero es resistente a ca\u00eddas y clasificado IP54.<\/li>\n<\/ul>\n<h3>Fluke 62MAX CAL Especificaciones<\/h3>\n<table class=\"table table-striped\">\n<tbody>\n<tr>\n<td>Tecnolog\u00eda de medici\u00f3n<\/td>\n<td>L\u00e1ser infrarrojo<\/td>\n<\/tr>\n<tr>\n<td>Tipo de medici\u00f3n<\/td>\n<td>Sin contacto<\/td>\n<\/tr>\n<tr>\n<td>Aprobaciones<\/td>\n<td>IP54<\/td>\n<\/tr>\n<\/tbody>\n<\/table>\n","protected":false},"excerpt":{"rendered":"<p>El term\u00f3metro infrarrojo CAL 62MAX de Fluke con certificado de medici\u00f3n proporciona mediciones de temperatura exactas a distancia para resguardar al usuario. El term\u00f3metro usa tecnolog\u00eda l\u00e1ser infrarroja para producir resultados precisos sin tomar contacto con materiales nocivos. Es resistente a los impactos y ca\u00eddas que puedan suceder en todo el sitio de trabajo.<\/p>\n","protected":false},"featured_media":4157,"template":"","meta":[],"product_cat":[16],"product_tag":[],"class_list":["post-4151","product","type-product","status-publish","has-post-thumbnail","hentry","product_cat-uncategorized"],"_links":{"self":[{"href":"https:\/\/calibracion.com.mx\/tienda\/wp-json\/wp\/v2\/product\/4151","targetHints":{"allow":["GET"]}}],"collection":[{"href":"https:\/\/calibracion.com.mx\/tienda\/wp-json\/wp\/v2\/product"}],"about":[{"href":"https:\/\/calibracion.com.mx\/tienda\/wp-json\/wp\/v2\/types\/product"}],"wp:featuredmedia":[{"embeddable":true,"href":"https:\/\/calibracion.com.mx\/tienda\/wp-json\/wp\/v2\/media\/4157"}],"wp:attachment":[{"href":"https:\/\/calibracion.com.mx\/tienda\/wp-json\/wp\/v2\/media?parent=4151"}],"wp:term":[{"taxonomy":"product_cat","embeddable":true,"href":"https:\/\/calibracion.com.mx\/tienda\/wp-json\/wp\/v2\/product_cat?post=4151"},{"taxonomy":"product_tag","embeddable":true,"href":"https:\/\/calibracion.com.mx\/tienda\/wp-json\/wp\/v2\/product_tag?post=4151"}],"curies":[{"name":"wp","href":"https:\/\/api.w.org\/{rel}","templated":true}]}}