{"id":4253,"date":"2023-12-04T17:46:24","date_gmt":"2023-12-04T17:46:24","guid":{"rendered":"https:\/\/calibracion.com.mx\/tienda\/?post_type=product&#038;p=4253"},"modified":"2023-12-04T17:46:24","modified_gmt":"2023-12-04T17:46:24","slug":"multimetro-de-pantalla-remota-fluke-233-nist-con-pantalla-desmontable","status":"publish","type":"product","link":"https:\/\/calibracion.com.mx\/tienda\/multimetro-de-pantalla-remota-fluke-233-nist-con-pantalla-desmontable\/","title":{"rendered":"Mult\u00edmetro de pantalla remota Fluke 233-NIST con pantalla desmontable."},"content":{"rendered":"<h3>Ofertas de Fluke 233-NIST<\/h3>\n<p><strong>El mult\u00edmetro digital de pantalla remota True RMS le brinda la m\u00e1xima flexibilidad en situaciones de medici\u00f3n dif\u00edciles<\/strong><\/p>\n<p>La pantalla extra\u00edble da a los clientes la capacidad de tomar medidas en \u00e1reas de bien dif\u00edcil acceso o acceso restringido. Asimismo deja a los individuos estar en 2 sitios al un\u00edsono y disminuye el riesgo de arco el\u00e9ctrico al dividir a los usuarios de ocasiones de medici\u00f3n peligrosas. Sencillamente conecte el mult\u00edmetro al punto de prueba y despu\u00e9s ponga la pantalla en un espacio de hasta 33 pies (10 m) de distancia de donde logre verlo. Este mult\u00edmetro de pantalla rec\u00f3ndita es ideal para apps donde el punto de medici\u00f3n est\u00e1 desconectado de los controles o donde los individuos no tienen la posibilidad de mantenerse cerca del medidor durante las mediciones gracias a peligros , maquinaria en movimiento o en salas limpias. Adem\u00e1s , tiene voltaje y corriente de CA True RMS para mediciones precisas en se\u00f1ales no lineales.<\/p>\n<p>Este producto incluye un certificado trazable con datos completos e incertidumbres.<\/p>\n<h3>Funciones<\/h3>\n<ul>\n<li>Rango de capacitancia de 10,000 \u03bcF.<\/li>\n<li>El term\u00f3metro incorporado le permite tomar lecturas de temperatura convenientemente sin tener que llevar un instrumento separado.<\/li>\n<li>Sin interferencias con las mediciones.<\/li>\n<li>Util\u00edcelo como mult\u00edmetro convencional cuando la pantalla est\u00e9 conectada.<\/li>\n<li>El transmisor de radio se apaga autom\u00e1ticamente cuando la pantalla est\u00e1 conectada al medidor.<\/li>\n<li>Mide hasta 1000 V CA y CC.<\/li>\n<li>La pantalla magn\u00e9tica extra\u00edble se puede montar convenientemente donde se vea f\u00e1cilmente.<\/li>\n<li>Mide hasta 10 A (20 A durante 30 segundos).<\/li>\n<li>Realice mediciones sin sostener el medidor para mejorar el enfoque visual en las sondas y aumentar las mediciones el\u00e9ctricas seguras.<\/li>\n<li>El apagado autom\u00e1tico maximiza la duraci\u00f3n de la bater\u00eda.<\/li>\n<li>Duraci\u00f3n de la bater\u00eda de aproximadamente 400 horas.<\/li>\n<li>Voltaje y corriente de CA true-rms para mediciones precisas en se\u00f1ales no lineales.<\/li>\n<li>Grabaci\u00f3n m\u00ednima\/m\u00e1xica y media para capturar variaciones autom\u00e1ticamente.<\/li>\n<li>Prueba de resistencia, continuidad y diodos.<\/li>\n<li>La tecnolog\u00eda inal\u00e1mbrica de baja potencia permite que la pantalla se lleve hasta 33\u2032 (10 m) de distancia del punto de medici\u00f3n para mayor flexibilidad.<\/li>\n<li>Pantalla f\u00e1cil de leer con d\u00edgitos grandes y luz de fondo brillante.<\/li>\n<li>Frecuencia hasta 50 kHz.<\/li>\n<\/ul>\n<h3>Especificaciones de Fluke 233-NIST<\/h3>\n<table class=\"table table-striped\">\n<tbody>\n<tr>\n<td colspan=\"2\"><strong>Especificaciones de precisi\u00f3n<\/strong><\/td>\n<\/tr>\n<tr>\n<td>Voltaje de CC<\/td>\n<td>Rango: 0.1 mV a 1000 V<br \/>\nPrecisi\u00f3n: 0.25% + 2<\/td>\n<\/tr>\n<tr>\n<td>Voltaje de CA<\/td>\n<td>Rango: 0.1 mV a 1000 V<br \/>\nPrecisi\u00f3n: 1.0% + 3<\/td>\n<\/tr>\n<tr>\n<td>Corriente continua<\/td>\n<td>Rango: 0.1 mA a 10 A<br \/>\nPrecisi\u00f3n: 1.0% + 3<\/td>\n<\/tr>\n<tr>\n<td>Corriente alterna<\/td>\n<td>Rango: 0.1 mA a 10 A<br \/>\nPrecisi\u00f3n: 1.5% + 3<\/td>\n<\/tr>\n<tr>\n<td>Resistencia<\/td>\n<td>Rango: 0.1 \u03a9 a 40 M\u03a9<\/td>\n<\/tr>\n<tr>\n<td>Cuenta<\/td>\n<td>6000<\/td>\n<\/tr>\n<tr>\n<td>Capacitancia<\/td>\n<td>1000 nF a 9999 \u03bcF<\/td>\n<\/tr>\n<tr>\n<td>Frecuencia<\/td>\n<td>De 0,1 Hz a 50,00 kHz<\/td>\n<\/tr>\n<tr>\n<td>Temperatura<\/td>\n<td>-40 a 752\u00b0F (-40 a 400\u00b0C)<\/td>\n<\/tr>\n<tr>\n<td colspan=\"2\"><strong>Especificaciones generales<\/strong><\/td>\n<\/tr>\n<tr>\n<td>AC True RMS<\/td>\n<td>S\u00ed<\/td>\n<\/tr>\n<tr>\n<td>Rango<\/td>\n<td>Autom\u00e1tico\/Manual<\/td>\n<\/tr>\n<tr>\n<td>Luz de fondo<\/td>\n<td>S\u00ed<\/td>\n<\/tr>\n<tr>\n<td>M\u00edn.\/M\u00e1x.\/Promedio<\/td>\n<td>S\u00ed<\/td>\n<\/tr>\n<tr>\n<td>Pantalla extra\u00edble<\/td>\n<td>S\u00ed<\/td>\n<\/tr>\n<tr>\n<td>Protecci\u00f3n externa<\/td>\n<td>Sobremoldeo de caucho<\/td>\n<\/tr>\n<tr>\n<td>Poder<\/td>\n<td>3 x pilas alcalinas AA para el cuerpo<br \/>\nprincipal 2 pilas alcalinas AA para pantalla<\/td>\n<\/tr>\n<tr>\n<td>Duraci\u00f3n de la bater\u00eda<\/td>\n<td>400 horas<\/td>\n<\/tr>\n<tr>\n<td>Frecuencia inal\u00e1mbrica<\/td>\n<td>Rango de 2,4 GHz en banda ISM de 32,8\u2032 (10 m)<\/td>\n<\/tr>\n<tr>\n<td>Clasificaci\u00f3n de seguridad<\/td>\n<td>CAT IV 600 V, CAT III 1000 V<\/td>\n<\/tr>\n<tr>\n<td>Dimensiones<\/td>\n<td>2,08 x 2,08 x 7,6\u2033 (5,3 x 5,3 x 19,3 cm)<\/td>\n<\/tr>\n<tr>\n<td>Peso<\/td>\n<td>1,3 libras (604 g)<\/td>\n<\/tr>\n<\/tbody>\n<\/table>\n","protected":false},"excerpt":{"rendered":"<p>Viene con un display extra\u00edble que deja a los individuos estar en 2 sitios a la vez y achicar el peligro de arco el\u00e9ctrico al separarse de ocasiones de medici\u00f3n peligrosas.<\/p>\n","protected":false},"featured_media":4255,"template":"","meta":[],"product_cat":[16],"product_tag":[],"class_list":["post-4253","product","type-product","status-publish","has-post-thumbnail","hentry","product_cat-uncategorized"],"_links":{"self":[{"href":"https:\/\/calibracion.com.mx\/tienda\/wp-json\/wp\/v2\/product\/4253","targetHints":{"allow":["GET"]}}],"collection":[{"href":"https:\/\/calibracion.com.mx\/tienda\/wp-json\/wp\/v2\/product"}],"about":[{"href":"https:\/\/calibracion.com.mx\/tienda\/wp-json\/wp\/v2\/types\/product"}],"wp:featuredmedia":[{"embeddable":true,"href":"https:\/\/calibracion.com.mx\/tienda\/wp-json\/wp\/v2\/media\/4255"}],"wp:attachment":[{"href":"https:\/\/calibracion.com.mx\/tienda\/wp-json\/wp\/v2\/media?parent=4253"}],"wp:term":[{"taxonomy":"product_cat","embeddable":true,"href":"https:\/\/calibracion.com.mx\/tienda\/wp-json\/wp\/v2\/product_cat?post=4253"},{"taxonomy":"product_tag","embeddable":true,"href":"https:\/\/calibracion.com.mx\/tienda\/wp-json\/wp\/v2\/product_tag?post=4253"}],"curies":[{"name":"wp","href":"https:\/\/api.w.org\/{rel}","templated":true}]}}