{"id":4289,"date":"2023-12-04T19:30:19","date_gmt":"2023-12-04T19:30:19","guid":{"rendered":"https:\/\/calibracion.com.mx\/tienda\/?post_type=product&#038;p=4289"},"modified":"2023-12-04T19:30:20","modified_gmt":"2023-12-04T19:30:20","slug":"multimetro-digital-fluke-115-true-rms","status":"publish","type":"product","link":"https:\/\/calibracion.com.mx\/tienda\/multimetro-digital-fluke-115-true-rms\/","title":{"rendered":"Mult\u00edmetro digital fluke 115 true rms"},"content":{"rendered":"<h3>Fluke 115 ofertas<\/h3>\n<p><strong>La herramienta compacta de soluci\u00f3n de problemas de uso general para t\u00e9cnicos de servicio de campo<\/strong><\/p>\n<p>Ideal para requisitos de pruebas el\u00e9ctricas y electr\u00f3nicas de uso general, este mult\u00edmetro digital True RMS tambi\u00e9n proporciona una operaci\u00f3n f\u00e1cil con solo una mano y un dise\u00f1o compacto para los especialistas de servicio de campo. Esta herramienta mide el voltaje True RMS, tal como las corrientes con 6000 recuento , resistencia, continuidad, frecuencia y capacitancia para verificaciones r\u00e1pidas. Adem\u00e1s de esto , este mult\u00edmetro digital se prueba de manera sin dependencia para un uso seguro en entornos CAT III 600V.<\/p>\n<h3>Funciones<\/h3>\n<ul>\n<li>Mide 10 A (sobrecarga de 20 A durante 30 segundos).<\/li>\n<li>Mide la resistencia, continuidad, frecuencia, capacitancia y prueba de diodos.<\/li>\n<li>Mide voltaje de CA y CC a 600 V.<\/li>\n<li>CAT III 600 V con clasificaci\u00f3n de seguridad.<\/li>\n<li>Gran retroiluminaci\u00f3n LED blanca para trabajar en \u00e1reas poco iluminadas.<\/li>\n<li>Dise\u00f1o ergon\u00f3mico compacto para el manejo con una sola mano.<\/li>\n<li>True RMS para mediciones precisas en cargas no lineales.<\/li>\n<li>M\u00edn.\/m\u00e1x.\/promedio con tiempo transcurrido para registrar las fluctuaciones de la se\u00f1al.<\/li>\n<li>Compatible con colgador magn\u00e9tico opcional (ToolPak).<\/li>\n<\/ul>\n<h3>Aplicaciones<\/h3>\n<ul>\n<li>Pruebas el\u00e9ctricas y electr\u00f3nicas.<\/li>\n<li>Verificaci\u00f3n r\u00e1pida y servicio de campo.<\/li>\n<\/ul>\n<h3>Fluke 115 Especificaciones<\/h3>\n<table width=\"580\">\n<tbody>\n<tr>\n<td colspan=\"2\"><strong>Milivoltios DC<\/strong><\/td>\n<\/tr>\n<tr>\n<td>Gama<\/td>\n<td>600 mV<\/td>\n<\/tr>\n<tr>\n<td>Resoluci\u00f3n<\/td>\n<td>0,1 mV<\/td>\n<\/tr>\n<tr>\n<td>Exactitud<\/td>\n<td>0.5% + 2<\/td>\n<\/tr>\n<tr>\n<td colspan=\"2\"><strong>Voltios DC<\/strong><\/td>\n<\/tr>\n<tr>\n<td>Gama<\/td>\n<td>6 V 60 V 600 V<\/td>\n<\/tr>\n<tr>\n<td>Resoluci\u00f3n<\/td>\n<td>0,001 V 0,01 V 0,1 V<\/td>\n<\/tr>\n<tr>\n<td>Exactitud<\/td>\n<td>0.5% + 2<\/td>\n<\/tr>\n<tr>\n<td colspan=\"2\"><strong>Voltios autom\u00e1ticos<\/strong><\/td>\n<\/tr>\n<tr>\n<td>Gama<\/td>\n<td>600 V<\/td>\n<\/tr>\n<tr>\n<td>Resoluci\u00f3n<\/td>\n<td>0,1 V<\/td>\n<\/tr>\n<tr>\n<td>Exactitud<\/td>\n<td>2,0% + 3 (45 a 500 Hz) 4,0% + 3 (500 Hz a 1 kHz)<\/td>\n<\/tr>\n<tr>\n<td colspan=\"2\"><strong>Milivoltios de CA1 RMS verdadero<\/strong><\/td>\n<\/tr>\n<tr>\n<td>Gama<\/td>\n<td>600 mV<\/td>\n<\/tr>\n<tr>\n<td>Resoluci\u00f3n<\/td>\n<td>0,1 mV<\/td>\n<\/tr>\n<tr>\n<td>Exactitud<\/td>\n<td>1,0% + 3 (45 a 500 Hz) 2,0% + 3 (500 Hz a 1 kHz)<\/td>\n<\/tr>\n<tr>\n<td colspan=\"2\"><strong>Voltios de CA<\/strong><strong><sup>1<\/sup><\/strong><strong>\u00a0RMS verdadero<\/strong><\/td>\n<\/tr>\n<tr>\n<td>Gama<\/td>\n<td>6 V 60 V 600 V<\/td>\n<\/tr>\n<tr>\n<td>Resoluci\u00f3n<\/td>\n<td>0,001 V 0,01 V 0,1 V<\/td>\n<\/tr>\n<tr>\n<td>Exactitud<\/td>\n<td>1,0% + 3 (45 a 500 Hz) 2,0% + 3 (500 Hz a 1 kHz)<\/td>\n<\/tr>\n<tr>\n<td colspan=\"2\"><strong>Continuidad<\/strong><\/td>\n<\/tr>\n<tr>\n<td>Gama<\/td>\n<td>600 \u03a9<\/td>\n<\/tr>\n<tr>\n<td>Resoluci\u00f3n<\/td>\n<td>1 \u03a9<\/td>\n<\/tr>\n<tr>\n<td>Exactitud<\/td>\n<td>Beeper en &lt;20 de descuento&gt; 250; Detecta aperturas o cortocircuitos de 500 \u03bcs o m\u00e1s<\/td>\n<\/tr>\n<tr>\n<td colspan=\"2\"><strong>Ohmios<\/strong><\/td>\n<\/tr>\n<tr>\n<td>Gama<\/td>\n<td>600 \u03a9<br \/>\n6 k\u03a9 60 k\u03a9<\/p>\n<p>600 k\u03a9<br \/>\n6 M\u03a9<br \/>\n40 M\u03a9<\/td>\n<\/tr>\n<tr>\n<td>Resoluci\u00f3n<\/td>\n<td>0,1 \u03a9<br \/>\n0,001 k\u03a9 0,01 k\u03a9 0,001 M\u03a9<\/p>\n<p>0,01 M\u03a9<\/td>\n<\/tr>\n<tr>\n<td>Exactitud<\/td>\n<td>0.9% + 2<br \/>\n0.9% + 1<br \/>\n5% + 2<\/td>\n<\/tr>\n<tr>\n<td colspan=\"2\"><strong>Prueba de diodo<\/strong><\/td>\n<\/tr>\n<tr>\n<td>Gama<\/td>\n<td>2 V<\/td>\n<\/tr>\n<tr>\n<td>Resoluci\u00f3n<\/td>\n<td>0,001 V<\/td>\n<\/tr>\n<tr>\n<td>Exactitud<\/td>\n<td>0.9% + 2<\/td>\n<\/tr>\n<tr>\n<td colspan=\"2\"><strong>Capacitancia<\/strong><\/td>\n<\/tr>\n<tr>\n<td>Gama<\/td>\n<td>1000 nF 10 \u03bcF 100 \u03bcF 9999 \u03bcF 100 a 1000 \u03bcF &gt;1000 \u03bcF<\/td>\n<\/tr>\n<tr>\n<td>Resoluci\u00f3n<\/td>\n<td>1 nF 0.01 \u03bcF 0.1 \u03bcF 1 \u03bcF<\/td>\n<\/tr>\n<tr>\n<td>Exactitud<\/td>\n<td>1.9% + 2<br \/>\n1.9% + 2<br \/>\n5% + 20<\/td>\n<\/tr>\n<tr>\n<td colspan=\"2\"><strong>Capacitancia Lo-Z<\/strong><\/td>\n<\/tr>\n<tr>\n<td>Gama<\/td>\n<td>1 nF a 500 \u03bcF<\/td>\n<\/tr>\n<tr>\n<td>Exactitud<\/td>\n<td>10% + 2 t\u00edpicos<\/td>\n<\/tr>\n<tr>\n<td colspan=\"2\"><strong>Amplificadores de CA True RMS (45 a 500 Hz)<\/strong><\/td>\n<\/tr>\n<tr>\n<td>Gama<\/td>\n<td>6 A 10 A 20 A<\/p>\n<p>sobrecarga durante 30 segundos m\u00e1x.<\/td>\n<\/tr>\n<tr>\n<td>Resoluci\u00f3n<\/td>\n<td>0,001 A 0,01 A<\/td>\n<\/tr>\n<tr>\n<td>Exactitud<\/td>\n<td>1.5% + 3<\/td>\n<\/tr>\n<tr>\n<td colspan=\"2\"><strong>Amplificadores DC<\/strong><\/td>\n<\/tr>\n<tr>\n<td>Gama<\/td>\n<td>6 A 10 A 20 A<\/p>\n<p>sobrecarga durante 30 segundos m\u00e1x.<\/td>\n<\/tr>\n<tr>\n<td>Resoluci\u00f3n<\/td>\n<td>0,001 A 0,01 A<\/td>\n<\/tr>\n<tr>\n<td>Exactitud<\/td>\n<td>1.0% + 3<\/td>\n<\/tr>\n<tr>\n<td colspan=\"2\"><strong>Hz (entrada V o A)<\/strong><strong><sup>2<\/sup><\/strong><\/td>\n<\/tr>\n<tr>\n<td>Gama<\/td>\n<td>99,99 Hz 999,9 Hz 9,999 kHz<\/p>\n<p>50,00 kHz<\/td>\n<\/tr>\n<tr>\n<td>Resoluci\u00f3n<\/td>\n<td>0,01 Hz 0,1 Hz 0,001 kHz<\/p>\n<p>0,01 kHz<\/td>\n<\/tr>\n<tr>\n<td>Exactitud<\/td>\n<td>0.1% + 2<\/td>\n<\/tr>\n<\/tbody>\n<\/table>\n<p>&nbsp;<\/p>\n<div class=\"woocommerce-tabs wc-tabs-wrapper\">\n<div id=\"tab-description\" class=\"woocommerce-Tabs-panel woocommerce-Tabs-panel--description panel entry-content wc-tab\" role=\"tabpanel\" aria-labelledby=\"tab-title-description\">\n<div class=\"span10\">\n<div class=\"mhide ipad-view-setting\">\n<div class=\"row-fluid ProductTabs\">\n<div class=\"span12\"><\/div>\n<\/div>\n<\/div>\n<\/div>\n<\/div>\n<\/div>\n","protected":false},"excerpt":{"rendered":"<p>Perfecto para aplicaciones de pruebas el\u00e9ctricas y electr\u00f3nicas, este medidor True RMS asimismo viene equipado con una operaci\u00f3n f\u00e1cil con solo una mano y un dise\u00f1o s\u00f3lido. Adem\u00e1s de esto , mide el voltaje y la corriente RMS verdaderos con una resoluci\u00f3n de 6000 unidades , tal como resistencia, continuidad, continuidad y capacitancia.<\/p>\n","protected":false},"featured_media":4290,"template":"","meta":[],"product_cat":[16],"product_tag":[],"class_list":["post-4289","product","type-product","status-publish","has-post-thumbnail","hentry","product_cat-uncategorized"],"_links":{"self":[{"href":"https:\/\/calibracion.com.mx\/tienda\/wp-json\/wp\/v2\/product\/4289","targetHints":{"allow":["GET"]}}],"collection":[{"href":"https:\/\/calibracion.com.mx\/tienda\/wp-json\/wp\/v2\/product"}],"about":[{"href":"https:\/\/calibracion.com.mx\/tienda\/wp-json\/wp\/v2\/types\/product"}],"wp:featuredmedia":[{"embeddable":true,"href":"https:\/\/calibracion.com.mx\/tienda\/wp-json\/wp\/v2\/media\/4290"}],"wp:attachment":[{"href":"https:\/\/calibracion.com.mx\/tienda\/wp-json\/wp\/v2\/media?parent=4289"}],"wp:term":[{"taxonomy":"product_cat","embeddable":true,"href":"https:\/\/calibracion.com.mx\/tienda\/wp-json\/wp\/v2\/product_cat?post=4289"},{"taxonomy":"product_tag","embeddable":true,"href":"https:\/\/calibracion.com.mx\/tienda\/wp-json\/wp\/v2\/product_tag?post=4289"}],"curies":[{"name":"wp","href":"https:\/\/api.w.org\/{rel}","templated":true}]}}