{"id":4329,"date":"2023-12-04T20:29:28","date_gmt":"2023-12-04T20:29:28","guid":{"rendered":"https:\/\/calibracion.com.mx\/tienda\/?post_type=product&#038;p=4329"},"modified":"2023-12-04T20:29:29","modified_gmt":"2023-12-04T20:29:29","slug":"pinza-amperimetrica-fluke-353-true-rms-2000-a","status":"publish","type":"product","link":"https:\/\/calibracion.com.mx\/tienda\/pinza-amperimetrica-fluke-353-true-rms-2000-a\/","title":{"rendered":"pinza amperim\u00e9trica fluke 353 true rms, 2000 a"},"content":{"rendered":"<h3>Funciones<\/h3>\n<ul>\n<li>Analice r\u00e1pidamente las lecturas con las funciones MIN, MAX y AVG.<\/li>\n<li>La gran capacidad de la mand\u00edbula de 2,3\u2033 (58 mm) es adecuada para conductores grandes o m\u00faltiples.<\/li>\n<li>Mida con precisi\u00f3n la frecuencia de hasta 1 kHz para una soluci\u00f3n de problemas \u00f3ptima.<\/li>\n<li>Clasificaci\u00f3n CAT IV 600 V, CAT III 1000 V para mayor protecci\u00f3n del usuario.<\/li>\n<li>Una gran pantalla retroiluminada permite una f\u00e1cil visibilidad en \u00e1reas con poca luz.<\/li>\n<li>Utilice el filtro de paso bajo para suavizar las cargas ruidosas y estabilizar las lecturas.<\/li>\n<li>Maneje de manera confiable una amplia gama de aplicaciones de alta corriente con 2000 A AC y DC True RMS, 1400 A AC y 2000 A DC.<\/li>\n<li>La medici\u00f3n de corriente en la corriente de subida captura la corriente de sobretensi\u00f3n de \u201cencendido\u201d con precisi\u00f3n y repetibilidad.<\/li>\n<li>Utilice la funci\u00f3n de retenci\u00f3n de pantalla para capturar lecturas incluso cuando la pantalla no se puede ver.<\/li>\n<\/ul>\n<h3>Especificaciones de Fluke 353<\/h3>\n<table width=\"580\">\n<tbody>\n<tr>\n<td colspan=\"2\"><strong>Medici\u00f3n de corriente CC y CA de 10 a 100 Hz<\/strong><\/td>\n<\/tr>\n<tr>\n<td>Gama<\/td>\n<td>40 A\/400 A\/2000 A\/1400 AC RMS<\/td>\n<\/tr>\n<tr>\n<td>Resoluci\u00f3n<\/td>\n<td>10 mA\/100 mA\/1 A<\/td>\n<\/tr>\n<tr>\n<td>Exactitud<\/td>\n<td>A: 1.5% rdg + 15 d\u00edgitos A: 1.5% rdg + 5 d\u00edgitos<\/td>\n<\/tr>\n<tr>\n<td>Nivel de activaci\u00f3n para Inrush<\/td>\n<td>0,50 A\/5,0 A\/5 A<\/td>\n<\/tr>\n<tr>\n<td>Nivel de disparo para el filtro Hz OFF<\/td>\n<td>2,50 A\/2,5 A\/8 A<\/td>\n<\/tr>\n<tr>\n<td>Nivel de disparo para el filtro Hz ON<\/td>\n<td>0,50 A\/2,5 A\/8 A<\/td>\n<\/tr>\n<tr>\n<td colspan=\"2\"><strong>Factor de cresta (50\/60 Hz)<\/strong><\/td>\n<\/tr>\n<tr>\n<td>Gama<\/td>\n<td>40 A\/400 A\/2000 A\/1400 AC RMS<\/td>\n<\/tr>\n<tr>\n<td>Factor de cresta<\/td>\n<td>2 a 33 A, 2,4 a 27 A 2 a 330 A, 2,4 a 270 A 2 a 1000 A, 2,4 a 833 A<\/td>\n<\/tr>\n<tr>\n<td colspan=\"2\"><strong>Medici\u00f3n de corriente AC 100.1 Hz a 1 kHz<\/strong><\/td>\n<\/tr>\n<tr>\n<td>Gama<\/td>\n<td>40 A\/400 A\/2000 A; 1400 AC RMS<\/td>\n<\/tr>\n<tr>\n<td>Resoluci\u00f3n<\/td>\n<td>10 mA\/100 mA\/1 A<\/td>\n<\/tr>\n<tr>\n<td>Exactitud<\/td>\n<td>10 A: 3,5% rdg + 15 d\u00edgitos 10 A: 3,5% rdg + 5 d\u00edgitos<\/td>\n<\/tr>\n<tr>\n<td>Nivel de activaci\u00f3n para Inrush<\/td>\n<td>0,50 A\/5,0 A\/5 A<\/td>\n<\/tr>\n<tr>\n<td>Nivel de disparo para el filtro Hz OFF<\/td>\n<td>2,50 A\/2,5 A\/8 A<\/td>\n<\/tr>\n<tr>\n<td>Nivel de disparo para el filtro Hz ON<\/td>\n<td>0,50 A\/2,5 A\/8 A<\/td>\n<\/tr>\n<tr>\n<td colspan=\"2\"><strong>Medici\u00f3n de frecuencia<\/strong><\/td>\n<\/tr>\n<tr>\n<td>Rango de medici\u00f3n<\/td>\n<td>De 5,0 Hz a 1 kHz<\/td>\n<\/tr>\n<tr>\n<td>Resoluci\u00f3n<\/td>\n<td>0,1 Hz (15 Hz a 399,9 Hz) 1 Hz (400 Hz a 1 kHz)<\/td>\n<\/tr>\n<tr>\n<td>Exactitud<\/td>\n<td>5,0 a 100 Hz: 0,2% + 2 recuentos 100,1 Hz a 1 kHz: 0,5% + 5 recuentos<\/td>\n<\/tr>\n<tr>\n<td colspan=\"2\"><strong>Especificaciones ambientales<\/strong><\/td>\n<\/tr>\n<tr>\n<td>Temperatura de funcionamiento<\/td>\n<td>De 32 a 122 \u00b0C (de 0 a 50 \u00b0F)<\/td>\n<\/tr>\n<tr>\n<td>Temperatura de almacenamiento<\/td>\n<td>-4 a 140\u00b0F (-20 a 60\u00b0C)<\/td>\n<\/tr>\n<tr>\n<td>Humedad de funcionamiento<\/td>\n<td>0 a 95% (sin condensaci\u00f3n)<\/td>\n<\/tr>\n<tr>\n<td>Altitud de funcionamiento<\/td>\n<td>6561,68\u2032 (2000 m)<\/td>\n<\/tr>\n<tr>\n<td>Altitud de almacenamiento<\/td>\n<td>32.808,4\u2032 (10.000 m)<\/td>\n<\/tr>\n<tr>\n<td>Clasificaci\u00f3n IP<\/td>\n<td>42 (solo para uso en interiores)<\/td>\n<\/tr>\n<tr>\n<td>Requisitos de la prueba de ca\u00edda<\/td>\n<td>3,28\u2032 (1 m)<\/td>\n<\/tr>\n<tr>\n<td>EMI, RFI, EMC<\/td>\n<td>FCC parte 15, IEC\/EN 61326-1:1997 clase B IEC\/EN 61326:1997 3V\/m, criterios de rendimiento B, EN61325<\/td>\n<\/tr>\n<tr>\n<td>Coeficientes de temperatura<\/td>\n<td>Corriente: 0.1% de lectura por \u00b0C fuera de 22\u00b0C a 24\u00b0C Voltaje: 0.1% de lectura por \u00b0C fuera de 22\u00b0C a 24\u00b0C<\/td>\n<\/tr>\n<tr>\n<td colspan=\"2\"><strong>Especificaciones generales<\/strong><\/td>\n<\/tr>\n<tr>\n<td>Bater\u00eda<\/td>\n<td>Tipo: 6 x 1.5 V AA NEDA 15 A o IEC LR6<br \/>\nVida: 100 horas<\/td>\n<\/tr>\n<tr>\n<td>Cables de prueba<\/td>\n<td>Clasificaci\u00f3n de hasta 1000 V<\/td>\n<\/tr>\n<tr>\n<td>Tama\u00f1o de la mand\u00edbula<\/td>\n<td>2 mm (28,58\u2033)<\/td>\n<\/tr>\n<tr>\n<td>Dimensiones<\/td>\n<td>12 x 3,75 x 2\u2033 (300 x 98 x 52 mm)<\/td>\n<\/tr>\n<tr>\n<td>Peso<\/td>\n<td>1,8 lb (0,814 kg)<\/td>\n<\/tr>\n<tr>\n<td>Clasificaci\u00f3n de seguridad<\/td>\n<td>IEC 61010-2-032, 600 V CAT IV, 1000 V CAT III<\/td>\n<\/tr>\n<\/tbody>\n<\/table>\n<p>&nbsp;<\/p>\n","protected":false},"excerpt":{"rendered":"<p><strong>Funciones<\/strong><\/p>\n<ul>\n<li>Maneje de manera confiable una amplia gama de aplicaciones de alta corriente con 2000 A AC y DC True RMS, 1400 A AC y 2000 A DC<\/li>\n<li>La gran capacidad de la mand\u00edbula de 2,3\u2033 (58 mm) es adecuada para conductores grandes o m\u00faltiples.<\/li>\n<\/ul>\n","protected":false},"featured_media":4332,"template":"","meta":[],"product_cat":[16],"product_tag":[],"class_list":["post-4329","product","type-product","status-publish","has-post-thumbnail","hentry","product_cat-uncategorized"],"_links":{"self":[{"href":"https:\/\/calibracion.com.mx\/tienda\/wp-json\/wp\/v2\/product\/4329","targetHints":{"allow":["GET"]}}],"collection":[{"href":"https:\/\/calibracion.com.mx\/tienda\/wp-json\/wp\/v2\/product"}],"about":[{"href":"https:\/\/calibracion.com.mx\/tienda\/wp-json\/wp\/v2\/types\/product"}],"wp:featuredmedia":[{"embeddable":true,"href":"https:\/\/calibracion.com.mx\/tienda\/wp-json\/wp\/v2\/media\/4332"}],"wp:attachment":[{"href":"https:\/\/calibracion.com.mx\/tienda\/wp-json\/wp\/v2\/media?parent=4329"}],"wp:term":[{"taxonomy":"product_cat","embeddable":true,"href":"https:\/\/calibracion.com.mx\/tienda\/wp-json\/wp\/v2\/product_cat?post=4329"},{"taxonomy":"product_tag","embeddable":true,"href":"https:\/\/calibracion.com.mx\/tienda\/wp-json\/wp\/v2\/product_tag?post=4329"}],"curies":[{"name":"wp","href":"https:\/\/api.w.org\/{rel}","templated":true}]}}