{"id":4333,"date":"2023-12-04T20:33:28","date_gmt":"2023-12-04T20:33:28","guid":{"rendered":"https:\/\/calibracion.com.mx\/tienda\/?post_type=product&#038;p=4333"},"modified":"2023-12-04T20:33:29","modified_gmt":"2023-12-04T20:33:29","slug":"pinza-amperimetrica-inalambrica-fluke-902-fc-true-rms-hvac-r-cat-iii-600v-cat-iv-300v","status":"publish","type":"product","link":"https:\/\/calibracion.com.mx\/tienda\/pinza-amperimetrica-inalambrica-fluke-902-fc-true-rms-hvac-r-cat-iii-600v-cat-iv-300v\/","title":{"rendered":"Pinza amperim\u00e9trica inal\u00e1mbrica fluke 902 fc true rms hvac-r, cat iii 600v \u2013 cat iv 300v"},"content":{"rendered":"<p>Ofrece las especificaciones necesarias para hacer un diagnostico y reparar sistemas HVAC\/R. Adem\u00e1s de esto , con Fluke Connect puede realizar mediciones de tendencias, crear y mandar informes directamente desde el campo, mantenerse distanciado de equipos en directo de manera segura mientras efect\u00faa mediciones y considerablemente m\u00e1s.<\/p>\n<h3>Funciones<\/h3>\n<ul>\n<li>Pantalla retroiluminada grande y f\u00e1cil de leer.<\/li>\n<li>Medici\u00f3n de resistencia hasta 60 k\u03a9.<\/li>\n<li>Clasificaci\u00f3n de seguridad CAT III 600V \/ CAT IV 300V.<\/li>\n<li>Haga m\u00e1s cosas de forma m\u00e1s r\u00e1pida y segura que antes conectando su medidor a Fluke Connect y capture mediciones de forma inal\u00e1mbrica.<\/li>\n<li>Guarde su medici\u00f3n en Fluke Cloud Almacenamiento para an\u00e1lisis o comparaci\u00f3n con datos de inspecci\u00f3n anteriores.<\/li>\n<li>Voltaje y corriente RMS reales para mediciones precisas en se\u00f1ales no lineales.<\/li>\n<li>Medici\u00f3n de corriente alterna de 600 A.<\/li>\n<li>Crear y enviar informes por correo electr\u00f3nico directamente desde el campo.<\/li>\n<li>Medici\u00f3n de capacitancia de 1000 \u03bcF.<\/li>\n<li>La funci\u00f3n de rango de medici\u00f3n cambia autom\u00e1ticamente las posiciones del interruptor.<\/li>\n<li>Grabaci\u00f3n m\u00ednima y m\u00e1xima para capturar variaciones autom\u00e1ticamente.<\/li>\n<li>Medici\u00f3n de corriente continua hasta 200 \u03bcA.<\/li>\n<li>Tres a\u00f1os de garant\u00eda.<\/li>\n<li>No se arriesgue a errores de transcripci\u00f3n, guarde sus mediciones directamente en su medidor desde su tel\u00e9fono inteligente con solo presionar un bot\u00f3n.<\/li>\n<li>El dise\u00f1o ergon\u00f3mico se adapta a la mano y se puede usar mientras se usa equipo de protecci\u00f3n personal.<\/li>\n<li>Cuando se necesita colaboraci\u00f3n en equipo, utilice Fluke Connect ShareLive Videollamada para compartir mediciones en vivo y discutir los pr\u00f3ximos pasos con colegas.<\/li>\n<li>Monitoree instant\u00e1neamente las mediciones en vivo en la pantalla de su tel\u00e9fono para obtener mejores resultados de soluci\u00f3n de problemas.<\/li>\n<li>Lea las mediciones en su tel\u00e9fono a una distancia segura, usando menos EPP mientras su medidor toma los riesgos de la zona de explosi\u00f3n de arco, no usted.<\/li>\n<li>Medici\u00f3n de voltaje de 600 V CA y CC.<\/li>\n<li>El apagado autom\u00e1tico maximiza la duraci\u00f3n de la bater\u00eda para que el medidor funcione cuando lo necesite.<\/li>\n<li>Rango de resistencia extendido para medir un amplio conjunto de termistores, rango de corriente de CC \u03bcA para medir la corriente del sensor de llama, la temperatura de contacto y la capacitancia.<\/li>\n<\/ul>\n<h3>Aplicaciones<\/h3>\n<ul>\n<li>HVAC\/R.<\/li>\n<li>Mantenimiento el\u00e9ctrico de uso general.<\/li>\n<li>Mantenimiento preventivo.<\/li>\n<li>Soluci\u00f3n de problemas.<\/li>\n<\/ul>\n<h3>Especificaciones del Fluke 902 FC<\/h3>\n<table>\n<tbody>\n<tr>\n<td colspan=\"2\"><strong>Un aire acondicionado (a trav\u00e9s de Jaw)<\/strong><\/td>\n<\/tr>\n<tr>\n<td>Gama<\/td>\n<td>60\/600A<\/td>\n<\/tr>\n<tr>\n<td>Resoluci\u00f3n<\/td>\n<td>0,01\/0,1 A<\/td>\n<\/tr>\n<tr>\n<td>Exactitud<\/td>\n<td>2,0% \u00b15 d\u00edgitos (45 a 65 Hz) 2,5% \u00b15 d\u00edgitos (65 a 400 Hz)<\/td>\n<\/tr>\n<tr>\n<td>Factor de cresta (50Hz o 60Hz)<\/td>\n<td>2.5 a 220A 3.0 a 180A &gt;1.4 a 600A<\/p>\n<p>A\u00f1adir 2% k\u03a9 para CF&gt;2<\/td>\n<\/tr>\n<tr>\n<td colspan=\"2\"><strong>V ac<\/strong><\/td>\n<\/tr>\n<tr>\n<td>Gama<\/td>\n<td>600V<\/td>\n<\/tr>\n<tr>\n<td>Resoluci\u00f3n<\/td>\n<td>0,1 V<\/td>\n<\/tr>\n<tr>\n<td>Exactitud<\/td>\n<td>1,5% \u00b15 d\u00edgitos (45 a 400Hz)<\/td>\n<\/tr>\n<tr>\n<td colspan=\"2\"><strong>V CC<\/strong><\/td>\n<\/tr>\n<tr>\n<td>Gama<\/td>\n<td>600V<\/td>\n<\/tr>\n<tr>\n<td>Resoluci\u00f3n<\/td>\n<td>0,1 V<\/td>\n<\/tr>\n<tr>\n<td>Exactitud<\/td>\n<td>1% \u00b15 d\u00edgitos<\/td>\n<\/tr>\n<tr>\n<td colspan=\"2\"><strong>Ohmios<\/strong><\/td>\n<\/tr>\n<tr>\n<td>Gama<\/td>\n<td>600\/6,000\/60,000 \u03a9<\/td>\n<\/tr>\n<tr>\n<td>Resoluci\u00f3n<\/td>\n<td>0.1\/1\/10<\/td>\n<\/tr>\n<tr>\n<td>Exactitud<\/td>\n<td>1% \u00b15 d\u00edgitos<\/td>\n<\/tr>\n<tr>\n<td colspan=\"2\"><strong>\u03bcA<\/strong><\/td>\n<\/tr>\n<tr>\n<td>Gama<\/td>\n<td>200 \u03bcA<\/td>\n<\/tr>\n<tr>\n<td>Resoluci\u00f3n<\/td>\n<td>0,1 \u03bcA<\/td>\n<\/tr>\n<tr>\n<td>Exactitud<\/td>\n<td>1% \u00b14 d\u00edgitos<\/td>\n<\/tr>\n<tr>\n<td colspan=\"2\"><strong>Temperatura de contacto<\/strong><\/td>\n<\/tr>\n<tr>\n<td>Gama<\/td>\n<td>14 a 752\u00b0F (10 a 400\u00b0C)<\/td>\n<\/tr>\n<tr>\n<td>Resoluci\u00f3n<\/td>\n<td>0,1 C\/F<\/td>\n<\/tr>\n<tr>\n<td>Exactitud<\/td>\n<td>1% \u00b18 d\u00edgitos<\/td>\n<\/tr>\n<tr>\n<td colspan=\"2\"><strong>Capacitancia<\/strong><\/td>\n<\/tr>\n<tr>\n<td>Gama<\/td>\n<td>100.0\/1000 \u03bcF<\/td>\n<\/tr>\n<tr>\n<td>Resoluci\u00f3n<\/td>\n<td>0.1\/1 \u03bcF<\/td>\n<\/tr>\n<tr>\n<td>Exactitud<\/td>\n<td>1% \u00b14 d\u00edgitos<\/td>\n<\/tr>\n<\/tbody>\n<\/table>\n<p>&nbsp;<\/p>\n","protected":false},"excerpt":{"rendered":"<p>Ofrece las especificaciones necesarias para hacer un diagnostico y reparar sistemas HVAC\/R. Adem\u00e1s de esto , con Fluke Connect puede realizar mediciones de tendencias, crear y mandar informes directamente desde el campo, mantenerse distanciado de equipos en directo de manera segura mientras efect\u00faa mediciones y considerablemente m\u00e1s.<\/p>\n","protected":false},"featured_media":4334,"template":"","meta":[],"product_cat":[16],"product_tag":[],"class_list":["post-4333","product","type-product","status-publish","has-post-thumbnail","hentry","product_cat-uncategorized"],"_links":{"self":[{"href":"https:\/\/calibracion.com.mx\/tienda\/wp-json\/wp\/v2\/product\/4333","targetHints":{"allow":["GET"]}}],"collection":[{"href":"https:\/\/calibracion.com.mx\/tienda\/wp-json\/wp\/v2\/product"}],"about":[{"href":"https:\/\/calibracion.com.mx\/tienda\/wp-json\/wp\/v2\/types\/product"}],"wp:featuredmedia":[{"embeddable":true,"href":"https:\/\/calibracion.com.mx\/tienda\/wp-json\/wp\/v2\/media\/4334"}],"wp:attachment":[{"href":"https:\/\/calibracion.com.mx\/tienda\/wp-json\/wp\/v2\/media?parent=4333"}],"wp:term":[{"taxonomy":"product_cat","embeddable":true,"href":"https:\/\/calibracion.com.mx\/tienda\/wp-json\/wp\/v2\/product_cat?post=4333"},{"taxonomy":"product_tag","embeddable":true,"href":"https:\/\/calibracion.com.mx\/tienda\/wp-json\/wp\/v2\/product_tag?post=4333"}],"curies":[{"name":"wp","href":"https:\/\/api.w.org\/{rel}","templated":true}]}}