{"id":4364,"date":"2023-12-05T14:33:36","date_gmt":"2023-12-05T14:33:36","guid":{"rendered":"https:\/\/calibracion.com.mx\/tienda\/?post_type=product&#038;p=4364"},"modified":"2023-12-05T14:33:37","modified_gmt":"2023-12-05T14:33:37","slug":"pinza-amperimetrica-fluke-365-mandibula-desmontable-true-rms-ac-dc-200-a","status":"publish","type":"product","link":"https:\/\/calibracion.com.mx\/tienda\/pinza-amperimetrica-fluke-365-mandibula-desmontable-true-rms-ac-dc-200-a\/","title":{"rendered":"pinza amperim\u00e9trica fluke 365 mand\u00edbula desmontable true rms ac-dc, 200 a"},"content":{"rendered":"<h3>Funciones<\/h3>\n<ul>\n<li>La mand\u00edbula desmontable facilita el acceso a los cables y la visualizaci\u00f3n de la pantalla.<\/li>\n<li>Clasificaci\u00f3n de seguridad CAT III 600 V.<\/li>\n<li>La linterna \/ antorcha incorporada permite una f\u00e1cil iluminaci\u00f3n e identificaci\u00f3n de cables.<\/li>\n<li>El dise\u00f1o compacto cabe en su mano y se puede usar mientras usa equipo de protecci\u00f3n personal.<\/li>\n<li>La pantalla de retroiluminaci\u00f3n grande y f\u00e1cil de leer establece autom\u00e1ticamente el rango de medici\u00f3n correcto para que no tenga que cambiar las posiciones de los interruptores mientras realiza una medici\u00f3n.<\/li>\n<li>El procesamiento de se\u00f1ales de \u00faltima generaci\u00f3n permite su uso en entornos el\u00e9ctricos ruidosos al tiempo que proporciona lecturas estables.<\/li>\n<\/ul>\n<h3>Capacidad de medici\u00f3n<\/h3>\n<ul>\n<li>Medici\u00f3n de resistencia de 6000 \u03a9 con detecci\u00f3n de continuidad.<\/li>\n<li>Medici\u00f3n de voltaje de 600 V CA y CC.<\/li>\n<li>Medici\u00f3n de corriente AC y DC de 200 A con mand\u00edbula desmontable.<\/li>\n<li>Voltaje y corriente de CA RMS reales para mediciones precisas en se\u00f1ales no lineales.<\/li>\n<\/ul>\n<h3>Especificaciones de Fluke 365<\/h3>\n<table class=\"table table-striped\">\n<tbody>\n<tr>\n<td colspan=\"2\"><strong>Corriente alterna<\/strong><\/td>\n<\/tr>\n<tr>\n<td>Gama<\/td>\n<td>200 A<\/td>\n<\/tr>\n<tr>\n<td>Resoluci\u00f3n<\/td>\n<td>0,1 A<\/td>\n<\/tr>\n<tr>\n<td>Exactitud<\/td>\n<td>2% \u00b1 5 d\u00edgitos<\/td>\n<\/tr>\n<tr>\n<td colspan=\"2\"><strong>Corriente continua<\/strong><\/td>\n<\/tr>\n<tr>\n<td>Gama<\/td>\n<td>200 A<\/td>\n<\/tr>\n<tr>\n<td>Resoluci\u00f3n<\/td>\n<td>0,1 A<\/td>\n<\/tr>\n<tr>\n<td>Exactitud<\/td>\n<td>2% \u00b1 5 d\u00edgitos<\/td>\n<\/tr>\n<tr>\n<td colspan=\"2\"><strong>Voltaje de CA<\/strong><\/td>\n<\/tr>\n<tr>\n<td>Gama<\/td>\n<td>600 V<\/td>\n<\/tr>\n<tr>\n<td>Resoluci\u00f3n<\/td>\n<td>0,1 V<\/td>\n<\/tr>\n<tr>\n<td>Exactitud<\/td>\n<td>2% \u00b1 5 d\u00edgitos<\/td>\n<\/tr>\n<tr>\n<td colspan=\"2\"><strong>Voltaje de CC<\/strong><\/td>\n<\/tr>\n<tr>\n<td>Gama<\/td>\n<td>600 V<\/td>\n<\/tr>\n<tr>\n<td>Resoluci\u00f3n<\/td>\n<td>0,1 V<\/td>\n<\/tr>\n<tr>\n<td>Exactitud<\/td>\n<td>2% \u00b1 5 d\u00edgitos<\/td>\n<\/tr>\n<tr>\n<td colspan=\"2\"><strong>Resistencia<\/strong><\/td>\n<\/tr>\n<tr>\n<td>Gama<\/td>\n<td>6000 \u03a9<\/td>\n<\/tr>\n<tr>\n<td>Resoluci\u00f3n<\/td>\n<td>0.1 \u03a9<\/td>\n<\/tr>\n<tr>\n<td>Exactitud<\/td>\n<td>1% \u00b1 5 d\u00edgitos<\/td>\n<\/tr>\n<tr>\n<td colspan=\"2\"><strong>Especificaciones generales<\/strong><\/td>\n<\/tr>\n<tr>\n<td>Capacidad del cable<\/td>\n<td>0 mm (67,17\u2033)<\/td>\n<\/tr>\n<tr>\n<td>Di\u00e1metro del conductor medible<\/td>\n<td>0 mm (71,18\u2033)<\/td>\n<\/tr>\n<tr>\n<td>Temperatura de funcionamiento<\/td>\n<td>-14 a 122\u00baF (-10 a 50\u00baC)<\/td>\n<\/tr>\n<tr>\n<td>Temperatura de almacenamiento<\/td>\n<td>-40 a 140\u00baF (-40 a 60\u00baC)<\/td>\n<\/tr>\n<tr>\n<td>Humedad de funcionamiento<\/td>\n<td>&lt;90% a 50 a 86 \u00b0F (10 a 30 \u00b0C) &lt;75 % a 86 a 104 \u00b0F (30 a 40 \u00b0C)<\/td>\n<\/tr>\n<tr>\n<td>Altitud de funcionamiento<\/td>\n<td>0 a 6561,7\u2032 (0 a 2000 m)<\/td>\n<\/tr>\n<tr>\n<td>Coeficiente de temperatura<\/td>\n<td>0.01% \u00b0C (&lt;18\u00b0C o &gt;28\u00b0C)<\/td>\n<\/tr>\n<tr>\n<td>Dimensiones<\/td>\n<td>8,9 x 2,6 x 1,8\u2033 (225 x 65 x 46 mm)<\/td>\n<\/tr>\n<tr>\n<td>Peso<\/td>\n<td>0,6 libras (275 g)<\/td>\n<\/tr>\n<tr>\n<td>Clasificaci\u00f3n de seguridad<\/td>\n<td>CAT III 600 V<\/td>\n<\/tr>\n<\/tbody>\n<\/table>\n","protected":false},"excerpt":{"rendered":"<p><strong>Funciones:<\/strong><\/p>\n<ul>\n<li>La mand\u00edbula desmontable facilita el acceso a los cables y la visualizaci\u00f3n de la pantalla.<\/li>\n<li>La linterna \/ antorcha incorporada permite una f\u00e1cil iluminaci\u00f3n e identificaci\u00f3n de cables.<\/li>\n<li>Clasificaci\u00f3n de seguridad CAT III 600 V.<\/li>\n<\/ul>\n","protected":false},"featured_media":4371,"template":"","meta":[],"product_cat":[16],"product_tag":[],"class_list":["post-4364","product","type-product","status-publish","has-post-thumbnail","hentry","product_cat-uncategorized"],"_links":{"self":[{"href":"https:\/\/calibracion.com.mx\/tienda\/wp-json\/wp\/v2\/product\/4364","targetHints":{"allow":["GET"]}}],"collection":[{"href":"https:\/\/calibracion.com.mx\/tienda\/wp-json\/wp\/v2\/product"}],"about":[{"href":"https:\/\/calibracion.com.mx\/tienda\/wp-json\/wp\/v2\/types\/product"}],"wp:featuredmedia":[{"embeddable":true,"href":"https:\/\/calibracion.com.mx\/tienda\/wp-json\/wp\/v2\/media\/4371"}],"wp:attachment":[{"href":"https:\/\/calibracion.com.mx\/tienda\/wp-json\/wp\/v2\/media?parent=4364"}],"wp:term":[{"taxonomy":"product_cat","embeddable":true,"href":"https:\/\/calibracion.com.mx\/tienda\/wp-json\/wp\/v2\/product_cat?post=4364"},{"taxonomy":"product_tag","embeddable":true,"href":"https:\/\/calibracion.com.mx\/tienda\/wp-json\/wp\/v2\/product_tag?post=4364"}],"curies":[{"name":"wp","href":"https:\/\/api.w.org\/{rel}","templated":true}]}}