{"id":4374,"date":"2023-12-05T14:37:48","date_gmt":"2023-12-05T14:37:48","guid":{"rendered":"https:\/\/calibracion.com.mx\/tienda\/?post_type=product&#038;p=4374"},"modified":"2023-12-05T14:37:49","modified_gmt":"2023-12-05T14:37:49","slug":"mitutoyo-513-452-10e-indicador-de-prueba-de-dial-vertical-conjunto-basico-rango-de-0-03%e2%80%b3","status":"publish","type":"product","link":"https:\/\/calibracion.com.mx\/tienda\/mitutoyo-513-452-10e-indicador-de-prueba-de-dial-vertical-conjunto-basico-rango-de-0-03%e2%80%b3\/","title":{"rendered":"Mitutoyo 513-452-10e indicador de prueba de dial vertical, conjunto b\u00e1sico, rango de 0.03\u2033"},"content":{"rendered":"<h5><strong>Funciones:<\/strong><\/h5>\n<ul>\n<li>Un descendiente liso de \u00f88 mm (\u00f80,315\u2033) (21CAB104) para los modelos Metric o un descendiente liso de \u00f89,52 mm (\u00f83\/8\u2033) (21CAB105) para los modelos Inch que se adhiere a cualquier cola de milano en el marco se provee como accesorio est\u00e1ndar.<\/li>\n<li>Los recubrimientos duros, antiincrustantes y antideslumbrantes en el cristal inhiben los ara\u00f1azos , la contaminaci\u00f3n y el deslumbramiento en la \u00e1rea.<\/li>\n<li>El sello de junta t\u00f3rica en el bisel tiene el efecto de proveer una rotaci\u00f3n suave y evita que el polvo y el aceite penetren a trav\u00e9s de la esfera.<\/li>\n<li>Como la longitud del lapicero \u00f3ptico instalado perjudica al aspecto de escala del indicador , la longitud que da un aspecto de escala de unidad se marca en la esfera para asistir al cliente a pedir el lapicero \u00f3ptico de remplazo correcto.<\/li>\n<li>La uni\u00f3n del bisel y el cristal no deja espacio para que el fluido de corte o el aceite penetren mediante la esfera.<\/li>\n<li>La capacidad del indicio para seguir peque\u00f1os cambios en el desplazamiento se estropea gracias a cambios m\u00ednimos en el espacio libre entre los engranajes con un empleo prolongado.<\/li>\n<li>El procedimiento usual de montar el tornillo del cojinete de pivote del l\u00e1piz \u00f3ptico en el marco es predispuesto a permitir que se desarrolle holgura con la utilizaci\u00f3n prolongado. Una composici\u00f3n \u00fanica de subplaca para albergar este tornillo en este momento se incorpor\u00f3 en todos y cada uno de los modelos y suprime este inconveniente.<\/li>\n<li>Una brida impide que el bisel se retire involuntariamente debido a la app de una fuerza al bisel durante la manipulaci\u00f3n.<\/li>\n<li>La cara plana de cristal sin deslumbramiento deja una f\u00e1cil lectura de las graduaciones.<\/li>\n<li>El uso de fuentes universales, el cambio del color de la cara del dial y la revisi\u00f3n de la relaci\u00f3n entre el puntero y las fabricantes de escala han mejorado dr\u00e1sticamente la visibilidad.<\/li>\n<li>Certificado adjunto.<\/li>\n<\/ul>\n<h4><strong>Especificaciones:<\/strong><\/h4>\n<table class=\"table table-striped\" style=\"height: 265px;\" width=\"465\">\n<tbody>\n<tr>\n<td>Gama<\/td>\n<td>0.03\u2033<\/td>\n<\/tr>\n<tr>\n<td>Graduaci\u00f3n<\/td>\n<td>0.0005\u2033<\/td>\n<\/tr>\n<tr>\n<td>Lectura de marcaci\u00f3n<\/td>\n<td>0-15-0<\/td>\n<\/tr>\n<tr>\n<td>Rango de medici\u00f3n<\/td>\n<td>\u00b10,0005\u2033<\/td>\n<\/tr>\n<tr>\n<td>Hist\u00e9resis<\/td>\n<td>0.0002\u2033<\/td>\n<\/tr>\n<tr>\n<td>Repetibilidad<\/td>\n<td>0.0002\u2033<\/td>\n<\/tr>\n<tr>\n<td>Masa<\/td>\n<td>46%<\/td>\n<\/tr>\n<tr>\n<td>Fuerza de medici\u00f3n<\/td>\n<td>0.3N o menos<\/td>\n<\/tr>\n<tr>\n<td>Punto de contacto de carburo (antiim\u00e1n)<\/td>\n<td>S\u00ed<\/td>\n<\/tr>\n<\/tbody>\n<\/table>\n","protected":false},"excerpt":{"rendered":"<p>Este indicio de prueba de esfera vertical presenta una esfera blanca con una graduaci\u00f3n de 00005\u2033.<\/p>\n","protected":false},"featured_media":4375,"template":"","meta":[],"product_cat":[16],"product_tag":[],"class_list":["post-4374","product","type-product","status-publish","has-post-thumbnail","hentry","product_cat-uncategorized"],"_links":{"self":[{"href":"https:\/\/calibracion.com.mx\/tienda\/wp-json\/wp\/v2\/product\/4374","targetHints":{"allow":["GET"]}}],"collection":[{"href":"https:\/\/calibracion.com.mx\/tienda\/wp-json\/wp\/v2\/product"}],"about":[{"href":"https:\/\/calibracion.com.mx\/tienda\/wp-json\/wp\/v2\/types\/product"}],"wp:featuredmedia":[{"embeddable":true,"href":"https:\/\/calibracion.com.mx\/tienda\/wp-json\/wp\/v2\/media\/4375"}],"wp:attachment":[{"href":"https:\/\/calibracion.com.mx\/tienda\/wp-json\/wp\/v2\/media?parent=4374"}],"wp:term":[{"taxonomy":"product_cat","embeddable":true,"href":"https:\/\/calibracion.com.mx\/tienda\/wp-json\/wp\/v2\/product_cat?post=4374"},{"taxonomy":"product_tag","embeddable":true,"href":"https:\/\/calibracion.com.mx\/tienda\/wp-json\/wp\/v2\/product_tag?post=4374"}],"curies":[{"name":"wp","href":"https:\/\/api.w.org\/{rel}","templated":true}]}}