{"id":4411,"date":"2023-12-05T15:32:37","date_gmt":"2023-12-05T15:32:37","guid":{"rendered":"https:\/\/calibracion.com.mx\/tienda\/?post_type=product&#038;p=4411"},"modified":"2023-12-05T15:32:38","modified_gmt":"2023-12-05T15:32:38","slug":"kit-combinado-de-multimetro-para-electricistas-fluke-117-323-kit","status":"publish","type":"product","link":"https:\/\/calibracion.com.mx\/tienda\/kit-combinado-de-multimetro-para-electricistas-fluke-117-323-kit\/","title":{"rendered":"kit combinado de mult\u00edmetro para electricistas fluke 117-323-kit"},"content":{"rendered":"<p><strong>El mult\u00edmetro digital incluye detecci\u00f3n de voltaje sin contacto integrada para ayudar a realizar el trabajo m\u00e1s r\u00e1pido:<\/strong><\/p>\n<p>Ideal para apps como inmuebles comerciales, hospitales y escuelas , este mult\u00edmetro viene pertrechado con True-RMS. Este instrumento asiste para prevenir lecturas falsas causadas por voltaje fantasma debido a la detecci\u00f3n de voltaje sin contacto integrada , los voltios autom\u00e1ticos y las funcionalidades LoZ. Adem\u00e1s , esta herramienta viene suministrada con lecturas m\u00ednimas \/ m\u00e1ximas \/ promedio y mide la frecuencia , la capacitancia y una interfaz f\u00e1cil de utilizar.<\/p>\n<p><strong>Dise\u00f1ado y probado teniendo en cuenta su seguridad en el trabajo:<\/strong><\/p>\n<p>Probado para un uso seguro en entornos CAT III 600 V y desarrollado en m\u00faltiples caracter\u00edsticas para que sea mucho m\u00e1s simple y veloz para usted conseguir las mediciones que necesita.<\/p>\n<h3>Funciones<\/h3>\n<ul>\n<li>Proporciona baja impedancia de entrada para ayudar a prevenir lecturas falsas debido al voltaje fantasma.<\/li>\n<li>LoZ: ayuda a prevenir lecturas falsas debido al voltaje fantasma.<\/li>\n<li>CAT III 600 V con clasificaci\u00f3n de seguridad.<\/li>\n<li>Compatible con colgador magn\u00e9tico opcional (ToolPak) para funcionamiento manos libres.<\/li>\n<li>True-rms para mediciones precisas en cargas no lineales.<\/li>\n<li>Tecnolog\u00eda VoltAlert para la detecci\u00f3n de voltaje sin contacto.<\/li>\n<li>Resistencia, continuidad, frecuencia y capacitancia.<\/li>\n<li>Selecci\u00f3n autom\u00e1tica de voltaje CA\/CC AutoVolt.<\/li>\n<li>Preciso y f\u00e1cil de usar.<\/li>\n<li>M\u00edn.\/m\u00e1x\/promedio para registrar las fluctuaciones de la se\u00f1al.<\/li>\n<li>Gran retroiluminaci\u00f3n LED blanca para trabajar en \u00e1reas poco iluminadas.<\/li>\n<li>Mide 10 A (sobrecarga de 20 A durante 30 segundos).<\/li>\n<\/ul>\n<h3>Aplicaciones<\/h3>\n<ul>\n<li>Edificios comerciales.<\/li>\n<li>Hospitales.<\/li>\n<li>Escuelas.<\/li>\n<\/ul>\n<p><strong>Pinza amperim\u00e9trica Fluke 323 True RMS:<\/strong><\/p>\n<p>Proporciona un rendimiento robusto y fiable y tambi\u00e9n incluye mediciones True RMS, ergonom\u00eda mejorada y pantalla de importante tama\u00f1o , lo que lo realiza perfecto para la resoluci\u00f3n de problemas. Esta pinza amperim\u00e9trica pertenece a la serie 320 y est\u00e1 desarrollada para funcionar en los entornos mucho m\u00e1s dif\u00edciles , y le da resultados fiables y sin ruido. Su tama\u00f1o delgado y s\u00f3lido y su dise\u00f1o resistente lo hacen perfecto para medir corrientes de hasta 400 A en compartimentos de cable estrechos. \u00daselo para contrastar la existencia de corriente de carga, voltaje de CA, continuidad de circuitos, interruptores, fusibles y contactos.<\/p>\n<h3>Funciones<\/h3>\n<ul>\n<li>Mide la corriente alterna a 400 A.<\/li>\n<li>Proporciona voltaje y corriente de CA RMS verdadero para mediciones precisas en se\u00f1ales no lineales.<\/li>\n<li>CAT III 600 V, CAT IV 300 V.<\/li>\n<li>Dise\u00f1o delgado y ergon\u00f3mico para medir en compartimentos de cables estrechos.<\/li>\n<li>La funci\u00f3n Hold captura una lectura en la pantalla.<\/li>\n<li>Mide la resistencia a 4 k\u03a9 con detecci\u00f3n de continuidad.<\/li>\n<li>Mide voltaje de CA y voltaje de CC a 600 V.<\/li>\n<li>Pinza amperim\u00e9trica True-RMS b\u00e1sica robusta y fiable para medir una corriente de hasta 400 A.<\/li>\n<li>Presenta las mediciones en una pantalla grande y f\u00e1cil de leer.<\/li>\n<\/ul>\n<h3>Aplicaciones<\/h3>\n<ul>\n<li>HVAC\/R.<\/li>\n<li>Mantenimiento de la planta.<\/li>\n<li>Comercial.<\/li>\n<li>El\u00e9ctrico.<\/li>\n<li>Residencial.<\/li>\n<\/ul>\n<p><strong>Juego de cables de prueba Fluke TL175 TwistGuard<\/strong><\/p>\n<p><strong>Funciones<\/strong><\/p>\n<ul>\n<li>Punta extensible patentada TwistGuard.<\/li>\n<li>Indicaci\u00f3n de desgaste del cable de plomo WearGuard.<\/li>\n<li>Cables de silicona con doble aislamiento.<\/li>\n<li>Alivio de tensi\u00f3n de servicio extra pesado tanto en el extremo de la sonda como en el extremo del enchufe.<\/li>\n<li>Clasificaciones: CAT II 1000 V, CAT III 1000 V, CAT IV 600 V, 10 A m\u00e1x., Grado de contaminaci\u00f3n 2.<\/li>\n<li>Cumple con EN61010-031.<\/li>\n<\/ul>\n<p><strong>Percha del medidor magn\u00e9tico TPAK ToolPak de Fluke<\/strong><\/p>\n<p><strong>Funciones<\/strong><\/p>\n<ul>\n<li>La potente percha magn\u00e9tica le permite colgar su medidor en cualquier superficie met\u00e1lica.<\/li>\n<li>La correa de gancho y bucle de 9\u2033 (228,6 mm) le permite enrollar alrededor de las tuber\u00edas.<\/li>\n<li>Percha de gancho para colgar en superficies no magn\u00e9ticas.<\/li>\n<li>La percha de uso general le permite colgar su medidor en clavos, ganchos y muchos otros objetos.<\/li>\n<\/ul>\n<h3>Especificaciones de Fluke 117\/323-KIT<\/h3>\n<table>\n<tbody>\n<tr>\n<td colspan=\"2\"><strong>Milivoltios de CC<\/strong><\/td>\n<\/tr>\n<tr>\n<td>Gama<\/td>\n<td>600,0 mV<\/td>\n<\/tr>\n<tr>\n<td>Resoluci\u00f3n<\/td>\n<td>0,1 mV<\/td>\n<\/tr>\n<tr>\n<td>Exactitud<\/td>\n<td>\u00b10.5% de lectura + 2 cuentas<\/td>\n<\/tr>\n<tr>\n<td colspan=\"2\"><strong>Voltios DC<\/strong><\/td>\n<\/tr>\n<tr>\n<td>Gama<\/td>\n<td>6,000 V 60,00 V 600,0 V<\/td>\n<\/tr>\n<tr>\n<td>Resoluci\u00f3n<\/td>\n<td>0,001 V 0,01 V 0,1 V<\/td>\n<\/tr>\n<tr>\n<td>Exactitud<\/td>\n<td>\u00b10.5% de lectura + 2 cuentas<\/td>\n<\/tr>\n<tr>\n<td colspan=\"2\"><strong>Voltios autom\u00e1ticos<\/strong><\/td>\n<\/tr>\n<tr>\n<td>Gama<\/td>\n<td>600 mV<\/td>\n<\/tr>\n<tr>\n<td>Resoluci\u00f3n<\/td>\n<td>0,1 mV<\/td>\n<\/tr>\n<tr>\n<td>Exactitud<\/td>\n<td>2% + 3 (cc. 45 a 500 Hz) 4% + 3 (500 Hz a 1 kHz)<\/td>\n<\/tr>\n<tr>\n<td colspan=\"2\"><strong>Milivoltios de CA Verdadero RMS<\/strong><\/td>\n<\/tr>\n<tr>\n<td>Gama<\/td>\n<td>600,0 mV<\/td>\n<\/tr>\n<tr>\n<td>Resoluci\u00f3n<\/td>\n<td>0,1 mV<\/td>\n<\/tr>\n<tr>\n<td>Exactitud<\/td>\n<td>45 a 500 Hz: \u00b11,0% de lectura + 3 recuentos 500 Hz a 1 kHz: \u00b12,0% de lectura + 3 recuentos<\/td>\n<\/tr>\n<tr>\n<td colspan=\"2\"><strong>AC Volts True RMS<\/strong><\/td>\n<\/tr>\n<tr>\n<td>Gama<\/td>\n<td>6,000 V 60,00 V 600,0 V<\/td>\n<\/tr>\n<tr>\n<td>Resoluci\u00f3n<\/td>\n<td>0,001 V 0,01 V 0,1 V<\/td>\n<\/tr>\n<tr>\n<td>Exactitud<\/td>\n<td>45 a 500 Hz: \u00b11,0% de lectura + 3 recuentos 500 Hz a 1 kHz: \u00b12,0% de lectura + 3 recuentos<\/td>\n<\/tr>\n<tr>\n<td colspan=\"2\"><strong>Continuidad<\/strong><\/td>\n<\/tr>\n<tr>\n<td>Gama<\/td>\n<td>600 \u03a9<\/td>\n<\/tr>\n<tr>\n<td>Resoluci\u00f3n<\/td>\n<td>1 \u03a9<\/td>\n<\/tr>\n<tr>\n<td>Exactitud<\/td>\n<td>Beeper on &lt;20 \u03a9 off&gt; 250 \u03a9; Detecta aperturas o cortocircuitos de 500 \u03bcs o m\u00e1s<\/td>\n<\/tr>\n<tr>\n<td colspan=\"2\"><strong>Ohmios<\/strong><\/td>\n<\/tr>\n<tr>\n<td>Gama<\/td>\n<td>600 \u03a9<br \/>\n6 k\u03a9 60 k\u03a9600 k\u03a9<br \/>\n6 M\u03a9<br \/>\n40 M\u03a9<\/td>\n<\/tr>\n<tr>\n<td>Resoluci\u00f3n<\/td>\n<td>0,1 \u03a9<br \/>\n0,001 k\u03a9 0,01 k\u03a9 0,1 k\u03a9 0,001 M\u03a90,01 M\u03a9<\/td>\n<\/tr>\n<tr>\n<td>Exactitud<\/td>\n<td>0.9% + 1<\/td>\n<\/tr>\n<tr>\n<td colspan=\"2\"><strong>Prueba de diodo<\/strong><\/td>\n<\/tr>\n<tr>\n<td>Gama<\/td>\n<td>2 V<\/td>\n<\/tr>\n<tr>\n<td>Resoluci\u00f3n<\/td>\n<td>0,001 V<\/td>\n<\/tr>\n<tr>\n<td>Exactitud<\/td>\n<td>0.9% + 2<\/td>\n<\/tr>\n<tr>\n<td colspan=\"2\"><strong>Capacitancia<\/strong><\/td>\n<\/tr>\n<tr>\n<td>Gama<\/td>\n<td>1000 nF 10 \u03bcF 100 \u03bcF 9999 \u03bcF 100 a 1000 \u03bcF &gt;1000 \u03bcF<\/td>\n<\/tr>\n<tr>\n<td>Resoluci\u00f3n<\/td>\n<td>1 nF 0.01 \u03bcF 0.1 \u03bcF 1 \u03bcF<\/td>\n<\/tr>\n<tr>\n<td>Exactitud<\/td>\n<td>1.9% + 2<br \/>\n1.9% + 2<br \/>\n5% + 20<\/td>\n<\/tr>\n<tr>\n<td colspan=\"2\"><strong>Capacitancia Lo-Z<\/strong><\/td>\n<\/tr>\n<tr>\n<td>Gama<\/td>\n<td>1 nF a 500 \u03bcF<\/td>\n<\/tr>\n<tr>\n<td>Exactitud<\/td>\n<td>10% + 2 t\u00edpicos<\/td>\n<\/tr>\n<tr>\n<td colspan=\"2\"><strong>Amplificadores de CA True RMS (45 a 500 Hz)<\/strong><\/td>\n<\/tr>\n<tr>\n<td>Gama<\/td>\n<td>6.000 A 10.00 A 20 A<\/p>\n<p>sobrecarga durante 30 segundos m\u00e1ximo<\/td>\n<\/tr>\n<tr>\n<td>Resoluci\u00f3n<\/td>\n<td>0,001 A 0,01 A<\/td>\n<\/tr>\n<tr>\n<td>Exactitud<\/td>\n<td>\u00b11.5% de lectura + 3 cuentas<\/td>\n<\/tr>\n<tr>\n<td colspan=\"2\"><strong>AC \u03bcAmps True RMS (45 Hz a 1 kHz)<\/strong><\/td>\n<\/tr>\n<tr>\n<td>Gama<\/td>\n<td>600,0 \u03bcA<\/td>\n<\/tr>\n<tr>\n<td>Resoluci\u00f3n<\/td>\n<td>0,1 \u03bcA<\/td>\n<\/tr>\n<tr>\n<td>Exactitud<\/td>\n<td>\u00b11,5% de las lecturas + 3 recuentos (\u00b12,5% de las lecturas + 3 recuentos &gt;500 Hz)<\/td>\n<\/tr>\n<tr>\n<td colspan=\"2\"><strong>Amplificadores DC<\/strong><\/td>\n<\/tr>\n<tr>\n<td>Gama<\/td>\n<td>6.000 A 10.00 A 20 A<\/p>\n<p>sobrecarga durante 30 segundos m\u00e1ximo<\/td>\n<\/tr>\n<tr>\n<td>Resoluci\u00f3n<\/td>\n<td>0,001 A 0,01 A<\/td>\n<\/tr>\n<tr>\n<td>Exactitud<\/td>\n<td>\u00b11.0% de lecturas + 3 cuentas<\/td>\n<\/tr>\n<tr>\n<td colspan=\"2\"><strong>Hz (entrada V o A)<\/strong><\/td>\n<\/tr>\n<tr>\n<td>Gama<\/td>\n<td>99,99 Hz 999,9 Hz 9,999 kHz<\/p>\n<p>50,00 kHz<\/td>\n<\/tr>\n<tr>\n<td>Resoluci\u00f3n<\/td>\n<td>0,01 Hz 0,1 Hz 0,001 kHz<\/p>\n<p>0,01 kHz<\/td>\n<\/tr>\n<tr>\n<td>Exactitud<\/td>\n<td>\u00b10.1% de lecturas + 2 cuentas<\/td>\n<\/tr>\n<tr>\n<td colspan=\"2\"><strong>Especificaciones generales<\/strong><\/td>\n<\/tr>\n<tr>\n<td>Voltaje m\u00e1ximo entre cualquier terminal y tierra<\/td>\n<td>600 V<\/td>\n<\/tr>\n<tr>\n<td>Protecci\u00f3n contra sobretensiones<\/td>\n<td>Pico de 6 kV seg\u00fan IEC 61010-1 600 V CAT III, Grado de contaminaci\u00f3n 2<\/td>\n<\/tr>\n<tr>\n<td>Fusible para una entrada<\/td>\n<td>Fusible FAST de 11 A, 1000 V (Fluke PN 803293)<\/td>\n<\/tr>\n<tr>\n<td>Monitor<\/td>\n<td>Digital: 6000 recuentos, actualizaciones 4\/seg<\/td>\n<\/tr>\n<tr>\n<td>Gr\u00e1fico de barras<\/td>\n<td>33 segmentos, actualizaciones 32\/seg<\/td>\n<\/tr>\n<tr>\n<td>Temperatura de funcionamiento<\/td>\n<td>14 a 122\u00b0F (-10 a 50\u00b0C)<\/td>\n<\/tr>\n<tr>\n<td>Temperatura de almacenamiento<\/td>\n<td>-40 a 140\u00b0F (-40 a 60\u00b0C)<\/td>\n<\/tr>\n<tr>\n<td>Bater\u00eda<\/td>\n<td>9 V alcalino, NEDA 1604A\/IEC 6LR61<\/td>\n<\/tr>\n<tr>\n<td>Duraci\u00f3n de la bater\u00eda<\/td>\n<td>400 horas t\u00edpicas, sin luz de fondo<\/td>\n<\/tr>\n<\/tbody>\n<\/table>\n<p>&nbsp;<\/p>\n","protected":false},"excerpt":{"rendered":"<p>Perfecto para apps como edificios comerciales, hospitales y escuelas , este mult\u00edmetro viene pertrechado con True-RMS. Este instrumento contribuye a prevenir lecturas falsas causadas por voltaje espectro gracias a la detecci\u00f3n de voltaje sin contacto dentro , los voltios autom\u00e1ticos y las funciones LoZ.<\/p>\n","protected":false},"featured_media":4415,"template":"","meta":[],"product_cat":[16],"product_tag":[],"class_list":["post-4411","product","type-product","status-publish","has-post-thumbnail","hentry","product_cat-uncategorized"],"_links":{"self":[{"href":"https:\/\/calibracion.com.mx\/tienda\/wp-json\/wp\/v2\/product\/4411","targetHints":{"allow":["GET"]}}],"collection":[{"href":"https:\/\/calibracion.com.mx\/tienda\/wp-json\/wp\/v2\/product"}],"about":[{"href":"https:\/\/calibracion.com.mx\/tienda\/wp-json\/wp\/v2\/types\/product"}],"wp:featuredmedia":[{"embeddable":true,"href":"https:\/\/calibracion.com.mx\/tienda\/wp-json\/wp\/v2\/media\/4415"}],"wp:attachment":[{"href":"https:\/\/calibracion.com.mx\/tienda\/wp-json\/wp\/v2\/media?parent=4411"}],"wp:term":[{"taxonomy":"product_cat","embeddable":true,"href":"https:\/\/calibracion.com.mx\/tienda\/wp-json\/wp\/v2\/product_cat?post=4411"},{"taxonomy":"product_tag","embeddable":true,"href":"https:\/\/calibracion.com.mx\/tienda\/wp-json\/wp\/v2\/product_tag?post=4411"}],"curies":[{"name":"wp","href":"https:\/\/api.w.org\/{rel}","templated":true}]}}