{"id":4422,"date":"2023-12-05T15:49:32","date_gmt":"2023-12-05T15:49:32","guid":{"rendered":"https:\/\/calibracion.com.mx\/tienda\/?post_type=product&#038;p=4422"},"modified":"2023-12-05T15:49:33","modified_gmt":"2023-12-05T15:49:33","slug":"pinza-amperimetrica-fluke-374-fc-nist-true-rms-ac-dc-incluye-certificado-trazable","status":"publish","type":"product","link":"https:\/\/calibracion.com.mx\/tienda\/pinza-amperimetrica-fluke-374-fc-nist-true-rms-ac-dc-incluye-certificado-trazable\/","title":{"rendered":"pinza amperim\u00e9trica fluke 374 fc-nist true rms ac-dc, incluye certificado trazable"},"content":{"rendered":"<h3>Funciones<\/h3>\n<ul>\n<li>Mide la resistencia.<\/li>\n<li>Lea las mediciones en su tel\u00e9fono a una distancia segura, usando menos epp mientras su medidor asume todos los riesgos.<\/li>\n<li>Realiza mediciones de corriente ac y dc, y mediciones de voltaje ac y dc.<\/li>\n<li>Cat iv 600 v, cat iii 1000 v.<\/li>\n<li>Tecnolog\u00eda patentada de medici\u00f3n en la carrera para filtrar el ruido y capturar la corriente de arranque del motor exactamente como lo ve la protecci\u00f3n del circuito.<\/li>\n<li>Cree y comparta informes desde el campo por correo electr\u00f3nico, o converse en tiempo real con videollamadas de sharelive.<\/li>\n<li>Conecte su medidor a su smartphone con la aplicaci\u00f3n fluke. Connect measurements para aumentar la potencia de soluci\u00f3n de problemas de su pinza.<\/li>\n<li>Grabe los resultados directamente en su tel\u00e9fono y en fluke cloud.<\/li>\n<\/ul>\n<p><strong>Utilice la conectividad inal\u00e1mbrica para mantener una distancia segura<\/strong><\/p>\n<p>Habilitado para Fluke Connect para trasmitir resultados de forma inal\u00e1mbrica por medio de Bluetooth a gadgets Apple y Android. Eso significa que puede leer los resultados fuera de la regi\u00f3n de arco el\u00e9ctrico, utilizando menos EPP. Aun puede guardar desenlaces en la nube y crear y mandar reportes por correo directamente desde el campo. O conversa en tiempo real con las videollamadas de ShareLive.<\/p>\n<p><strong>Conjunto de caracter\u00edsticas vers\u00e1tiles<\/strong><\/p>\n<p>Con las mediciones de voltaje y corriente de CA True RMS, esta pinza amperim\u00e9trica le permite solucionar problemas con precisi\u00f3n de se\u00f1ales no lineales. Asimismo puede registrar y entablar tendencias para identificar los intermitentes mientras que realiza otras tareas.<\/p>\n<h3>Otras capacidades \u00fatiles<\/h3>\n<ul>\n<li>Proporciona mediciones reales de voltaje y corriente RMS para medir con precisi\u00f3n se\u00f1ales no lineales.<\/li>\n<li>Mide la capacitancia a 1000 \u03bcF.<\/li>\n<li>Incluye grabaci\u00f3n m\u00ednima\/m\u00e1x\/media y de entrada para capturar variaciones autom\u00e1ticamente.<\/li>\n<li>Compatible con la correa colgante magn\u00e9tica TPAK opcional (se vende por separado).<\/li>\n<li>Funciona con 2 pilas alcalinas AA.<\/li>\n<\/ul>\n<h3>Especificaciones de Fluke 374 FC-NIST<\/h3>\n<table>\n<tbody>\n<tr>\n<td colspan=\"2\"><strong>Corriente alterna a trav\u00e9s de la mand\u00edbula<\/strong><\/td>\n<\/tr>\n<tr>\n<td>Gama<\/td>\n<td>600 A<\/td>\n<\/tr>\n<tr>\n<td>Resoluci\u00f3n<\/td>\n<td>0,1 A<\/td>\n<\/tr>\n<tr>\n<td>Exactitud<\/td>\n<td>2% \u00b15 d\u00edgitos (10 a 100 Hz) 2,5% \u00b15 d\u00edgitos (100 a 500 Hz)<\/td>\n<\/tr>\n<tr>\n<td>Factor de cresta (50\/60 Hz)<\/td>\n<td>2.5 a 600 A A\u00f1adir<br \/>\n2% para C.F. &gt;2<\/td>\n<\/tr>\n<tr>\n<td colspan=\"2\"><strong>Corriente continua<\/strong><\/td>\n<\/tr>\n<tr>\n<td>Gama<\/td>\n<td>600 A<\/td>\n<\/tr>\n<tr>\n<td>Resoluci\u00f3n<\/td>\n<td>0,1 A<\/td>\n<\/tr>\n<tr>\n<td>Exactitud<\/td>\n<td>2% \u00b15 d\u00edgitos<\/td>\n<\/tr>\n<tr>\n<td colspan=\"2\"><strong>Voltaje de CA<\/strong><\/td>\n<\/tr>\n<tr>\n<td>Gama<\/td>\n<td>1000 V<\/td>\n<\/tr>\n<tr>\n<td>Resoluci\u00f3n<\/td>\n<td>0,1 V (\u2264600,0 V) 1 V (\u22641000 V)<\/td>\n<\/tr>\n<tr>\n<td>Exactitud<\/td>\n<td>1,5% \u00b15 d\u00edgitos (20 a 500 Hz)<\/td>\n<\/tr>\n<tr>\n<td colspan=\"2\"><strong>Voltaje de CC<\/strong><\/td>\n<\/tr>\n<tr>\n<td>Gama<\/td>\n<td>1000 V<\/td>\n<\/tr>\n<tr>\n<td>Resoluci\u00f3n<\/td>\n<td>0,1 V (\u2264600,0 V) 1 V (\u22641000 V)<\/td>\n<\/tr>\n<tr>\n<td>Exactitud<\/td>\n<td>1% \u00b15 d\u00edgitos<\/td>\n<\/tr>\n<tr>\n<td colspan=\"2\"><strong>mV CC<\/strong><\/td>\n<\/tr>\n<tr>\n<td>Gama<\/td>\n<td>500,0 mV<\/td>\n<\/tr>\n<tr>\n<td>Resoluci\u00f3n<\/td>\n<td>0,1 mV<\/td>\n<\/tr>\n<tr>\n<td>Exactitud<\/td>\n<td>1% \u00b15 d\u00edgitos<\/td>\n<\/tr>\n<tr>\n<td colspan=\"2\"><strong>Resistencia<\/strong><\/td>\n<\/tr>\n<tr>\n<td>Gama<\/td>\n<td>6000 \u03a9<\/td>\n<\/tr>\n<tr>\n<td>Resoluci\u00f3n<\/td>\n<td>0,1 \u03a9 (\u2264600 \u03a9) 1 \u03a9 (\u22646000 \u03a9)<\/td>\n<\/tr>\n<tr>\n<td>Exactitud<\/td>\n<td>1% \u00b15 d\u00edgitos<\/td>\n<\/tr>\n<tr>\n<td colspan=\"2\"><strong>Capacitancia<\/strong><\/td>\n<\/tr>\n<tr>\n<td>Gama<\/td>\n<td>1000 \u03bcF<\/td>\n<\/tr>\n<tr>\n<td>Resoluci\u00f3n<\/td>\n<td>0.1 \u03bcF (\u2264100 \u03bcF) 1 \u03bcF (\u22641000 \u03bcF)<\/td>\n<\/tr>\n<tr>\n<td>Exactitud<\/td>\n<td>1% \u00b14 d\u00edgitos<\/td>\n<\/tr>\n<tr>\n<td colspan=\"2\"><strong>Especificaciones generales<\/strong><\/td>\n<\/tr>\n<tr>\n<td>Voltaje m\u00e1ximo entre cualquier terminal y tierra<\/td>\n<td>1000 V<\/td>\n<\/tr>\n<tr>\n<td>Bater\u00edas<\/td>\n<td>2 x AA, NEDA 15 A, IEC LR6<\/td>\n<\/tr>\n<tr>\n<td>Temperatura de funcionamiento<\/td>\n<td>14 a 122\u00b0F (-10 a 50\u00b0C)<\/td>\n<\/tr>\n<tr>\n<td>Temperatura de almacenamiento<\/td>\n<td>-40 a 140\u00b0F (-40 a 60\u00b0C)<\/td>\n<\/tr>\n<tr>\n<td>Humedad de funcionamiento: sin condensaci\u00f3n a 50 \u00b0F (&lt;10 \u00b0C)<\/td>\n<td>\u226490% HR a 50 a 86 \u00b0F (10 a 30 \u00b0C) \u226475 % HR a 86 a 104 \u00b0F (30 a 40 \u00b0C) \u226445 % HR a 104 a 122 \u00b0F (40 a 50 \u00b0C)<\/td>\n<\/tr>\n<tr>\n<td>Altitud de funcionamiento<\/td>\n<td>9842,5\u2032 (3000 m)<\/td>\n<\/tr>\n<tr>\n<td>Altitud de almacenamiento<\/td>\n<td>39.370,1\u2032 (12.000 m)<\/td>\n<\/tr>\n<tr>\n<td>Apertura de la mand\u00edbula<\/td>\n<td>1 mm (33,34\u2033)<\/td>\n<\/tr>\n<tr>\n<td>Dimensiones<\/td>\n<td>9,8 x 3,3 x 1,8\u2033 (249 x 85 x 45 mm)<\/td>\n<\/tr>\n<tr>\n<td>Peso<\/td>\n<td>0,87 libras (395 g)<\/td>\n<\/tr>\n<tr>\n<td>Seguridad<\/td>\n<td>IEC 61010-1, grado de contaminaci\u00f3n 2 IEC 61010-2-032: CAT III 1000 V\/CAT IV 600 V<br \/>\nIEC 61010-2-033:CAT III 1000 V\/CAT IV 600 V<\/td>\n<\/tr>\n<tr>\n<td>Clasificaci\u00f3n IP<\/td>\n<td>IEC 60529: IP30, no operativo<\/td>\n<\/tr>\n<tr>\n<td>Certificaci\u00f3n de radiofrecuencia ID de la FCC<\/td>\n<td>T68-FBLE IC:6627A-FBLE<\/td>\n<\/tr>\n<\/tbody>\n<\/table>\n<p>&nbsp;<\/p>\n","protected":false},"excerpt":{"rendered":"<p><strong>Funciones<\/strong><\/p>\n<ul>\n<li>Conecte su medidor a su smartphone con la aplicaci\u00f3n Fluke Connect Measurements para aumentar la potencia de soluci\u00f3n de problemas de su pinza.<\/li>\n<li>Lea las mediciones en su tel\u00e9fono a una distancia segura, usando menos EPP mientras su medidor asume todos los riesgos.<\/li>\n<li>Grabe los resultados directamente en su tel\u00e9fono y en Fluke Cloud.<\/li>\n<\/ul>\n","protected":false},"featured_media":4427,"template":"","meta":[],"product_cat":[16],"product_tag":[],"class_list":["post-4422","product","type-product","status-publish","has-post-thumbnail","hentry","product_cat-uncategorized"],"_links":{"self":[{"href":"https:\/\/calibracion.com.mx\/tienda\/wp-json\/wp\/v2\/product\/4422","targetHints":{"allow":["GET"]}}],"collection":[{"href":"https:\/\/calibracion.com.mx\/tienda\/wp-json\/wp\/v2\/product"}],"about":[{"href":"https:\/\/calibracion.com.mx\/tienda\/wp-json\/wp\/v2\/types\/product"}],"wp:featuredmedia":[{"embeddable":true,"href":"https:\/\/calibracion.com.mx\/tienda\/wp-json\/wp\/v2\/media\/4427"}],"wp:attachment":[{"href":"https:\/\/calibracion.com.mx\/tienda\/wp-json\/wp\/v2\/media?parent=4422"}],"wp:term":[{"taxonomy":"product_cat","embeddable":true,"href":"https:\/\/calibracion.com.mx\/tienda\/wp-json\/wp\/v2\/product_cat?post=4422"},{"taxonomy":"product_tag","embeddable":true,"href":"https:\/\/calibracion.com.mx\/tienda\/wp-json\/wp\/v2\/product_tag?post=4422"}],"curies":[{"name":"wp","href":"https:\/\/api.w.org\/{rel}","templated":true}]}}