{"id":4455,"date":"2023-12-05T16:24:57","date_gmt":"2023-12-05T16:24:57","guid":{"rendered":"https:\/\/calibracion.com.mx\/tienda\/?post_type=product&#038;p=4455"},"modified":"2023-12-05T16:24:58","modified_gmt":"2023-12-05T16:24:58","slug":"multimetro-digital-fluke-179-efsp-nist-true-rms-con-termometro-incorporado-incluye-certificado-trazable","status":"publish","type":"product","link":"https:\/\/calibracion.com.mx\/tienda\/multimetro-digital-fluke-179-efsp-nist-true-rms-con-termometro-incorporado-incluye-certificado-trazable\/","title":{"rendered":"Mult\u00edmetro digital fluke 179-efsp-nist true rms con term\u00f3metro incorporado, incluye certificado trazable"},"content":{"rendered":"<p>Da precisi\u00f3n, fiabilidad y facilidad de uso , este mult\u00edmetro digital True RMS es perfecto para profesionales expertos. Esta herramienta viene pertrechada con las especificaciones que precisa para arreglar inconvenientes y arreglar sistemas el\u00e9ctricos y electr\u00f3nicos, una pantalla digital retroiluminada, gr\u00e1fico de barras anal\u00f3gico y term\u00f3metro incorporado para medir la temperatura.<\/p>\n<h3>Funciones<\/h3>\n<ul>\n<li>Seguridad nominal CAT III 1000 V, CAT IV 600 V.<\/li>\n<li>Permite la calibraci\u00f3n de carcasa cerrada a trav\u00e9s del panel frontal.<\/li>\n<li>Un mult\u00edmetro de precisi\u00f3n con todas las funciones para la resoluci\u00f3n de problemas de sistemas el\u00e9ctricos y electr\u00f3nicos.<\/li>\n<li>Aumenta la productividad con rango manual y autom\u00e1tico, retenci\u00f3n de pantalla, retenci\u00f3n autom\u00e1tica y grabaci\u00f3n promedio m\u00ednima\/m\u00e1xima.<\/li>\n<li>Incluye un term\u00f3metro incorporado para medir la temperatura sin tener que llevar un instrumento separado.<\/li>\n<li>Ofrece mediciones precisas de corriente y voltaje de CA reales RMS m\u00e1s frecuencia, capacitancia, resistencia, continuidad y diodos.<\/li>\n<\/ul>\n<p><strong>Funciona cuando lo necesitas, donde lo necesitas<\/strong><\/p>\n<p>Puede confiar en esta herramienta robusta y fiable para llevar a cabo el trabajo en todos y cada uno de los sitios desorganizados , ruidosos , de alta energ\u00eda y de gran altitud en los que trabaja. As\u00ed sea que necesite un mult\u00edmetro para la soluci\u00f3n de inconvenientes industriales o la instalaci\u00f3n o el mantenimiento de sistemas el\u00e9ctricos y electr\u00f3nicos, este mult\u00edmetro True RMS puede llevar a cabo el trabajo. Se prueba de forma independiente para un uso seguro en entornos CAT III 1000 V, CAT IV 600 V.<\/p>\n<p><strong>Mayor precisi\u00f3n con mediciones True RMS<\/strong><\/p>\n<p>Obtenga lecturas precisas de voltaje y corriente al medir se\u00f1ales de CA complejas.<\/p>\n<p><strong>F\u00e1cil comprensi\u00f3n de las se\u00f1ales cambiantes<\/strong><\/p>\n<p>Un gr\u00e1fico de barras anal\u00f3gico facilita ver las tendencias en las se\u00f1ales fluctuantes.<\/p>\n<p><strong>Mediciones de temperatura al alcance de su mano<\/strong><\/p>\n<p>El term\u00f3metro incorporado le permite tomar convenientemente lecturas de temperatura sin tener que llevar un instrumento separado.<\/p>\n<h3>Especificaciones de Fluke 179\/EFSP-NIST<\/h3>\n<table>\n<tbody>\n<tr>\n<td colspan=\"2\"><strong>Voltaje DC<\/strong><\/td>\n<\/tr>\n<tr>\n<td>Exactitud<\/td>\n<td>\u00b1(0.09% + 2)<\/td>\n<\/tr>\n<tr>\n<td>Resoluci\u00f3n m\u00e1xima<\/td>\n<td>0,1 mV<\/td>\n<\/tr>\n<tr>\n<td>M\u00e1ximo<\/td>\n<td>1000 V<\/td>\n<\/tr>\n<tr>\n<td colspan=\"2\"><strong>Voltaje AC<\/strong><\/td>\n<\/tr>\n<tr>\n<td>Exactitud<\/td>\n<td>\u00b1(1.0% + 3)<\/td>\n<\/tr>\n<tr>\n<td>Resoluci\u00f3n m\u00e1xima<\/td>\n<td>0,1 mV<\/td>\n<\/tr>\n<tr>\n<td>M\u00e1ximo<\/td>\n<td>1000 V<\/td>\n<\/tr>\n<tr>\n<td colspan=\"2\"><strong>DC actual<\/strong><\/td>\n<\/tr>\n<tr>\n<td>Exactitud<\/td>\n<td>\u00b1(1.0% + 3)<\/td>\n<\/tr>\n<tr>\n<td>Resoluci\u00f3n m\u00e1xima<\/td>\n<td>0,01 mA<\/td>\n<\/tr>\n<tr>\n<td>M\u00e1ximo<\/td>\n<td>10 A<\/td>\n<\/tr>\n<tr>\n<td colspan=\"2\"><strong>AC actual<\/strong><\/td>\n<\/tr>\n<tr>\n<td>Exactitud<\/td>\n<td>\u00b1(1.5% + 3)<\/td>\n<\/tr>\n<tr>\n<td>Resoluci\u00f3n m\u00e1xima<\/td>\n<td>0,01 mA<\/td>\n<\/tr>\n<tr>\n<td>M\u00e1ximo<\/td>\n<td>10 A<\/td>\n<\/tr>\n<tr>\n<td colspan=\"2\"><strong>Resistencia<\/strong><\/td>\n<\/tr>\n<tr>\n<td>Exactitud<\/td>\n<td>\u00b1(0.9% + 1)<\/td>\n<\/tr>\n<tr>\n<td>Resoluci\u00f3n m\u00e1xima<\/td>\n<td>0.1 \u03a9<\/td>\n<\/tr>\n<tr>\n<td>M\u00e1ximo<\/td>\n<td>50 M\u03a9<\/td>\n<\/tr>\n<tr>\n<td colspan=\"2\"><strong>Capacitancia<\/strong><\/td>\n<\/tr>\n<tr>\n<td>Exactitud<\/td>\n<td>\u00b1(1.2% + 2)<\/td>\n<\/tr>\n<tr>\n<td>Resoluci\u00f3n m\u00e1xima<\/td>\n<td>1 nF<\/td>\n<\/tr>\n<tr>\n<td>M\u00e1ximo<\/td>\n<td>10,000 \u03bcF<\/td>\n<\/tr>\n<tr>\n<td colspan=\"2\"><strong>Frecuencia<\/strong><\/td>\n<\/tr>\n<tr>\n<td>Exactitud<\/td>\n<td>\u00b1(0.1% + 1)<\/td>\n<\/tr>\n<tr>\n<td>Resoluci\u00f3n m\u00e1xima<\/td>\n<td>0,01 Hz<\/td>\n<\/tr>\n<tr>\n<td>M\u00e1ximo<\/td>\n<td>100 kHz<\/td>\n<\/tr>\n<tr>\n<td colspan=\"2\"><strong>Temperatura<\/strong><\/td>\n<\/tr>\n<tr>\n<td>Exactitud<\/td>\n<td>\u00b1(1.0% + 10)<\/td>\n<\/tr>\n<tr>\n<td>Resoluci\u00f3n m\u00e1xima<\/td>\n<td>0.1\u00b0F (0.1\u00b0C)<\/td>\n<\/tr>\n<tr>\n<td>Gama<\/td>\n<td>-40 a 752\u00b0F (-40 a 400\u00b0C)<\/td>\n<\/tr>\n<tr>\n<td colspan=\"2\"><strong>Especificaciones ambientales<\/strong><\/td>\n<\/tr>\n<tr>\n<td>Temperatura de funcionamiento<\/td>\n<td>14 a 122\u00b0F (-10 a 50\u00b0C)<\/td>\n<\/tr>\n<tr>\n<td>Temperatura de almacenamiento<\/td>\n<td>-22 a 140\u00b0F (-30 a 60\u00b0C)<\/td>\n<\/tr>\n<tr>\n<td>Humedad (sin condensaci\u00f3n)<\/td>\n<td>0 a 90% (32 a 95\u00b0F) (0 a 35\u00b0C) 0 a 70% (95 a 122\u00b0F) (35 a 50\u00b0C)<\/td>\n<\/tr>\n<tr>\n<td colspan=\"2\"><strong>Especificaciones de seguridad<\/strong><\/td>\n<\/tr>\n<tr>\n<td>Categor\u00eda de sobretensi\u00f3n<\/td>\n<td>EN 61010-1 a 1000 V CAT III<br \/>\nEN 61010-1 a 600 V CAT IV<\/td>\n<\/tr>\n<tr>\n<td>Aprobaciones de agencias<\/td>\n<td>Listado en UL, CSA, T\u00dcV y VDE pendiente<\/td>\n<\/tr>\n<tr>\n<td colspan=\"2\"><strong>Especificaciones mec\u00e1nicas y generales<\/strong><\/td>\n<\/tr>\n<tr>\n<td>Duraci\u00f3n de la bater\u00eda<\/td>\n<td>Alcalino aproximadamente 200 horas t\u00edpico, sin luz de fondo<\/td>\n<\/tr>\n<tr>\n<td>Tama\u00f1o<\/td>\n<td>1,7 x 3,5 x 7,3\u2033 (43 x 90 x 185 mm)<\/td>\n<\/tr>\n<tr>\n<td>Peso<\/td>\n<td>0,9 lb (420 g)<\/td>\n<\/tr>\n<\/tbody>\n<\/table>\n<p>&nbsp;<\/p>\n","protected":false},"excerpt":{"rendered":"<p>Ideal para arreglar problemas y reparar sistemas el\u00e9ctricos y electr\u00f3nicos debido a la pantalla digital retroiluminada de este mult\u00edmetro True RMS, el gr\u00e1fico de barras anal\u00f3gico y las mediciones de temperatura incorporadas. Este producto incluye un certificado trazable con datos completos y tambi\u00e9n incertidumbres.<\/p>\n","protected":false},"featured_media":4457,"template":"","meta":[],"product_cat":[16],"product_tag":[],"class_list":["post-4455","product","type-product","status-publish","has-post-thumbnail","hentry","product_cat-uncategorized"],"_links":{"self":[{"href":"https:\/\/calibracion.com.mx\/tienda\/wp-json\/wp\/v2\/product\/4455","targetHints":{"allow":["GET"]}}],"collection":[{"href":"https:\/\/calibracion.com.mx\/tienda\/wp-json\/wp\/v2\/product"}],"about":[{"href":"https:\/\/calibracion.com.mx\/tienda\/wp-json\/wp\/v2\/types\/product"}],"wp:featuredmedia":[{"embeddable":true,"href":"https:\/\/calibracion.com.mx\/tienda\/wp-json\/wp\/v2\/media\/4457"}],"wp:attachment":[{"href":"https:\/\/calibracion.com.mx\/tienda\/wp-json\/wp\/v2\/media?parent=4455"}],"wp:term":[{"taxonomy":"product_cat","embeddable":true,"href":"https:\/\/calibracion.com.mx\/tienda\/wp-json\/wp\/v2\/product_cat?post=4455"},{"taxonomy":"product_tag","embeddable":true,"href":"https:\/\/calibracion.com.mx\/tienda\/wp-json\/wp\/v2\/product_tag?post=4455"}],"curies":[{"name":"wp","href":"https:\/\/api.w.org\/{rel}","templated":true}]}}