{"id":4472,"date":"2023-12-05T17:03:17","date_gmt":"2023-12-05T17:03:17","guid":{"rendered":"https:\/\/calibracion.com.mx\/tienda\/?post_type=product&#038;p=4472"},"modified":"2023-12-05T17:03:18","modified_gmt":"2023-12-05T17:03:18","slug":"pinza-amperimetrica-fluke-375-fc-true-rms-ac-dc-incluye-certificado-trazable","status":"publish","type":"product","link":"https:\/\/calibracion.com.mx\/tienda\/pinza-amperimetrica-fluke-375-fc-true-rms-ac-dc-incluye-certificado-trazable\/","title":{"rendered":"pinza amperim\u00e9trica fluke 375 fc true rms ac-dc, incluye certificado trazable"},"content":{"rendered":"<p><strong>Pinza amperim\u00e9trica RMS AC-CD verdadera mide voltaje muy bajo y resistencia muy alta<\/strong><\/p>\n<p>Incluido en la familia Fluke Connect de herramientas de prueba inal\u00e1mbricas, este medidor de pinza da funciones de prominente desempe\u00f1o y es simple de utilizar. Tiene un filtro de paso bajo VFD que proporciona mediciones precisas de la unidad del motor y comunicaciones inal\u00e1mbricas para compartir los resultados con un tel\u00e9fono capaz por medio de Fluke Connect.<\/p>\n<h3>Funciones<\/h3>\n<ul>\n<li>Tecnolog\u00eda patentada de medici\u00f3n en la carrera para filtrar el ruido y capturar la corriente de arranque del motor exactamente como lo ve la protecci\u00f3n del circuito.<\/li>\n<li>La sonda de corriente flexible iFlex ampl\u00eda el rango de medici\u00f3n a 2500 A AC; Proporciona acceso a conductores grandes en espacios reducidos (se vende por separado).<\/li>\n<li>Filtro de paso bajo VFD integrado para mediciones precisas del accionamiento del motor.<\/li>\n<li>Grabe los resultados directamente en su tel\u00e9fono y en Fluke Cloud.<\/li>\n<li>Capture errores intermitentes mientras realiza otras tareas mediante las capacidades de registro.<\/li>\n<li>Conecte su medidor a su smartphone con la aplicaci\u00f3n Fluke Connect Measurements para aumentar la potencia de soluci\u00f3n de problemas de su pinza.<\/li>\n<li>Funciona con dos pilas alcalinas AA.<\/li>\n<li>Compatible con la correa colgante magn\u00e9tica TPAK opcional.<\/li>\n<li>CAT IV 600 V, CAT III 1000 V.<\/li>\n<li>Lea las mediciones en su tel\u00e9fono a una distancia segura, usando menos EPP mientras su medidor asume todos los riesgos.<\/li>\n<li>Cree y comparta informes desde el campo por correo electr\u00f3nico, o converse en tiempo real con videollamadas de ShareLive.<\/li>\n<\/ul>\n<h3>Capacidades de medici\u00f3n<\/h3>\n<ul>\n<li>Medici\u00f3n de resistencia hasta 60 k\u03a9 con detecci\u00f3n de continuidad.<\/li>\n<li>Medici\u00f3n de frecuencia a 500 Hz con mand\u00edbula corporal e iFlex.<\/li>\n<li>Medici\u00f3n de voltaje de CA y CC de 1000 V.<\/li>\n<li>Grabaci\u00f3n m\u00ednima, m\u00e1x., media y r\u00e1pida para capturar variaciones autom\u00e1ticamente.<\/li>\n<li>600 A CA y CC.<\/li>\n<li>Medici\u00f3n de corriente alterna de 2500 A con sonda de corriente flexible iFlex (se vende por separado).<\/li>\n<li>Rango de medici\u00f3n de 500 mV CC para interactuar con otros accesorios.<\/li>\n<li>Medici\u00f3n de capacitancia de 1000 \u03bcF.<\/li>\n<li>Voltaje y corriente RMS reales para mediciones precisas en se\u00f1ales no lineales.<\/li>\n<\/ul>\n<p><strong>La conectividad inal\u00e1mbrica mejora la productividad<\/strong><\/p>\n<p>Utilizando su conectividad Bluetooth a dispositivos Apple y Android, puede leer los desenlaces de esta pinza amperim\u00e9trica desde una distancia segura en su tel\u00e9fono inteligente , empleando menos EPP. Puede hacer y mandar reportes por mail directamente desde el campo y almacenar los resultados en la nube. Tambi\u00e9n puede charlar con colegas en tiempo real con videollamadas ShareLive.<\/p>\n<p><strong>Rendimiento vers\u00e1til<\/strong><\/p>\n<p>Con las mediciones de voltaje y corriente de CA True RMS, este instrumento le permite arreglar problemas con precisi\u00f3n de se\u00f1ales no lineales. Y puede registrar y entablar tendencias para identificar los intermitentes mientras que realiza otras tareas.<\/p>\n<h3>Especificaciones del Fluke 375 FC-NIST<\/h3>\n<table>\n<tbody>\n<tr>\n<td colspan=\"2\"><strong>Corriente alterna a trav\u00e9s de la mand\u00edbula<\/strong><\/td>\n<\/tr>\n<tr>\n<td>Gama<\/td>\n<td>600 A<\/td>\n<\/tr>\n<tr>\n<td>Resoluci\u00f3n<\/td>\n<td>0,1 A<\/td>\n<\/tr>\n<tr>\n<td>Exactitud<\/td>\n<td>2% \u00b15 d\u00edgitos (10 a 100 Hz) 2,5% \u00b15 d\u00edgitos (100 a 500 Hz)<\/td>\n<\/tr>\n<tr>\n<td>Factor de cresta (50\/60 Hz)<\/td>\n<td>3 a 500 A 2.5 a 600 A<br \/>\nA\u00f1adir<br \/>\n2% para C.F. &gt;2<\/td>\n<\/tr>\n<tr>\n<td colspan=\"2\"><strong>Corriente alterna a trav\u00e9s de una sonda de corriente flexible<\/strong><\/td>\n<\/tr>\n<tr>\n<td>Gama<\/td>\n<td>2500 A<\/td>\n<\/tr>\n<tr>\n<td>Resoluci\u00f3n<\/td>\n<td>0,1 A (\u2264600 A) 1 A (\u22642500 A)<\/td>\n<\/tr>\n<tr>\n<td>Exactitud<\/td>\n<td>3% \u00b15 d\u00edgitos (5 a 500 Hz)<\/td>\n<\/tr>\n<tr>\n<td>Factor de cresta (50\/60Hz)<\/td>\n<td>3.0 a 1100 A 2.5 a 1400 A 1.42 a 2500 A<\/p>\n<p>A\u00f1adir<br \/>\n2% para C.F. &gt;2<\/td>\n<\/tr>\n<tr>\n<td colspan=\"2\"><strong>Corriente continua<\/strong><\/td>\n<\/tr>\n<tr>\n<td>Gama<\/td>\n<td>600,0 A<\/td>\n<\/tr>\n<tr>\n<td>Resoluci\u00f3n<\/td>\n<td>0,1 A<\/td>\n<\/tr>\n<tr>\n<td>Exactitud<\/td>\n<td>2% \u00b15 d\u00edgitos<\/td>\n<\/tr>\n<tr>\n<td colspan=\"2\"><strong>Voltaje de CA<\/strong><\/td>\n<\/tr>\n<tr>\n<td>Gama<\/td>\n<td>1000 V<\/td>\n<\/tr>\n<tr>\n<td>Resoluci\u00f3n<\/td>\n<td>0,1 V (\u2264600,0 V) 1 V (\u22641000 V)<\/td>\n<\/tr>\n<tr>\n<td>Exactitud<\/td>\n<td>1,5% \u00b15 d\u00edgitos (20 Hz a 500 Hz)<\/td>\n<\/tr>\n<tr>\n<td colspan=\"2\"><strong>Voltaje de CC<\/strong><\/td>\n<\/tr>\n<tr>\n<td>Gama<\/td>\n<td>1000 V<\/td>\n<\/tr>\n<tr>\n<td>Resoluci\u00f3n<\/td>\n<td>0,1 V (\u2264600,0 V) 1 V (\u22641000 V)<\/td>\n<\/tr>\n<tr>\n<td>Exactitud<\/td>\n<td>1% \u00b15 d\u00edgitos<\/td>\n<\/tr>\n<tr>\n<td colspan=\"2\"><strong>mV CC<\/strong><\/td>\n<\/tr>\n<tr>\n<td>Gama<\/td>\n<td>500,0 mV<\/td>\n<\/tr>\n<tr>\n<td>Resoluci\u00f3n<\/td>\n<td>0,1 mV<\/td>\n<\/tr>\n<tr>\n<td>Exactitud<\/td>\n<td>1% \u00b15 d\u00edgitos<\/td>\n<\/tr>\n<tr>\n<td colspan=\"2\"><strong>Frecuencia v\u00eda Jaw<\/strong><\/td>\n<\/tr>\n<tr>\n<td>Gama<\/td>\n<td>De 5,0 a 500,0 Hz<\/td>\n<\/tr>\n<tr>\n<td>Resoluci\u00f3n<\/td>\n<td>0,1 Hz<\/td>\n<\/tr>\n<tr>\n<td>Exactitud<\/td>\n<td>0.5% \u00b15 d\u00edgitos<\/td>\n<\/tr>\n<tr>\n<td>Nivel de activaci\u00f3n<\/td>\n<td>5 a 10 Hz, \u226510 A 10 a 100 Hz, \u22655 A<\/td>\n<\/tr>\n<tr>\n<td colspan=\"2\"><strong>Frecuencia a trav\u00e9s de sonda de corriente flexible<\/strong><\/td>\n<\/tr>\n<tr>\n<td>Gama<\/td>\n<td>De 5,0 a 500,0 Hz<\/td>\n<\/tr>\n<tr>\n<td>Resoluci\u00f3n<\/td>\n<td>0,1 Hz<\/td>\n<\/tr>\n<tr>\n<td>Exactitud<\/td>\n<td>0.5% \u00b15 d\u00edgitos<\/td>\n<\/tr>\n<tr>\n<td>Nivel de activaci\u00f3n<\/td>\n<td>5 a 20 Hz, \u226525 A 20 a 100 Hz, \u226520 A 100 a 500 Hz, \u226525 A<\/td>\n<\/tr>\n<tr>\n<td colspan=\"2\"><strong>Resistencia<\/strong><\/td>\n<\/tr>\n<tr>\n<td>Gama<\/td>\n<td>60 k\u03a9<\/td>\n<\/tr>\n<tr>\n<td>Resoluci\u00f3n<\/td>\n<td>0,1 \u03a9 (\u2264600 \u03a9) 1 \u03a9 (\u22646000 \u03a9) 10 \u03a9 (\u226460 k\u03a9)<\/td>\n<\/tr>\n<tr>\n<td>Exactitud<\/td>\n<td>1% \u00b15 d\u00edgitos<\/td>\n<\/tr>\n<tr>\n<td colspan=\"2\"><strong>Capacitancia<\/strong><\/td>\n<\/tr>\n<tr>\n<td>Gama<\/td>\n<td>1000 \u03bcF<\/td>\n<\/tr>\n<tr>\n<td>Resoluci\u00f3n<\/td>\n<td>0.1 \u03bcF (\u2264100 \u03bcF) 1 \u03bcF (\u22641000 \u03bcF)<\/td>\n<\/tr>\n<tr>\n<td>Exactitud<\/td>\n<td>1% \u00b14 d\u00edgitos<\/td>\n<\/tr>\n<tr>\n<td colspan=\"2\"><strong>Especificaciones generales<\/strong><\/td>\n<\/tr>\n<tr>\n<td>Voltaje m\u00e1ximo entre cualquier terminal y tierra<\/td>\n<td>1000 V<\/td>\n<\/tr>\n<tr>\n<td>Bater\u00edas<\/td>\n<td>2 x AA alcalino, NEDA 15A, IEC LR6<\/td>\n<\/tr>\n<tr>\n<td>Temperatura de funcionamiento<\/td>\n<td>14 a 122\u00b0F (-10 a 50\u00b0C)<\/td>\n<\/tr>\n<tr>\n<td>Temperatura de almacenamiento<\/td>\n<td>-40 a 140\u00b0F (-40 a 60\u00b0C)<\/td>\n<\/tr>\n<tr>\n<td>Humedad de funcionamiento \u2013 sin condensaci\u00f3n (&lt;10\u00b0C)<\/td>\n<td>\u226490% HR [a 50 a 86 \u00b0F (10 a 30 \u00b0C)]<br \/>\n\u226475% HR [a 86 a 104 \u00b0F (30 a 40 \u00b0C)]<\/td>\n<\/tr>\n<tr>\n<td>Altitud de funcionamiento<\/td>\n<td>9842,52\u2032 (3000 m)<\/td>\n<\/tr>\n<tr>\n<td>Altitud de almacenamiento<\/td>\n<td>39.370\u2032 (12.000 m)<\/td>\n<\/tr>\n<tr>\n<td>Apertura de la mand\u00edbula<\/td>\n<td>1 mm (34,34\u2033)<\/td>\n<\/tr>\n<tr>\n<td>Di\u00e1metro de la sonda de corriente flexible<\/td>\n<td>0,3 mm (7,5\u2033)<\/td>\n<\/tr>\n<tr>\n<td>Longitud del cable de la sonda de corriente flexible (cabezal al conector electr\u00f3nico)<\/td>\n<td>5,9 m (1,8 pies)<\/td>\n<\/tr>\n<tr>\n<td>Seguridad<\/td>\n<td>IEC 61010-1, grado de contaminaci\u00f3n 2<br \/>\nIEC 61010-2-032: CAT III 1000 V \/ CAT IV 600 V<\/td>\n<\/tr>\n<tr>\n<td>Clasificaci\u00f3n IP<\/td>\n<td>IEC 60529: IP30, no operativo<\/td>\n<\/tr>\n<tr>\n<td>Certificaci\u00f3n de radiofrecuencia ID de la FCC<\/td>\n<td>T68-FBLE IC:6627A-FBLE<\/td>\n<\/tr>\n<tr>\n<td>Dimensiones<\/td>\n<td>9,8 x 3,3 x 1,8\u2033 (249 x 85 x 45 mm)<\/td>\n<\/tr>\n<tr>\n<td>Peso<\/td>\n<td>13,9 onzas (395 g)<\/td>\n<\/tr>\n<\/tbody>\n<\/table>\n<p>&nbsp;<\/p>\n","protected":false},"excerpt":{"rendered":"<p>Incluido en la familia Fluke Connect de herramientas de prueba inal\u00e1mbricas, este medidor de pinza proporciona funcionalidades de prominente desempe\u00f1o y es simple de utilizar. Tiene un filtro de paso bajo VFD que proporciona mediciones exactas de la unidad del motor y comunicaciones inal\u00e1mbricas para compartir los desenlaces con un tel\u00e9fono inteligente.<\/p>\n","protected":false},"featured_media":4475,"template":"","meta":[],"product_cat":[16],"product_tag":[],"class_list":["post-4472","product","type-product","status-publish","has-post-thumbnail","hentry","product_cat-uncategorized"],"_links":{"self":[{"href":"https:\/\/calibracion.com.mx\/tienda\/wp-json\/wp\/v2\/product\/4472","targetHints":{"allow":["GET"]}}],"collection":[{"href":"https:\/\/calibracion.com.mx\/tienda\/wp-json\/wp\/v2\/product"}],"about":[{"href":"https:\/\/calibracion.com.mx\/tienda\/wp-json\/wp\/v2\/types\/product"}],"wp:featuredmedia":[{"embeddable":true,"href":"https:\/\/calibracion.com.mx\/tienda\/wp-json\/wp\/v2\/media\/4475"}],"wp:attachment":[{"href":"https:\/\/calibracion.com.mx\/tienda\/wp-json\/wp\/v2\/media?parent=4472"}],"wp:term":[{"taxonomy":"product_cat","embeddable":true,"href":"https:\/\/calibracion.com.mx\/tienda\/wp-json\/wp\/v2\/product_cat?post=4472"},{"taxonomy":"product_tag","embeddable":true,"href":"https:\/\/calibracion.com.mx\/tienda\/wp-json\/wp\/v2\/product_tag?post=4472"}],"curies":[{"name":"wp","href":"https:\/\/api.w.org\/{rel}","templated":true}]}}