{"id":4476,"date":"2023-12-05T17:07:00","date_gmt":"2023-12-05T17:07:00","guid":{"rendered":"https:\/\/calibracion.com.mx\/tienda\/?post_type=product&#038;p=4476"},"modified":"2023-12-05T17:07:01","modified_gmt":"2023-12-05T17:07:01","slug":"pinza-amperimetrica-fluke-375-fc-cal-true-rms-con-certificado-de-calibracion-600-a-ac-dc","status":"publish","type":"product","link":"https:\/\/calibracion.com.mx\/tienda\/pinza-amperimetrica-fluke-375-fc-cal-true-rms-con-certificado-de-calibracion-600-a-ac-dc\/","title":{"rendered":"pinza amperim\u00e9trica fluke 375 fc cal true rms con certificado de calibraci\u00f3n, 600 a ac-dc"},"content":{"rendered":"<p>La pinza amperim\u00e9trica Fluke 375 FC CAL True RMS con certificado de calibraci\u00f3n da mediciones fiables de las propiedades del circuito. La pantalla dentro proporciona un f\u00e1cil acceso visual a los desenlaces para asistirle a investigar los datos. El dise\u00f1o vers\u00e1til puede determinar las mediciones de las corrientes de CA y CC sin mudar ning\u00fan aparato.<\/p>\n<h3>Funciones<\/h3>\n<ul>\n<li>El dise\u00f1o robusto mantiene el medidor de pinza funcionando durante per\u00edodos m\u00e1s largos.<\/li>\n<li>Incluye ergonom\u00eda mejorada y una gran pantalla para un uso c\u00f3modo.<\/li>\n<li>Utiliza la medici\u00f3n True RMS para tener en cuenta las variaciones del circuito.<\/li>\n<li>Se puede utilizar para mediciones de corriente alterna o continua.<\/li>\n<\/ul>\n<h4>Especificaciones de Fluke 375 FC CAL<\/h4>\n<table>\n<tbody>\n<tr>\n<td>Rango de corriente<\/td>\n<td>0 a 600 A CA\/CC<\/td>\n<\/tr>\n<\/tbody>\n<\/table>\n","protected":false},"excerpt":{"rendered":"<p>La pinza amperim\u00e9trica Fluke 375 FC CAL True RMS con certificado de calibraci\u00f3n da mediciones fiables de las propiedades del circuito. La pantalla dentro proporciona un f\u00e1cil acceso visual a los desenlaces para asistirle a investigar los datos. El dise\u00f1o vers\u00e1til puede determinar las mediciones de las corrientes de CA y CC.<\/p>\n","protected":false},"featured_media":4478,"template":"","meta":[],"product_cat":[16],"product_tag":[],"class_list":["post-4476","product","type-product","status-publish","has-post-thumbnail","hentry","product_cat-uncategorized"],"_links":{"self":[{"href":"https:\/\/calibracion.com.mx\/tienda\/wp-json\/wp\/v2\/product\/4476","targetHints":{"allow":["GET"]}}],"collection":[{"href":"https:\/\/calibracion.com.mx\/tienda\/wp-json\/wp\/v2\/product"}],"about":[{"href":"https:\/\/calibracion.com.mx\/tienda\/wp-json\/wp\/v2\/types\/product"}],"wp:featuredmedia":[{"embeddable":true,"href":"https:\/\/calibracion.com.mx\/tienda\/wp-json\/wp\/v2\/media\/4478"}],"wp:attachment":[{"href":"https:\/\/calibracion.com.mx\/tienda\/wp-json\/wp\/v2\/media?parent=4476"}],"wp:term":[{"taxonomy":"product_cat","embeddable":true,"href":"https:\/\/calibracion.com.mx\/tienda\/wp-json\/wp\/v2\/product_cat?post=4476"},{"taxonomy":"product_tag","embeddable":true,"href":"https:\/\/calibracion.com.mx\/tienda\/wp-json\/wp\/v2\/product_tag?post=4476"}],"curies":[{"name":"wp","href":"https:\/\/api.w.org\/{rel}","templated":true}]}}