{"id":4501,"date":"2023-12-05T17:47:55","date_gmt":"2023-12-05T17:47:55","guid":{"rendered":"https:\/\/calibracion.com.mx\/tienda\/?post_type=product&#038;p=4501"},"modified":"2023-12-05T17:47:55","modified_gmt":"2023-12-05T17:47:55","slug":"pinza-amperimetrica-fluke-323-true-rms-400-a","status":"publish","type":"product","link":"https:\/\/calibracion.com.mx\/tienda\/pinza-amperimetrica-fluke-323-true-rms-400-a\/","title":{"rendered":"pinza amperim\u00e9trica fluke 323 true rms, 400 a"},"content":{"rendered":"<p>Ofrece un desempe\u00f1o robusto y confiable y tambi\u00e9n incluye mediciones True RMS, ergonom\u00eda optimizada y pantalla de gran tama\u00f1o , lo que lo hace perfecto para la resoluci\u00f3n de inconvenientes. Esta pinza amperim\u00e9trica pertenece a la serie 320 y est\u00e1 dise\u00f1ada para marchar en los entornos mucho m\u00e1s bien dif\u00edciles , y le da resultados fiables y sin ruido. Su tama\u00f1o delgado y compacto y su dise\u00f1o resistente lo hacen perfecto para medir corrientes de hasta 400 A en compartimentos de cable estrechos. \u00daselo para verificar la existencia de corriente de carga, voltaje de CA, continuidad de circuitos, interruptores, fusibles y contactos.<\/p>\n<h3>Funciones<\/h3>\n<ul>\n<li>La funci\u00f3n Hold captura una lectura en la pantalla.<\/li>\n<li>Dise\u00f1o delgado y ergon\u00f3mico para medir en compartimentos de cables estrechos.<\/li>\n<li>Mide la resistencia a 4 k\u03a9 con detecci\u00f3n de continuidad.<\/li>\n<li>Pinza amperim\u00e9trica True-RMS b\u00e1sica robusta y fiable para medir una corriente de hasta 400 A.<\/li>\n<li>Mide voltaje de CA y voltaje de CC a 600 V.<\/li>\n<li>Presenta las mediciones en una pantalla grande y f\u00e1cil de leer.<\/li>\n<li>CAT III 600 V, CAT IV 300 V.<\/li>\n<li>Mide la corriente alterna a 400 A.<\/li>\n<li>Proporciona voltaje y corriente de CA RMS verdadero para mediciones precisas en se\u00f1ales no lineales.<\/li>\n<\/ul>\n<h3>Aplicaciones<\/h3>\n<ul>\n<li>HVAC\/R.<\/li>\n<li>Residencial.<\/li>\n<li>Mantenimiento de la planta.<\/li>\n<li>Comercial.<\/li>\n<li>El\u00e9ctrico.<\/li>\n<\/ul>\n<h3>Especificaciones de Fluke 323<\/h3>\n<table width=\"540\">\n<tbody>\n<tr>\n<td>Corriente alterna<\/td>\n<td>Rango: 400 A<br \/>\nPrecisi\u00f3n: 2% \u00b15 d\u00edgitos (45 a 65 Hz), 2.5% \u00b15 d\u00edgitos (65 a 400 Hz)<\/td>\n<\/tr>\n<tr>\n<td>Voltaje de CA<\/td>\n<td>Rango: 600 V<br \/>\nPrecisi\u00f3n: 1.5% \u00b15 d\u00edgitos<\/td>\n<\/tr>\n<tr>\n<td>Voltaje de CC<\/td>\n<td>Rango: 600 V<br \/>\nPrecisi\u00f3n: 1.0% \u00b15 d\u00edgitos<\/td>\n<\/tr>\n<tr>\n<td>Resistencia<\/td>\n<td>Rango: 400.0 \u03a9\/ 4000 \u03a9<br \/>\nPrecisi\u00f3n: 1.0% \u00b15 d\u00edgitos<\/td>\n<\/tr>\n<tr>\n<td>Continuidad<\/td>\n<td>\u226470 \u03a9<\/td>\n<\/tr>\n<tr>\n<td>Respuesta AC<\/td>\n<td>RMS verdadero<\/td>\n<\/tr>\n<tr>\n<td>Retenci\u00f3n de datos<\/td>\n<td>S\u00ed<\/td>\n<\/tr>\n<tr>\n<td>Di\u00e1metro m\u00e1ximo del alambre<\/td>\n<td>1,2\u2033 (30 mm) (600 MCM)<\/td>\n<\/tr>\n<tr>\n<td>Dimensiones<\/td>\n<td>8,15 x 2,95 x 1,34\u2033 (207 x 75 x 34 mm)<\/td>\n<\/tr>\n<tr>\n<td>Peso<\/td>\n<td>0,6 lb (265 g)<\/td>\n<\/tr>\n<tr>\n<td>Clasificaci\u00f3n de categor\u00edas<\/td>\n<td>CAT III 600V, CAT IV 300V<\/td>\n<\/tr>\n<\/tbody>\n<\/table>\n","protected":false},"excerpt":{"rendered":"<p>Proporciona un desempe\u00f1o robusto y fiable e incluye mediciones True RMS, ergonom\u00eda mejorada y pantalla de importante tama\u00f1o , lo que lo hace perfecto para la resoluci\u00f3n de inconvenientes. Esta pinza amperim\u00e9trica forma parte de la serie 320 y est\u00e1 desarrollada para funcionar en los entornos m\u00e1s bien dif\u00edciles.<\/p>\n","protected":false},"featured_media":4502,"template":"","meta":[],"product_cat":[16],"product_tag":[],"class_list":["post-4501","product","type-product","status-publish","has-post-thumbnail","hentry","product_cat-uncategorized"],"_links":{"self":[{"href":"https:\/\/calibracion.com.mx\/tienda\/wp-json\/wp\/v2\/product\/4501","targetHints":{"allow":["GET"]}}],"collection":[{"href":"https:\/\/calibracion.com.mx\/tienda\/wp-json\/wp\/v2\/product"}],"about":[{"href":"https:\/\/calibracion.com.mx\/tienda\/wp-json\/wp\/v2\/types\/product"}],"wp:featuredmedia":[{"embeddable":true,"href":"https:\/\/calibracion.com.mx\/tienda\/wp-json\/wp\/v2\/media\/4502"}],"wp:attachment":[{"href":"https:\/\/calibracion.com.mx\/tienda\/wp-json\/wp\/v2\/media?parent=4501"}],"wp:term":[{"taxonomy":"product_cat","embeddable":true,"href":"https:\/\/calibracion.com.mx\/tienda\/wp-json\/wp\/v2\/product_cat?post=4501"},{"taxonomy":"product_tag","embeddable":true,"href":"https:\/\/calibracion.com.mx\/tienda\/wp-json\/wp\/v2\/product_tag?post=4501"}],"curies":[{"name":"wp","href":"https:\/\/api.w.org\/{rel}","templated":true}]}}