{"id":4532,"date":"2023-12-05T20:10:21","date_gmt":"2023-12-05T20:10:21","guid":{"rendered":"https:\/\/calibracion.com.mx\/tienda\/?post_type=product&#038;p=4532"},"modified":"2023-12-05T20:10:22","modified_gmt":"2023-12-05T20:10:22","slug":"pinza-amperimetrica-fluke-324-true-rms-con-temperatura-400a","status":"publish","type":"product","link":"https:\/\/calibracion.com.mx\/tienda\/pinza-amperimetrica-fluke-324-true-rms-con-temperatura-400a\/","title":{"rendered":"pinza amperim\u00e9trica fluke 324 true rms con temperatura, 400a"},"content":{"rendered":"<p>Valide el voltaje de un sujeto o una sucesi\u00f3n de paneles en una matriz fotovoltaica conectando con seguridad los cables de prueba solares MC4 al medidor. Obtener la cantidad de irradiancia del sol que se requiere para calcular la curva IV de la potencia de salida. Adem\u00e1s , esta pinza amperim\u00e9trica tiene temperatura y capacitancia, que es todo lo que un t\u00e9cnico de HVAC podr\u00eda requerir.<\/p>\n<h3>Funciones<\/h3>\n<ul>\n<li>Mida la resistencia hasta 4 k\u03a9, detecci\u00f3n de continuidad \u226430 \u03a9.<\/li>\n<li>Temperatura, capacitancia y retroiluminaci\u00f3n.<\/li>\n<li>Pinza amperim\u00e9trica RMS b\u00e1sica robusta y fiable.<\/li>\n<li>Mida corriente alterna hasta 400 A, voltaje CA\/CC hasta 600 V.<\/li>\n<\/ul>\n<h3>Aplicaciones<\/h3>\n<ul>\n<li>T\u00e9cnicos de instalaci\u00f3n solar fotovoltaica (PV).<\/li>\n<li>Electricistas comerciales y residenciales.<\/li>\n<li>Sistemas fotovoltaicos residenciales o comerciales ligeros.<\/li>\n<li>T\u00e9cnicos de HVAC.<\/li>\n<\/ul>\n<h3>Especificaciones de Fluke 324<\/h3>\n<table width=\"540\">\n<tbody>\n<tr>\n<td>Corriente alterna<\/td>\n<td>Rango: 40 a 400 A<br \/>\nPrecisi\u00f3n: 1,5% \u00b15 d\u00edgitos (45 a 400 Hz)<br \/>\nNota: Agregue un 2% para la sensibilidad de posici\u00f3n<\/td>\n<\/tr>\n<tr>\n<td>Voltaje de CA<\/td>\n<td>Rango: 600 V<br \/>\nPrecisi\u00f3n: 1.5% \u00b15 d\u00edgitos<\/td>\n<\/tr>\n<tr>\n<td>Voltaje de CC<\/td>\n<td>Rango: 600 V<br \/>\nPrecisi\u00f3n: 1.0% \u00b15 d\u00edgitos<\/td>\n<\/tr>\n<tr>\n<td>Resistencia<\/td>\n<td>Rango: 400 a 4000 \u03a9<br \/>\nPrecisi\u00f3n: 1.0% \u00b15 d\u00edgitos<\/td>\n<\/tr>\n<tr>\n<td>Continuidad<\/td>\n<td>\u226430 \u03a9<\/td>\n<\/tr>\n<tr>\n<td>Capacitancia<\/td>\n<td>0 a 100 \u03bcF 100 a 1000 \u03bcF<\/td>\n<\/tr>\n<tr>\n<td>Respuesta AC<\/td>\n<td>RMS verdadero<\/td>\n<\/tr>\n<tr>\n<td>Retroiluminaci\u00f3n y retenci\u00f3n de datos<\/td>\n<td>S\u00ed<\/td>\n<\/tr>\n<tr>\n<td>Temperatura de contacto<\/td>\n<td>De 14 a 752 \u00b0F (-10 a 400 \u00b0C)<\/td>\n<\/tr>\n<tr>\n<td>Clasificaci\u00f3n de categor\u00edas<\/td>\n<td>CAT III 600 V<br \/>\nCAT IV 300 V<\/td>\n<\/tr>\n<tr>\n<td>Dimensiones<\/td>\n<td>Total: 1,34 x 2,95 x 8,15\u2033 (34 x 75 x 207 mm) Di\u00e1metro m\u00e1ximo del cable: 1,18\u2033\/30 mm (600 MCM)<\/td>\n<\/tr>\n<tr>\n<td>Peso<\/td>\n<td>0,456 libras (208 g)<\/td>\n<\/tr>\n<\/tbody>\n<\/table>\n<p>&nbsp;<\/p>\n","protected":false},"excerpt":{"rendered":"<p>Valide el voltaje de un sujeto o una sucesi\u00f3n de paneles en una matriz fotovoltaica conectando con seguridad los cables de prueba solares MC4 al medidor. Obtener la cantidad de irradiancia del sol que se requiere para calcular la curva IV de la potencia de salida.<\/p>\n","protected":false},"featured_media":4533,"template":"","meta":[],"product_cat":[16],"product_tag":[],"class_list":["post-4532","product","type-product","status-publish","has-post-thumbnail","hentry","product_cat-uncategorized"],"_links":{"self":[{"href":"https:\/\/calibracion.com.mx\/tienda\/wp-json\/wp\/v2\/product\/4532","targetHints":{"allow":["GET"]}}],"collection":[{"href":"https:\/\/calibracion.com.mx\/tienda\/wp-json\/wp\/v2\/product"}],"about":[{"href":"https:\/\/calibracion.com.mx\/tienda\/wp-json\/wp\/v2\/types\/product"}],"wp:featuredmedia":[{"embeddable":true,"href":"https:\/\/calibracion.com.mx\/tienda\/wp-json\/wp\/v2\/media\/4533"}],"wp:attachment":[{"href":"https:\/\/calibracion.com.mx\/tienda\/wp-json\/wp\/v2\/media?parent=4532"}],"wp:term":[{"taxonomy":"product_cat","embeddable":true,"href":"https:\/\/calibracion.com.mx\/tienda\/wp-json\/wp\/v2\/product_cat?post=4532"},{"taxonomy":"product_tag","embeddable":true,"href":"https:\/\/calibracion.com.mx\/tienda\/wp-json\/wp\/v2\/product_tag?post=4532"}],"curies":[{"name":"wp","href":"https:\/\/api.w.org\/{rel}","templated":true}]}}