{"id":4537,"date":"2023-12-05T20:25:39","date_gmt":"2023-12-05T20:25:39","guid":{"rendered":"https:\/\/calibracion.com.mx\/tienda\/?post_type=product&#038;p=4537"},"modified":"2023-12-05T20:25:40","modified_gmt":"2023-12-05T20:25:40","slug":"pinza-amperimetrica-fluke-325-true-rms-ca-cc","status":"publish","type":"product","link":"https:\/\/calibracion.com.mx\/tienda\/pinza-amperimetrica-fluke-325-true-rms-ca-cc\/","title":{"rendered":"pinza amperim\u00e9trica fluke 325 true rms, ca-cc"},"content":{"rendered":"<p>Viene en un dise\u00f1o delgado para hacer m\u00e1s simple el transporte, este mult\u00edmetro asimismo es una herramienta de soluci\u00f3n de problemas fiable y polivalente para electricistas comerciales y residenciales. Tiene mediciones True RMS y una enorme pantalla para una soluci\u00f3n de inconvenientes eficaz.<\/p>\n<h3>Funciones<\/h3>\n<ul>\n<li>Pantalla retroiluminada grande y f\u00e1cil de leer.<\/li>\n<li>Dise\u00f1o delgado y ergon\u00f3mico.<\/li>\n<li>Voltaje y corriente de CA RMS reales para mediciones precisas en se\u00f1ales no lineales.<\/li>\n<li>Medici\u00f3n de resistencia de hasta 40 k\u03a9 con detecci\u00f3n de continuidad.<\/li>\n<li>Bot\u00f3n Mantener presionado.<\/li>\n<li>Medici\u00f3n de frecuencia.<\/li>\n<li>Medici\u00f3n de corriente CA y CC de 400 A.<\/li>\n<li>Medici\u00f3n de voltaje de 600 V CA y CC.<\/li>\n<li>Mide la frecuencia a 500 Hz.<\/li>\n<li>Medici\u00f3n de temperatura y capacitancia.<\/li>\n<li>Clasificaci\u00f3n de seguridad CAT IV 300V\/CAT III 600 V.<\/li>\n<\/ul>\n<h3>Aplicaciones<\/h3>\n<ul>\n<li>Residencial.<\/li>\n<li>Electricistas.<\/li>\n<li>Comercial.<\/li>\n<\/ul>\n<h3>Especificaciones de Fluke 325<\/h3>\n<table>\n<tbody>\n<tr>\n<td colspan=\"2\"><strong>Corriente alterna<\/strong><\/td>\n<\/tr>\n<tr>\n<td>Gama<\/td>\n<td>40,00 A\/400,0 A<\/td>\n<\/tr>\n<tr>\n<td>Exactitud<\/td>\n<td>2% \u00b1 5 d\u00edgitos (45 a 65 Hz) 2,5% \u00b1 5 d\u00edgitos (65 a 400 Hz)<\/td>\n<\/tr>\n<tr>\n<td colspan=\"2\"><strong>Corriente continua<\/strong><\/td>\n<\/tr>\n<tr>\n<td>Gama<\/td>\n<td>40,00 A\/400,0 A<\/td>\n<\/tr>\n<tr>\n<td>Exactitud<\/td>\n<td>2% \u00b1 5 d\u00edgitos<\/td>\n<\/tr>\n<tr>\n<td colspan=\"2\"><strong>Voltaje de CA<\/strong><\/td>\n<\/tr>\n<tr>\n<td>Gama<\/td>\n<td>600,0 V<\/td>\n<\/tr>\n<tr>\n<td>Exactitud<\/td>\n<td>1.5% \u00b1 5 d\u00edgitos<\/td>\n<\/tr>\n<tr>\n<td colspan=\"2\"><strong>Voltaje de CC<\/strong><\/td>\n<\/tr>\n<tr>\n<td>Gama<\/td>\n<td>600,0 V<\/td>\n<\/tr>\n<tr>\n<td>Exactitud<\/td>\n<td>1.0% \u00b1 5 d\u00edgitos<\/td>\n<\/tr>\n<tr>\n<td colspan=\"2\"><strong>Resistencia<\/strong><\/td>\n<\/tr>\n<tr>\n<td>Gama<\/td>\n<td>400,0 \u03a9\/4000 \u03a9\/40,00 k\u03a9<\/td>\n<\/tr>\n<tr>\n<td>Exactitud<\/td>\n<td>1.0% \u00b1 5 d\u00edgitos<\/td>\n<\/tr>\n<tr>\n<td colspan=\"2\"><strong>Especificaciones generales<\/strong><\/td>\n<\/tr>\n<tr>\n<td>Continuidad<\/td>\n<td>\u226430 \u03a9<\/td>\n<\/tr>\n<tr>\n<td>Capacitancia<\/td>\n<td>100.0 a 1000 \u03bcF<\/td>\n<\/tr>\n<tr>\n<td>Frecuencia<\/td>\n<td>De 5,0 a 500,0 Hz<\/td>\n<\/tr>\n<tr>\n<td>Respuesta AC<\/td>\n<td>RMS verdadero<\/td>\n<\/tr>\n<tr>\n<td>Luz de fondo<\/td>\n<td>S\u00ed<\/td>\n<\/tr>\n<tr>\n<td>Retenci\u00f3n de datos<\/td>\n<td>S\u00ed<\/td>\n<\/tr>\n<tr>\n<td>Temperatura de contacto<\/td>\n<td>De 14 a 752 \u00b0F (-10 a 400 \u00b0C)<\/td>\n<\/tr>\n<tr>\n<td>M\u00edn.\/M\u00e1x.<\/td>\n<td>S\u00ed<\/td>\n<\/tr>\n<tr>\n<td>Dimensiones<\/td>\n<td>8,1 x 2,9 x 1,3\u2033 (207 x 75 x 34 mm)<\/td>\n<\/tr>\n<tr>\n<td>Peso<\/td>\n<td>0,6 lb (283 g)<\/td>\n<\/tr>\n<tr>\n<td>Clasificaci\u00f3n de categor\u00edas<\/td>\n<td>CAT III 600 V<br \/>\nCAT IV 300 V<\/td>\n<\/tr>\n<\/tbody>\n<\/table>\n","protected":false},"excerpt":{"rendered":"<p>Viene en un dise\u00f1o delgado para hacer m\u00e1s simple el transporte, este mult\u00edmetro asimismo es una herramienta de soluci\u00f3n de problemas fiable y polivalente para electricistas comerciales y residenciales. Tiene mediciones True RMS y una enorme pantalla para una soluci\u00f3n de inconvenientes eficaz.<\/p>\n","protected":false},"featured_media":4540,"template":"","meta":[],"product_cat":[16],"product_tag":[],"class_list":["post-4537","product","type-product","status-publish","has-post-thumbnail","hentry","product_cat-uncategorized"],"_links":{"self":[{"href":"https:\/\/calibracion.com.mx\/tienda\/wp-json\/wp\/v2\/product\/4537","targetHints":{"allow":["GET"]}}],"collection":[{"href":"https:\/\/calibracion.com.mx\/tienda\/wp-json\/wp\/v2\/product"}],"about":[{"href":"https:\/\/calibracion.com.mx\/tienda\/wp-json\/wp\/v2\/types\/product"}],"wp:featuredmedia":[{"embeddable":true,"href":"https:\/\/calibracion.com.mx\/tienda\/wp-json\/wp\/v2\/media\/4540"}],"wp:attachment":[{"href":"https:\/\/calibracion.com.mx\/tienda\/wp-json\/wp\/v2\/media?parent=4537"}],"wp:term":[{"taxonomy":"product_cat","embeddable":true,"href":"https:\/\/calibracion.com.mx\/tienda\/wp-json\/wp\/v2\/product_cat?post=4537"},{"taxonomy":"product_tag","embeddable":true,"href":"https:\/\/calibracion.com.mx\/tienda\/wp-json\/wp\/v2\/product_tag?post=4537"}],"curies":[{"name":"wp","href":"https:\/\/api.w.org\/{rel}","templated":true}]}}