{"id":4557,"date":"2023-12-05T20:49:57","date_gmt":"2023-12-05T20:49:57","guid":{"rendered":"https:\/\/calibracion.com.mx\/tienda\/?post_type=product&#038;p=4557"},"modified":"2023-12-05T20:49:58","modified_gmt":"2023-12-05T20:49:58","slug":"pls-hgi6g-inserto-de-vidrio-de-carcasa-para-el-pls-6g","status":"publish","type":"product","link":"https:\/\/calibracion.com.mx\/tienda\/pls-hgi6g-inserto-de-vidrio-de-carcasa-para-el-pls-6g\/","title":{"rendered":"pls hgi6g inserto de vidrio de carcasa para el pls 6g"},"content":{"rendered":"<p>Los escenarios l\u00e1ser PLS son instrumentos perdurables de calidad profesional, dise\u00f1ados pensando en la fiabilidad y premeditados a los \u00e1mbitos de construcci\u00f3n mucho m\u00e1s rigurosos. Sin embargo , aun el cristal del nivel l\u00e1ser mucho m\u00e1s robusto puede romperse si se deja caer desde una distancia bastante alta. Para proseguir trabajando seg\u00fan lo previsto , Pacific Laser Systems, una compa\u00f1\u00eda de Fluke, muestra los cristales de repuesto para niveles l\u00e1ser PLS, que permiten mudar el cristal roto de un nivel l\u00e1ser de forma r\u00e1pida sobre el terreno.<\/p>\n<p>Gracias a los nuevos cristales de recambio PLS HGI, podr\u00e1 substituir el cristal roto de un nivel l\u00e1ser PLS sobre el terreno con un simple destornillador de estrella, sin necesidad de llevarlo a reparar.<\/p>\n","protected":false},"excerpt":{"rendered":"<div class=\"woocommerce-product-details__short-description\">\n<p>PLS HGI6G Inserto de vidrio de carcasa para el PLS 6G<\/p>\n<\/div>\n","protected":false},"featured_media":4558,"template":"","meta":[],"product_cat":[16],"product_tag":[],"class_list":["post-4557","product","type-product","status-publish","has-post-thumbnail","hentry","product_cat-uncategorized"],"_links":{"self":[{"href":"https:\/\/calibracion.com.mx\/tienda\/wp-json\/wp\/v2\/product\/4557","targetHints":{"allow":["GET"]}}],"collection":[{"href":"https:\/\/calibracion.com.mx\/tienda\/wp-json\/wp\/v2\/product"}],"about":[{"href":"https:\/\/calibracion.com.mx\/tienda\/wp-json\/wp\/v2\/types\/product"}],"wp:featuredmedia":[{"embeddable":true,"href":"https:\/\/calibracion.com.mx\/tienda\/wp-json\/wp\/v2\/media\/4558"}],"wp:attachment":[{"href":"https:\/\/calibracion.com.mx\/tienda\/wp-json\/wp\/v2\/media?parent=4557"}],"wp:term":[{"taxonomy":"product_cat","embeddable":true,"href":"https:\/\/calibracion.com.mx\/tienda\/wp-json\/wp\/v2\/product_cat?post=4557"},{"taxonomy":"product_tag","embeddable":true,"href":"https:\/\/calibracion.com.mx\/tienda\/wp-json\/wp\/v2\/product_tag?post=4557"}],"curies":[{"name":"wp","href":"https:\/\/api.w.org\/{rel}","templated":true}]}}