{"id":4649,"date":"2023-12-06T16:45:54","date_gmt":"2023-12-06T16:45:54","guid":{"rendered":"https:\/\/calibracion.com.mx\/tienda\/?post_type=product&#038;p=4649"},"modified":"2023-12-06T16:45:55","modified_gmt":"2023-12-06T16:45:55","slug":"termohigrometro-log-tag-haxo-8","status":"publish","type":"product","link":"https:\/\/calibracion.com.mx\/tienda\/termohigrometro-log-tag-haxo-8\/","title":{"rendered":"Termohigrometro log tag haxo-8"},"content":{"rendered":"<p>El datalogger dispone de un sensor de adentro que trabaja a temperaturas entre -40\u00b0C ~ +85\u00b0C y otro que mide la Humedad relativa desde 0 a 100 %. Los sensores son muy precisos y proporcionan una r\u00e1pida respuesta frente a los cambios de condiciones de temperatura y humedad. El LogTag HAXO-8 incluye 2 LED para indicar el estado del datalogger (LED OK y LED de Alarmas) y un bot\u00f3n para iniciar el registro. El registro se puede iniciar con el bot\u00f3n o programando un delay. Exactamente el mismo bot\u00f3n deja registrar marcas durante el proceso de toma de temperaturas.<\/p>\n<p>Deja registrar hasta 8.032 muestras y la frecuencia de muestreo es configurable a partir de 30 segundos. Para modificar y descargar los datos es necesario utilizar un interface que no viene incluido. Se trata de una base donde se ajusta el datalogger y se conecta mediante un cable USB al PC. El software deja ver los datos gr\u00e1ficamente para investigar los datos. Tambi\u00e9n deja exportar los datos a fin de que se puedan usar con otras herramientas. Deja la visualizaci\u00f3n de multigr\u00e1ficas consolidando las lecturas de m\u00faltiples datalogger. Funciona con los S.O. Windows y cumple la FDA 21 CFR Part 11.<\/p>\n<h3>Caracter\u00edsticas T\u00e9cnicas<\/h3>\n<ul>\n<li>Funci\u00f3n de apagado autom\u00e1tico: S\u00ed.<\/li>\n<li>Rango de humedad relativa: 0% a 100% HR.<\/li>\n<li>Alimentaci\u00f3n: Bater\u00eda de litio reemplazable CR2032.<\/li>\n<li>Funci\u00f3n de lectura m\u00ednima\/m\u00e1xima: S\u00ed.<\/li>\n<li>Resoluci\u00f3n de la humedad relativa: 0.1% HR.<\/li>\n<li>Rango de temperatura: -40\u00b0C a 85\u00b0C (-40\u00b0F a 185\u00b0F).<\/li>\n<li>Funci\u00f3n de retenci\u00f3n de datos: S\u00ed.<\/li>\n<li>Precisi\u00f3n de la temperatura: \u00b10.5\u00b0C (\u00b10.9\u00b0F) de -20\u00b0C a 40\u00b0C (-4\u00b0F a 104\u00b0F), \u00b10.8\u00b0C (\u00b11.5\u00b0F) en el rango restante.<\/li>\n<li>Resoluci\u00f3n de la temperatura: 0.1\u00b0C (0.2\u00b0F).<\/li>\n<li>Precisi\u00f3n de la humedad relativa: \u00b13% HR (10% a 90% HR); \u00b15%. HR (0% a 10% HR, 90% a 100% HR).<\/li>\n<\/ul>\n","protected":false},"excerpt":{"rendered":"<p>El Registrador de Humedad y Temperatura LogTag mide y guarda hasta 8000 conjuntos de lecturas de humedad y temperatura de alta resoluci\u00f3n en los rangos de medici\u00f3n de 0 a 100 %HR y -40 \u00b0C a +85 \u00b0C.<\/p>\n","protected":false},"featured_media":4650,"template":"","meta":[],"product_cat":[16],"product_tag":[],"class_list":["post-4649","product","type-product","status-publish","has-post-thumbnail","hentry","product_cat-uncategorized"],"_links":{"self":[{"href":"https:\/\/calibracion.com.mx\/tienda\/wp-json\/wp\/v2\/product\/4649","targetHints":{"allow":["GET"]}}],"collection":[{"href":"https:\/\/calibracion.com.mx\/tienda\/wp-json\/wp\/v2\/product"}],"about":[{"href":"https:\/\/calibracion.com.mx\/tienda\/wp-json\/wp\/v2\/types\/product"}],"wp:featuredmedia":[{"embeddable":true,"href":"https:\/\/calibracion.com.mx\/tienda\/wp-json\/wp\/v2\/media\/4650"}],"wp:attachment":[{"href":"https:\/\/calibracion.com.mx\/tienda\/wp-json\/wp\/v2\/media?parent=4649"}],"wp:term":[{"taxonomy":"product_cat","embeddable":true,"href":"https:\/\/calibracion.com.mx\/tienda\/wp-json\/wp\/v2\/product_cat?post=4649"},{"taxonomy":"product_tag","embeddable":true,"href":"https:\/\/calibracion.com.mx\/tienda\/wp-json\/wp\/v2\/product_tag?post=4649"}],"curies":[{"name":"wp","href":"https:\/\/api.w.org\/{rel}","templated":true}]}}