{"id":4653,"date":"2023-12-06T16:55:07","date_gmt":"2023-12-06T16:55:07","guid":{"rendered":"https:\/\/calibracion.com.mx\/tienda\/?post_type=product&#038;p=4653"},"modified":"2026-03-05T17:50:06","modified_gmt":"2026-03-05T17:50:06","slug":"termometro-digital-avaly-va-edt-1-54","status":"publish","type":"product","link":"https:\/\/calibracion.com.mx\/tienda\/termometro-digital-avaly-va-edt-1-54\/","title":{"rendered":"Term\u00f3metro digital avaly va-edt-1-54"},"content":{"rendered":"<div class=\"x-el x-el-div c2-1 c2-2 c2-g c2-26 c2-27 c2-28 c2-29 c2-2a c2-2b c2-2c c2-3 c2-4 c2-2d c2-2e c2-2f c2-2g c2-5 c2-6 c2-7 c2-8\" data-ux=\"Grid\">\n<div class=\"x-el x-el-div c2-1 c2-2 c2-26 c2-2h c2-2i c2-2j c2-14 c2-2k c2-2l c2-2m c2-2n c2-3 c2-4 c2-2o c2-2p c2-2q c2-2r c2-2s c2-2t c2-5 c2-6 c2-7 c2-8\" data-ux=\"GridCell\">\n<div class=\"x-el x-el-div c2-1 c2-2 c2-3 c2-4 c2-5 c2-6 c2-7 c2-8\" data-ux=\"Block\">\n<div class=\"x-el c2-1 c2-2 c2-1g c2-1h c2-3d c2-29 c2-3e c2-3 c2-4q c2-4 c2-3b c2-5 c2-6 c2-7 c2-8 x-rt\" data-ux=\"Text\" data-aid=\"PRODUCT_DESCRIPTION_RENDERED\" data-typography=\"BodyAlpha\">\n<p>Temperatura interior: -20 a 50\u00b0 C.<br \/>\nTemperatura exterior: -50 a 70\u00b0C.<\/p>\n<p>Usos sugeridos: Refrigeraci\u00f3n, congelaci\u00f3n, etc.<\/p>\n<p>Tipo de medici\u00f3n: Ambiental.<br \/>\nUnidades de medici\u00f3n: \u00b0C.<br \/>\nIndicaci\u00f3n: Digital.<\/p>\n<p>Este term\u00f3metro digital es un instrumento muy empleado en las industrias y en muchas actividades similares con el an\u00e1lisis t\u00e9cnico-cient\u00edfico. Est\u00e1 conformado por una cadena termom\u00e9trica compuesta por una sonda de temperatura con un sensor resistente al agua y el sol, siendo este mismo de longitud de 2.00 m, exactamente la misma un indicador digital. Utiliza tres formas de instalaci\u00f3n, entre ellas: en pared y soporte para mesa. En cuanto a su precisi\u00f3n y precisi\u00f3n es de excelente calidad. Es recomendable que la medici\u00f3n de term\u00f3metros digitales sea efectuada por laboratorios de medici\u00f3n acreditados. Su mecanismo funciona a trav\u00e9s de bater\u00edas AAA, dependiendo del modelo, permiti\u00e9ndole una durabilidad funcional.<\/p>\n<h3>ESPECIFICACIONES<\/h3>\n<p>Car\u00e1tula LCD: 2\u201d.<br \/>\nCar\u00e1tula lcd dual: s\u00ed.<br \/>\nRango de temperatura exterior: -50 a 70\u00baC (-58 a 158\u00baF).<br \/>\nRango de temperatura interior: 0\u00ba a 50\u00bac (32\u00ba a 122\u00baF).<br \/>\nExactitud de temperatura: +\/- 1\u00baC.<br \/>\nTemperatura (min \/ max): s\u00ed.<br \/>\nRango de humedad: 5 a 85% HR.<br \/>\nExactitud de humedad: 1% HR.<br \/>\nFuente de energ\u00eda: 1 bater\u00eda alcalina AAA. 1.5V.<br \/>\nInterruptor \u00bac \/ \u00baf: s\u00ed.<br \/>\nSensor remoto (2.00 mts): s\u00ed.<br \/>\nMontaje: pared \/ escritorio.<br \/>\nGarant\u00eda: 1 a\u00f1o.<\/p>\n<\/div>\n<\/div>\n<\/div>\n<\/div>\n","protected":false},"excerpt":{"rendered":"<p>CARACTER\u00cdSTICAS\/FICHA T\u00c9CNICA:<\/p>\n<p>Temperatura interior: -20 a 50\u00b0 C<br \/>\nTemperatura exterior: -50 a 70\u00b0C<\/p>\n<p>Usos sugeridos: Refrigeraci\u00f3n, congelaci\u00f3n, etc.<\/p>\n<p>Tipo de medici\u00f3n: Ambiental<br \/>\nUnidades de medici\u00f3n: \u00b0C<br \/>\nIndicaci\u00f3n: Digital<\/p>\n","protected":false},"featured_media":4654,"template":"","meta":[],"product_cat":[16],"product_tag":[],"class_list":["post-4653","product","type-product","status-publish","has-post-thumbnail","hentry","product_cat-uncategorized"],"_links":{"self":[{"href":"https:\/\/calibracion.com.mx\/tienda\/wp-json\/wp\/v2\/product\/4653","targetHints":{"allow":["GET"]}}],"collection":[{"href":"https:\/\/calibracion.com.mx\/tienda\/wp-json\/wp\/v2\/product"}],"about":[{"href":"https:\/\/calibracion.com.mx\/tienda\/wp-json\/wp\/v2\/types\/product"}],"wp:featuredmedia":[{"embeddable":true,"href":"https:\/\/calibracion.com.mx\/tienda\/wp-json\/wp\/v2\/media\/4654"}],"wp:attachment":[{"href":"https:\/\/calibracion.com.mx\/tienda\/wp-json\/wp\/v2\/media?parent=4653"}],"wp:term":[{"taxonomy":"product_cat","embeddable":true,"href":"https:\/\/calibracion.com.mx\/tienda\/wp-json\/wp\/v2\/product_cat?post=4653"},{"taxonomy":"product_tag","embeddable":true,"href":"https:\/\/calibracion.com.mx\/tienda\/wp-json\/wp\/v2\/product_tag?post=4653"}],"curies":[{"name":"wp","href":"https:\/\/api.w.org\/{rel}","templated":true}]}}