{"id":4657,"date":"2023-12-06T17:03:55","date_gmt":"2023-12-06T17:03:55","guid":{"rendered":"https:\/\/calibracion.com.mx\/tienda\/?post_type=product&#038;p=4657"},"modified":"2023-12-06T17:03:55","modified_gmt":"2023-12-06T17:03:55","slug":"termohigrometro-avaly-va-edt-1-55","status":"publish","type":"product","link":"https:\/\/calibracion.com.mx\/tienda\/termohigrometro-avaly-va-edt-1-55\/","title":{"rendered":"TERMOHIGROMETRO AVALY VA-EDT-1-55"},"content":{"rendered":"<p>\u00a1Conoce al termohigr\u00f3metro Avaly, tu mejor aliado para medir la temperatura y humedad! Este muy elegante instrumento no solo es utilizado en la industria, sino asimismo es perfecto para la vivienda y cualquier actividad cient\u00edfica. Con su cadena termom\u00e9trica de 2.00 m de longitud y sonda fuerte al agua y sol, puedes estar seguro de que obtendr\u00e1s mediciones precisas y fiables. Puedes escoger entre tres maneras de instalaci\u00f3n, ya sea en la pared o en una mesa, y su pantalla LCD de 2 pulgadas te ense\u00f1a la informaci\u00f3n claramente. Adem\u00e1s de esto , cuenta con un interruptor para cambiar entre grados Celsius y Fahrenheit, y una bater\u00eda alcalina AAA de 1.5V para garantizar su durabilidad funcional. \u00a1No esperes m\u00e1s y obt\u00e9n tu termohigr\u00f3metro Avaly con una garant\u00eda de 1 a\u00f1o!<\/p>\n<p><strong>Car\u00e1tula LCD: 2\u201d<\/strong><\/p>\n<p>Car\u00e1tula lcd dual: s\u00ed.<br \/>\nRango de temperatura exterior: -50 a 70\u00baC (-58 a 158\u00baF).<br \/>\nRango de temperatura interior: 0\u00ba a 50\u00bac (32\u00ba a 122\u00baF).<br \/>\nExactitud de temperatura: +\/- 1\u00baC.<br \/>\nTemperatura (min \/ max): s\u00ed.<br \/>\nRango de humedad: 5 a 85% HR.<br \/>\nExactitud de humedad: 1% HR.<br \/>\nFuente de energ\u00eda: 1 bater\u00eda alcalina AAA. 1.5V.<br \/>\nInterruptor \u00baC \/ \u00baF: s\u00ed.<br \/>\nSensor remoto (2.00 mts): s\u00ed.<br \/>\nMontaje: pared \/ escritorio.<br \/>\nGarant\u00eda: 1 a\u00f1o.<\/p>\n","protected":false},"excerpt":{"rendered":"<p>Car\u00e1tula LCD: 2\u201d<\/p>\n<p>Car\u00e1tula lcd dual: s\u00ed.<br \/>\nRango de temperatura exterior: -50 a 70\u00baC (-58 a 158\u00baF).<br \/>\nRango de temperatura interior: 0\u00ba a 50\u00bac (32\u00ba a 122\u00baF).<br \/>\nExactitud de temperatura: +\/- 1\u00baC.<br \/>\nTemperatura (min \/ max): s\u00ed.<br \/>\nRango de humedad: 5 a 85% HR.<br \/>\nExactitud de humedad: 1% HR.<\/p>\n","protected":false},"featured_media":4658,"template":"","meta":[],"product_cat":[16],"product_tag":[],"class_list":["post-4657","product","type-product","status-publish","has-post-thumbnail","hentry","product_cat-uncategorized"],"_links":{"self":[{"href":"https:\/\/calibracion.com.mx\/tienda\/wp-json\/wp\/v2\/product\/4657","targetHints":{"allow":["GET"]}}],"collection":[{"href":"https:\/\/calibracion.com.mx\/tienda\/wp-json\/wp\/v2\/product"}],"about":[{"href":"https:\/\/calibracion.com.mx\/tienda\/wp-json\/wp\/v2\/types\/product"}],"wp:featuredmedia":[{"embeddable":true,"href":"https:\/\/calibracion.com.mx\/tienda\/wp-json\/wp\/v2\/media\/4658"}],"wp:attachment":[{"href":"https:\/\/calibracion.com.mx\/tienda\/wp-json\/wp\/v2\/media?parent=4657"}],"wp:term":[{"taxonomy":"product_cat","embeddable":true,"href":"https:\/\/calibracion.com.mx\/tienda\/wp-json\/wp\/v2\/product_cat?post=4657"},{"taxonomy":"product_tag","embeddable":true,"href":"https:\/\/calibracion.com.mx\/tienda\/wp-json\/wp\/v2\/product_tag?post=4657"}],"curies":[{"name":"wp","href":"https:\/\/api.w.org\/{rel}","templated":true}]}}