{"id":4664,"date":"2023-12-06T17:13:03","date_gmt":"2023-12-06T17:13:03","guid":{"rendered":"https:\/\/calibracion.com.mx\/tienda\/?post_type=product&#038;p=4664"},"modified":"2026-03-05T17:50:07","modified_gmt":"2026-03-05T17:50:07","slug":"termometro-avaly-va-613","status":"publish","type":"product","link":"https:\/\/calibracion.com.mx\/tienda\/termometro-avaly-va-613\/","title":{"rendered":"Term\u00f3metro Avaly VA-613"},"content":{"rendered":"<p>El term\u00f3metro VA-613 registra la temperatura del ambiente por medio de una escala de \u00baC y\/o \u00baF; asimismo registra la tendencia de los consecutivos d\u00edas y los valores m\u00ednimos y m\u00e1ximos de la temperatura. Contiene una car\u00e1tula de 1 3\/4\u2033 de la misma cinta adhesiva e im\u00e1n. Es un modelo muy econ\u00f3mico para la vitrina, enfriador de botella, l\u00e1cteos y es perfecto para tu compa\u00f1\u00eda , es conveniente.<\/p>\n<h3>Caracter\u00edsticas de term\u00f3metro Avaly VA-613<\/h3>\n<table>\n<tbody>\n<tr>\n<td width=\"599\">Registro.<\/td>\n<\/tr>\n<tr>\n<td width=\"599\">\u00b0F y \u00b0C.<\/td>\n<\/tr>\n<tr>\n<td width=\"599\">Rango Celsius.<\/td>\n<\/tr>\n<tr>\n<td width=\"599\">-40\u00b0C a 50\u00b0C.<\/td>\n<\/tr>\n<tr>\n<td width=\"599\">Rango Fahrenheit.<\/td>\n<\/tr>\n<tr>\n<td width=\"599\">-40\u00b0F a 120\u00b0F.<\/td>\n<\/tr>\n<tr>\n<td width=\"599\">Lectura.<\/td>\n<\/tr>\n<tr>\n<td width=\"599\">An\u00e1logo.<\/td>\n<\/tr>\n<tr>\n<td width=\"599\">Caratula.<\/td>\n<\/tr>\n<tr>\n<td width=\"599\">1 3\/4\u2033.<\/td>\n<\/tr>\n<\/tbody>\n<\/table>\n<p>&nbsp;<\/p>\n","protected":false},"excerpt":{"rendered":"<p>El term\u00f3metro VA-613 registra la temperatura del ambiente por medio de una escala de \u00baC y\/o \u00baF; asimismo registra la tendencia de los consecutivos d\u00edas y los valores m\u00ednimos y m\u00e1ximos de la temperatura. Contiene una car\u00e1tula de 1 3\/4\u2033 de la misma cinta adhesiva e im\u00e1n.<\/p>\n","protected":false},"featured_media":4666,"template":"","meta":[],"product_cat":[16],"product_tag":[],"class_list":["post-4664","product","type-product","status-publish","has-post-thumbnail","hentry","product_cat-uncategorized"],"_links":{"self":[{"href":"https:\/\/calibracion.com.mx\/tienda\/wp-json\/wp\/v2\/product\/4664","targetHints":{"allow":["GET"]}}],"collection":[{"href":"https:\/\/calibracion.com.mx\/tienda\/wp-json\/wp\/v2\/product"}],"about":[{"href":"https:\/\/calibracion.com.mx\/tienda\/wp-json\/wp\/v2\/types\/product"}],"wp:featuredmedia":[{"embeddable":true,"href":"https:\/\/calibracion.com.mx\/tienda\/wp-json\/wp\/v2\/media\/4666"}],"wp:attachment":[{"href":"https:\/\/calibracion.com.mx\/tienda\/wp-json\/wp\/v2\/media?parent=4664"}],"wp:term":[{"taxonomy":"product_cat","embeddable":true,"href":"https:\/\/calibracion.com.mx\/tienda\/wp-json\/wp\/v2\/product_cat?post=4664"},{"taxonomy":"product_tag","embeddable":true,"href":"https:\/\/calibracion.com.mx\/tienda\/wp-json\/wp\/v2\/product_tag?post=4664"}],"curies":[{"name":"wp","href":"https:\/\/api.w.org\/{rel}","templated":true}]}}