{"id":4670,"date":"2023-12-06T17:17:31","date_gmt":"2023-12-06T17:17:31","guid":{"rendered":"https:\/\/calibracion.com.mx\/tienda\/?post_type=product&#038;p=4670"},"modified":"2023-12-06T17:17:32","modified_gmt":"2023-12-06T17:17:32","slug":"termometro-avaly-va-13447","status":"publish","type":"product","link":"https:\/\/calibracion.com.mx\/tienda\/termometro-avaly-va-13447\/","title":{"rendered":"Term\u00f3metro Avaly VA-13447"},"content":{"rendered":"<p>El term\u00f3metro AVALY VA-13447 puede medir la temperatura a nivel industrial, ya que pueden soportar hasta las condiciones de trabajo mucho m\u00e1s profundas. Las aleaciones met\u00e1licas, la de alto y bajo coeficiente de dilataci\u00f3n, siendo expuestas a determinada temperatura emiten un movimiento giratorio a una aguja indicadora y siendo este equipo ideal para el control de la temperatura, es muy recomendable para utilizarlo.<\/p>\n<h3>Caracter\u00edsticas de term\u00f3metro Avaly VA-13447<\/h3>\n<table>\n<tbody>\n<tr>\n<td width=\"599\">Registro.<\/td>\n<\/tr>\n<tr>\n<td width=\"599\">\u00b0F y \u00b0C.<\/td>\n<\/tr>\n<tr>\n<td width=\"599\">Rango Celsius.<\/td>\n<\/tr>\n<tr>\n<td width=\"599\">0\u00b0C a 150\u00b0C.<\/td>\n<\/tr>\n<tr>\n<td width=\"599\">Rango Fahrenheit.<\/td>\n<\/tr>\n<tr>\n<td width=\"599\">-32\u00b0F a 302\u00b0F.<\/td>\n<\/tr>\n<tr>\n<td width=\"599\">Lectura.<\/td>\n<\/tr>\n<tr>\n<td width=\"599\">An\u00e1logo.<\/td>\n<\/tr>\n<tr>\n<td width=\"599\">Caratula.<\/td>\n<\/tr>\n<tr>\n<td width=\"599\">1 3\/4\u2033.<\/td>\n<\/tr>\n<\/tbody>\n<\/table>\n","protected":false},"excerpt":{"rendered":"<p>El term\u00f3metro AVALY VA-13447 puede medir la temperatura a nivel industrial, ya que pueden soportar hasta las condiciones de trabajo mucho m\u00e1s profundas. Las aleaciones met\u00e1licas, la de alto y bajo coeficiente de dilataci\u00f3n, siendo expuestas a determinada temperatura emiten un movimiento giratorio a una aguja indicadora.<\/p>\n","protected":false},"featured_media":4672,"template":"","meta":[],"product_cat":[16],"product_tag":[],"class_list":["post-4670","product","type-product","status-publish","has-post-thumbnail","hentry","product_cat-uncategorized"],"_links":{"self":[{"href":"https:\/\/calibracion.com.mx\/tienda\/wp-json\/wp\/v2\/product\/4670","targetHints":{"allow":["GET"]}}],"collection":[{"href":"https:\/\/calibracion.com.mx\/tienda\/wp-json\/wp\/v2\/product"}],"about":[{"href":"https:\/\/calibracion.com.mx\/tienda\/wp-json\/wp\/v2\/types\/product"}],"wp:featuredmedia":[{"embeddable":true,"href":"https:\/\/calibracion.com.mx\/tienda\/wp-json\/wp\/v2\/media\/4672"}],"wp:attachment":[{"href":"https:\/\/calibracion.com.mx\/tienda\/wp-json\/wp\/v2\/media?parent=4670"}],"wp:term":[{"taxonomy":"product_cat","embeddable":true,"href":"https:\/\/calibracion.com.mx\/tienda\/wp-json\/wp\/v2\/product_cat?post=4670"},{"taxonomy":"product_tag","embeddable":true,"href":"https:\/\/calibracion.com.mx\/tienda\/wp-json\/wp\/v2\/product_tag?post=4670"}],"curies":[{"name":"wp","href":"https:\/\/api.w.org\/{rel}","templated":true}]}}