{"id":4673,"date":"2023-12-06T17:19:31","date_gmt":"2023-12-06T17:19:31","guid":{"rendered":"https:\/\/calibracion.com.mx\/tienda\/?post_type=product&#038;p=4673"},"modified":"2023-12-06T17:19:32","modified_gmt":"2023-12-06T17:19:32","slug":"termometro-avaly-va-134015","status":"publish","type":"product","link":"https:\/\/calibracion.com.mx\/tienda\/termometro-avaly-va-134015\/","title":{"rendered":"Term\u00f3metro Avaly VA-134015"},"content":{"rendered":"<p>El term\u00f3metro AVALY VA-134015 puede medir la temperatura a nivel industrial asimismo es distinguido por ser un term\u00f3metro an\u00e1logo de precisi\u00f3n, m\u00e1xima visibilidad, fiable y \u00fatil a largo plazo , es perfecto para usarlo.<\/p>\n<h3>Caracter\u00edsticas de term\u00f3metro Avaly VA-134015<\/h3>\n<table>\n<tbody>\n<tr>\n<td width=\"599\">Registro.<\/td>\n<\/tr>\n<tr>\n<td width=\"599\">\u00b0F y \u00b0C.<\/td>\n<\/tr>\n<tr>\n<td width=\"599\">Rango Celsius.<\/td>\n<\/tr>\n<tr>\n<td width=\"599\">-40\u00b0C a 70\u00b0C.<\/td>\n<\/tr>\n<tr>\n<td width=\"599\">Rango Fahrenheit.<\/td>\n<\/tr>\n<tr>\n<td width=\"599\">-40\u00b0f A 158\u00b0f.<\/td>\n<\/tr>\n<tr>\n<td width=\"599\">Lectura.<\/td>\n<\/tr>\n<tr>\n<td width=\"599\">An\u00e1logo.<\/td>\n<\/tr>\n<tr>\n<td width=\"599\">Caratula.<\/td>\n<\/tr>\n<tr>\n<td width=\"599\">1 3\/4\u2033.<\/td>\n<\/tr>\n<\/tbody>\n<\/table>\n<p>&nbsp;<\/p>\n","protected":false},"excerpt":{"rendered":"<p>El term\u00f3metro AVALY VA-134015 puede medir la temperatura a nivel industrial asimismo es distinguido por ser un term\u00f3metro an\u00e1logo de precisi\u00f3n, m\u00e1xima visibilidad, fiable y \u00fatil a largo plazo , es perfecto para usarlo.<\/p>\n","protected":false},"featured_media":4674,"template":"","meta":[],"product_cat":[16],"product_tag":[],"class_list":["post-4673","product","type-product","status-publish","has-post-thumbnail","hentry","product_cat-uncategorized"],"_links":{"self":[{"href":"https:\/\/calibracion.com.mx\/tienda\/wp-json\/wp\/v2\/product\/4673","targetHints":{"allow":["GET"]}}],"collection":[{"href":"https:\/\/calibracion.com.mx\/tienda\/wp-json\/wp\/v2\/product"}],"about":[{"href":"https:\/\/calibracion.com.mx\/tienda\/wp-json\/wp\/v2\/types\/product"}],"wp:featuredmedia":[{"embeddable":true,"href":"https:\/\/calibracion.com.mx\/tienda\/wp-json\/wp\/v2\/media\/4674"}],"wp:attachment":[{"href":"https:\/\/calibracion.com.mx\/tienda\/wp-json\/wp\/v2\/media?parent=4673"}],"wp:term":[{"taxonomy":"product_cat","embeddable":true,"href":"https:\/\/calibracion.com.mx\/tienda\/wp-json\/wp\/v2\/product_cat?post=4673"},{"taxonomy":"product_tag","embeddable":true,"href":"https:\/\/calibracion.com.mx\/tienda\/wp-json\/wp\/v2\/product_tag?post=4673"}],"curies":[{"name":"wp","href":"https:\/\/api.w.org\/{rel}","templated":true}]}}