{"id":4678,"date":"2023-12-06T17:23:32","date_gmt":"2023-12-06T17:23:32","guid":{"rendered":"https:\/\/calibracion.com.mx\/tienda\/?post_type=product&#038;p=4678"},"modified":"2023-12-06T17:23:32","modified_gmt":"2023-12-06T17:23:32","slug":"termometro-avaly-va-e273","status":"publish","type":"product","link":"https:\/\/calibracion.com.mx\/tienda\/termometro-avaly-va-e273\/","title":{"rendered":"Term\u00f3metro Avaly VA-E273"},"content":{"rendered":"<p>Es un instrumento muy utilizado en industrias y dando como resultado un dispositivo de alta calidad utiliza tres maneras de instalaci\u00f3n entre ellas en pared, soporte para mesa y tambi\u00e9n im\u00e1n es momento de usarlo.<\/p>\n<h3>Caracter\u00edsticas de term\u00f3metro Avaly VA-E273<\/h3>\n<table>\n<tbody>\n<tr>\n<td width=\"599\">Registro.<\/td>\n<\/tr>\n<tr>\n<td width=\"599\">\u00b0F y \u00b0C.<\/td>\n<\/tr>\n<tr>\n<td width=\"599\">Rango Celsius.<\/td>\n<\/tr>\n<tr>\n<td width=\"599\">-45\u00b0C a 200\u00b0C.<\/td>\n<\/tr>\n<tr>\n<td width=\"599\">Rango Fahrenheit.<\/td>\n<\/tr>\n<tr>\n<td width=\"599\">-50\u00b0F a 392\u00b0F.<\/td>\n<\/tr>\n<tr>\n<td width=\"599\">Lectura.<\/td>\n<\/tr>\n<tr>\n<td width=\"599\">Digital.<\/td>\n<\/tr>\n<tr>\n<td width=\"599\">Pantalla.<\/td>\n<\/tr>\n<tr>\n<td width=\"599\">LCD.<\/td>\n<\/tr>\n<tr>\n<td width=\"599\">Material.<\/td>\n<\/tr>\n<tr>\n<td width=\"599\">Pl\u00e1stico.<\/td>\n<\/tr>\n<\/tbody>\n<\/table>\n<p>&nbsp;<\/p>\n","protected":false},"excerpt":{"rendered":"<p>Es un instrumento muy utilizado en industrias y dando como resultado un dispositivo de alta calidad utiliza tres maneras de instalaci\u00f3n entre ellas en pared, soporte para mesa y tambi\u00e9n im\u00e1n es momento de usarlo.<\/p>\n","protected":false},"featured_media":4679,"template":"","meta":[],"product_cat":[16],"product_tag":[],"class_list":["post-4678","product","type-product","status-publish","has-post-thumbnail","hentry","product_cat-uncategorized"],"_links":{"self":[{"href":"https:\/\/calibracion.com.mx\/tienda\/wp-json\/wp\/v2\/product\/4678","targetHints":{"allow":["GET"]}}],"collection":[{"href":"https:\/\/calibracion.com.mx\/tienda\/wp-json\/wp\/v2\/product"}],"about":[{"href":"https:\/\/calibracion.com.mx\/tienda\/wp-json\/wp\/v2\/types\/product"}],"wp:featuredmedia":[{"embeddable":true,"href":"https:\/\/calibracion.com.mx\/tienda\/wp-json\/wp\/v2\/media\/4679"}],"wp:attachment":[{"href":"https:\/\/calibracion.com.mx\/tienda\/wp-json\/wp\/v2\/media?parent=4678"}],"wp:term":[{"taxonomy":"product_cat","embeddable":true,"href":"https:\/\/calibracion.com.mx\/tienda\/wp-json\/wp\/v2\/product_cat?post=4678"},{"taxonomy":"product_tag","embeddable":true,"href":"https:\/\/calibracion.com.mx\/tienda\/wp-json\/wp\/v2\/product_tag?post=4678"}],"curies":[{"name":"wp","href":"https:\/\/api.w.org\/{rel}","templated":true}]}}