{"id":4688,"date":"2023-12-06T17:35:12","date_gmt":"2023-12-06T17:35:12","guid":{"rendered":"https:\/\/calibracion.com.mx\/tienda\/?post_type=product&#038;p=4688"},"modified":"2023-12-08T19:16:33","modified_gmt":"2023-12-08T19:16:33","slug":"termometro-avaly-dt100s","status":"publish","type":"product","link":"https:\/\/calibracion.com.mx\/tienda\/termometro-avaly-dt100s\/","title":{"rendered":"Term\u00f3metro Avaly DT100S"},"content":{"rendered":"<p>El term\u00f3metro digital DT100S marcha por medio de una bater\u00eda de litio que le deja registrar la temperatura. Recopila datos atmosf\u00e9ricos para registrar la temperatura, tambi\u00e9n registra la inclinaci\u00f3n de los sucesivos d\u00edas y los valores m\u00ednimos y m\u00e1ximos de la temperatura. Contiene una escala de \u00baC y un sensor de acero inoxidable de 1.20 m que le permite registrar las temperaturas en cuartos de refrigeraci\u00f3n, es conveniente.<\/p>\n<h3>Caracter\u00edsticas de term\u00f3metro Avaly DT100S<\/h3>\n<table>\n<tbody>\n<tr>\n<td width=\"599\">Funci\u00f3n.<\/td>\n<\/tr>\n<tr>\n<td width=\"599\">C\u00e1maras de refrigeraci\u00f3n.<\/td>\n<\/tr>\n<tr>\n<td width=\"599\">Registro.<\/td>\n<\/tr>\n<tr>\n<td width=\"599\">\u00b0C.<\/td>\n<\/tr>\n<tr>\n<td width=\"599\">Rango Celsius.<\/td>\n<\/tr>\n<tr>\n<td width=\"599\">-40\u00b0C a 70\u00b0C.<\/td>\n<\/tr>\n<tr>\n<td width=\"599\">Lectura.<\/td>\n<\/tr>\n<tr>\n<td width=\"599\">Digital.<\/td>\n<\/tr>\n<tr>\n<td width=\"599\">Pantalla.<\/td>\n<\/tr>\n<tr>\n<td width=\"599\">LCD.<\/td>\n<\/tr>\n<tr>\n<td width=\"599\">Bater\u00eda.<\/td>\n<\/tr>\n<tr>\n<td width=\"599\">Litio.<\/td>\n<\/tr>\n<tr>\n<td width=\"599\">Caratula.<\/td>\n<\/tr>\n<tr>\n<td width=\"599\">51mm.<\/td>\n<\/tr>\n<tr>\n<td width=\"599\">Material.<\/td>\n<\/tr>\n<tr>\n<td width=\"599\">Pl\u00e1stico.<\/td>\n<\/tr>\n<tr>\n<td width=\"599\">Uso.<\/td>\n<\/tr>\n<tr>\n<td width=\"599\">Industrial.<\/td>\n<\/tr>\n<\/tbody>\n<\/table>\n<p>&nbsp;<\/p>\n","protected":false},"excerpt":{"rendered":"<p>El term\u00f3metro digital DT100S marcha por medio de una bater\u00eda de litio que le deja registrar la temperatura. Recopila datos atmosf\u00e9ricos para registrar la temperatura, tambi\u00e9n registra la inclinaci\u00f3n de los sucesivos d\u00edas y los valores m\u00ednimos y m\u00e1ximos de la temperatura.<\/p>\n","protected":false},"featured_media":4831,"template":"","meta":[],"product_cat":[16],"product_tag":[],"class_list":["post-4688","product","type-product","status-publish","has-post-thumbnail","hentry","product_cat-uncategorized"],"_links":{"self":[{"href":"https:\/\/calibracion.com.mx\/tienda\/wp-json\/wp\/v2\/product\/4688","targetHints":{"allow":["GET"]}}],"collection":[{"href":"https:\/\/calibracion.com.mx\/tienda\/wp-json\/wp\/v2\/product"}],"about":[{"href":"https:\/\/calibracion.com.mx\/tienda\/wp-json\/wp\/v2\/types\/product"}],"wp:featuredmedia":[{"embeddable":true,"href":"https:\/\/calibracion.com.mx\/tienda\/wp-json\/wp\/v2\/media\/4831"}],"wp:attachment":[{"href":"https:\/\/calibracion.com.mx\/tienda\/wp-json\/wp\/v2\/media?parent=4688"}],"wp:term":[{"taxonomy":"product_cat","embeddable":true,"href":"https:\/\/calibracion.com.mx\/tienda\/wp-json\/wp\/v2\/product_cat?post=4688"},{"taxonomy":"product_tag","embeddable":true,"href":"https:\/\/calibracion.com.mx\/tienda\/wp-json\/wp\/v2\/product_tag?post=4688"}],"curies":[{"name":"wp","href":"https:\/\/api.w.org\/{rel}","templated":true}]}}