{"id":4691,"date":"2023-12-06T17:38:06","date_gmt":"2023-12-06T17:38:06","guid":{"rendered":"https:\/\/calibracion.com.mx\/tienda\/?post_type=product&#038;p=4691"},"modified":"2023-12-08T19:19:45","modified_gmt":"2023-12-08T19:19:45","slug":"termometro-avaly-dst1001s","status":"publish","type":"product","link":"https:\/\/calibracion.com.mx\/tienda\/termometro-avaly-dst1001s\/","title":{"rendered":"Term\u00f3metro Avaly DST1001S"},"content":{"rendered":"<p>El term\u00f3metro Avaly DST1001S funciona por medio de energ\u00eda, una placa y una bater\u00eda de AAA que le permite marchar de d\u00eda y noche ya que registra las temperaturas en cuartos de refrigeraci\u00f3n, es momento de adquirirlo.<\/p>\n<table width=\"466\">\n<tbody>\n<tr>\n<td width=\"599\">Rectangular, de bulbo, para vitrina.<\/td>\n<\/tr>\n<tr>\n<td width=\"599\">Longitud de cable: 1.5 m.<\/td>\n<\/tr>\n<tr>\n<td width=\"599\">Con pila de respaldo y bot\u00f3n de encendido y apagado.<\/td>\n<\/tr>\n<tr>\n<td width=\"599\">Carcasa de pl\u00e1stico negro, aspecto moderno, peque\u00f1o y exquisito.<\/td>\n<\/tr>\n<\/tbody>\n<\/table>\n<h3>Caracter\u00edsticas de term\u00f3metro Avaly DST1001S<\/h3>\n<table>\n<tbody>\n<tr>\n<td width=\"599\">Funci\u00f3n.<\/td>\n<\/tr>\n<tr>\n<td width=\"599\">C\u00e1maras de Refrigeraci\u00f3n.<\/td>\n<\/tr>\n<tr>\n<td width=\"599\">Registro.<\/td>\n<\/tr>\n<tr>\n<td width=\"599\">\u00b0C y \u00b0F.<\/td>\n<\/tr>\n<tr>\n<td width=\"599\">Rango Celsius.<\/td>\n<\/tr>\n<tr>\n<td width=\"599\">-50\u00b0C a 150\u00b0C.<\/td>\n<\/tr>\n<tr>\n<td width=\"599\">Rango Fahrenheit.<\/td>\n<\/tr>\n<tr>\n<td width=\"599\">-58\u00b0F a 302\u00b0F.<\/td>\n<\/tr>\n<tr>\n<td width=\"599\">Lectura.<\/td>\n<\/tr>\n<tr>\n<td width=\"599\">Digital.<\/td>\n<\/tr>\n<tr>\n<td width=\"599\">Sensor.<\/td>\n<\/tr>\n<tr>\n<td width=\"599\">Sonda.<\/td>\n<\/tr>\n<tr>\n<td width=\"599\">Pantalla.<\/td>\n<\/tr>\n<tr>\n<td width=\"599\">LCD.<\/td>\n<\/tr>\n<tr>\n<td width=\"599\">Bater\u00eda.<\/td>\n<\/tr>\n<tr>\n<td width=\"599\">1 bater\u00eda AAA (incluida).<\/td>\n<\/tr>\n<tr>\n<td width=\"599\">Caratula.<\/td>\n<\/tr>\n<tr>\n<td width=\"599\">51mm.<\/td>\n<\/tr>\n<tr>\n<td width=\"599\">Material.<\/td>\n<\/tr>\n<tr>\n<td width=\"599\">Pl\u00e1stico.<\/td>\n<\/tr>\n<tr>\n<td width=\"599\">Uso.<\/td>\n<\/tr>\n<tr>\n<td width=\"599\">Industrial.<\/td>\n<\/tr>\n<\/tbody>\n<\/table>\n<p>&nbsp;<\/p>\n","protected":false},"excerpt":{"rendered":"<p>El term\u00f3metro Avaly DST1001S funciona por medio de energ\u00eda, una placa y una bater\u00eda de AAA que le permite marchar de d\u00eda y noche ya que registra las temperaturas en cuartos de refrigeraci\u00f3n, es momento de adquirirlo.<\/p>\n","protected":false},"featured_media":4834,"template":"","meta":[],"product_cat":[16],"product_tag":[],"class_list":["post-4691","product","type-product","status-publish","has-post-thumbnail","hentry","product_cat-uncategorized"],"_links":{"self":[{"href":"https:\/\/calibracion.com.mx\/tienda\/wp-json\/wp\/v2\/product\/4691","targetHints":{"allow":["GET"]}}],"collection":[{"href":"https:\/\/calibracion.com.mx\/tienda\/wp-json\/wp\/v2\/product"}],"about":[{"href":"https:\/\/calibracion.com.mx\/tienda\/wp-json\/wp\/v2\/types\/product"}],"wp:featuredmedia":[{"embeddable":true,"href":"https:\/\/calibracion.com.mx\/tienda\/wp-json\/wp\/v2\/media\/4834"}],"wp:attachment":[{"href":"https:\/\/calibracion.com.mx\/tienda\/wp-json\/wp\/v2\/media?parent=4691"}],"wp:term":[{"taxonomy":"product_cat","embeddable":true,"href":"https:\/\/calibracion.com.mx\/tienda\/wp-json\/wp\/v2\/product_cat?post=4691"},{"taxonomy":"product_tag","embeddable":true,"href":"https:\/\/calibracion.com.mx\/tienda\/wp-json\/wp\/v2\/product_tag?post=4691"}],"curies":[{"name":"wp","href":"https:\/\/api.w.org\/{rel}","templated":true}]}}