{"id":472,"date":"2023-10-27T17:15:53","date_gmt":"2023-10-27T17:15:53","guid":{"rendered":"https:\/\/calibracion.com.mx\/tienda\/?post_type=product&#038;p=472"},"modified":"2023-10-27T19:05:15","modified_gmt":"2023-10-27T19:05:15","slug":"termohigrometro-taylor-1731","status":"publish","type":"product","link":"https:\/\/calibracion.com.mx\/tienda\/termohigrometro-taylor-1731\/","title":{"rendered":"Termohigr\u00f3metro Taylor 1731"},"content":{"rendered":"<p>Termohigr\u00f3metro digital marca Taylor modelo 1731 con sensor rec\u00f3ndito por Bluetooth, con display grande ideal para farmacias, laboratorios y guardes de f\u00e1rmacos.<\/p>\n<table>\n<tbody>\n<tr>\n<td width=\"221\">Funci\u00f3n<\/td>\n<td width=\"221\">Medio Ambiente<\/td>\n<\/tr>\n<tr>\n<td width=\"221\">Registro<\/td>\n<td width=\"221\">\u00b0F y \u00b0C<\/td>\n<\/tr>\n<tr>\n<td width=\"221\">Rango Celsius<\/td>\n<td width=\"221\">0\u00b0C a 50\u00b0C<\/td>\n<\/tr>\n<tr>\n<td width=\"221\">Rango Fahrenheit<\/td>\n<td width=\"221\">32\u00b0F a 122\u00b0F<\/td>\n<\/tr>\n<tr>\n<td width=\"221\">Rango Humedad<\/td>\n<td width=\"221\">20% a 95% hr<\/td>\n<\/tr>\n<tr>\n<td width=\"221\">Lectura<\/td>\n<td width=\"221\">Digital<\/td>\n<\/tr>\n<tr>\n<td width=\"221\">Sensor<\/td>\n<td width=\"221\">Inal\u00e1mbrico<\/td>\n<\/tr>\n<tr>\n<td width=\"221\">Pantalla<\/td>\n<td width=\"221\">Digital<\/td>\n<\/tr>\n<tr>\n<td width=\"221\">Material<\/td>\n<td width=\"221\">Pl\u00e1stico<\/td>\n<\/tr>\n<tr>\n<td width=\"221\">Uso<\/td>\n<td width=\"221\">Medio Ambiente<\/td>\n<\/tr>\n<\/tbody>\n<\/table>\n<p>&nbsp;<\/p>\n<p><strong>Ficha t\u00e9cnica de termohigr\u00f3metro digital Taylor 1731<\/strong><\/p>\n<table>\n<tbody>\n<tr>\n<td width=\"221\">Lectura<\/td>\n<td width=\"221\">Digital<\/td>\n<\/tr>\n<tr>\n<td width=\"221\">Sensor<\/td>\n<td width=\"221\">Inal\u00e1mbrico<\/td>\n<\/tr>\n<tr>\n<td width=\"221\">Pantalla<\/td>\n<td width=\"221\">Digital<\/td>\n<\/tr>\n<tr>\n<td width=\"221\">Material<\/td>\n<td width=\"221\">Pl\u00e1stico<\/td>\n<\/tr>\n<tr>\n<td width=\"221\">Uso<\/td>\n<td width=\"221\">Medio Ambiente<\/td>\n<\/tr>\n<\/tbody>\n<\/table>\n","protected":false},"excerpt":{"rendered":"<pre><strong>Termohigr\u00f3metro Taylor 1731<\/strong><\/pre>\n<h3><strong>Caracter\u00edsticas del termohigr\u00f3metro Taylor modelo 1731<\/strong><\/h3>\n<ul>\n<li>Termohigr\u00f3metro digital con sensor remoto.<\/li>\n<li>Calendario.<\/li>\n<li>Dimensiones: 5 x 1.9 x 3.3\u2033.<\/li>\n<li>Rangos de temperatura de \u00b0C y \u00b0F.<\/li>\n<li>Humedad.<\/li>\n<li>Reloj con alarma.<\/li>\n<\/ul>\n","protected":false},"featured_media":476,"template":"","meta":[],"product_cat":[16],"product_tag":[],"class_list":["post-472","product","type-product","status-publish","has-post-thumbnail","hentry","product_cat-uncategorized"],"_links":{"self":[{"href":"https:\/\/calibracion.com.mx\/tienda\/wp-json\/wp\/v2\/product\/472","targetHints":{"allow":["GET"]}}],"collection":[{"href":"https:\/\/calibracion.com.mx\/tienda\/wp-json\/wp\/v2\/product"}],"about":[{"href":"https:\/\/calibracion.com.mx\/tienda\/wp-json\/wp\/v2\/types\/product"}],"wp:featuredmedia":[{"embeddable":true,"href":"https:\/\/calibracion.com.mx\/tienda\/wp-json\/wp\/v2\/media\/476"}],"wp:attachment":[{"href":"https:\/\/calibracion.com.mx\/tienda\/wp-json\/wp\/v2\/media?parent=472"}],"wp:term":[{"taxonomy":"product_cat","embeddable":true,"href":"https:\/\/calibracion.com.mx\/tienda\/wp-json\/wp\/v2\/product_cat?post=472"},{"taxonomy":"product_tag","embeddable":true,"href":"https:\/\/calibracion.com.mx\/tienda\/wp-json\/wp\/v2\/product_tag?post=472"}],"curies":[{"name":"wp","href":"https:\/\/api.w.org\/{rel}","templated":true}]}}