{"id":4902,"date":"2023-12-11T14:55:04","date_gmt":"2023-12-11T14:55:04","guid":{"rendered":"https:\/\/calibracion.com.mx\/tienda\/?post_type=product&#038;p=4902"},"modified":"2023-12-11T14:55:05","modified_gmt":"2023-12-11T14:55:05","slug":"manometro-baker-ahnc-3000p-lleno-de-glicerina-conexion-trasera-npt-de-0-3000-0-21-psi-000-kpa","status":"publish","type":"product","link":"https:\/\/calibracion.com.mx\/tienda\/manometro-baker-ahnc-3000p-lleno-de-glicerina-conexion-trasera-npt-de-0-3000-0-21-psi-000-kpa\/","title":{"rendered":"Man\u00f3metro baker ahnc-3000p, lleno de glicerina, conexi\u00f3n trasera npt de 0-3000\u201d, 0-21 psi-000-<>,<> kpa"},"content":{"rendered":"<p>Este man\u00f3metro tiene un dial de aluminio estampado de 2.5 \u201cde di\u00e1metro y una caja de acero inoxidable pulimentado. Su relleno de glicerina da un efecto amortiguador que minimiza las pulsaciones.<\/p>\n<h3>Funciones<\/h3>\n<ul>\n<li>Tubo de bronce y z\u00f3calo de lat\u00f3n con movimiento de lat\u00f3n.<\/li>\n<li>Caja de acero inoxidable pulido.<\/li>\n<li>Escalas duales de ingl\u00e9s\/m\u00e9tricas (psi\/kPa).<\/li>\n<li>El relleno de glicerina proporciona un efecto amortiguador que minimiza las pulsaciones; lubrica continuamente el movimiento del medidor; y hace que este medidor sea ideal para entornos adversos.<\/li>\n<li>Lente de vidrio, bisel prensado.<\/li>\n<\/ul>\n<h3>Aplicaciones<\/h3>\n<p>Ideal para las siguientes aplicaciones: Monitoreo de procesos, Pruebas de l\u00ednea de producci\u00f3n, Laboratorios, Entornos adversos.<\/p>\n<h3>Baker AHNC-3000P Especificaciones<\/h3>\n<table>\n<tbody>\n<tr>\n<td>Di\u00e1metro del dial<\/td>\n<td>2\u00bd\u201d<\/td>\n<\/tr>\n<tr>\n<td>Rango de presi\u00f3n<\/td>\n<td>0-3000 psi\/0-21.000 kPa<\/td>\n<\/tr>\n<tr>\n<td>Exactitud<\/td>\n<td>\u00b11,6 % de precisi\u00f3n<\/td>\n<\/tr>\n<tr>\n<td>Conexi\u00f3n<\/td>\n<td>Montaje trasero NPT de 1\/4\u2033<\/td>\n<\/tr>\n<tr>\n<td>Tipo de dial<\/td>\n<td>Equivalente<\/td>\n<\/tr>\n<tr>\n<td>Intervalos de figuras<\/td>\n<td>500 psi<\/td>\n<\/tr>\n<tr>\n<td>Divisiones menores<\/td>\n<td>50 psi<\/td>\n<\/tr>\n<\/tbody>\n<\/table>\n","protected":false},"excerpt":{"rendered":"<p>Este man\u00f3metro tiene un dial de aluminio estampado de 2.5 \u201cde di\u00e1metro y una caja de acero inoxidable pulimentado. Su relleno de glicerina da un efecto amortiguador que minimiza las pulsaciones.<\/p>\n","protected":false},"featured_media":4903,"template":"","meta":[],"product_cat":[16],"product_tag":[],"class_list":["post-4902","product","type-product","status-publish","has-post-thumbnail","hentry","product_cat-uncategorized"],"_links":{"self":[{"href":"https:\/\/calibracion.com.mx\/tienda\/wp-json\/wp\/v2\/product\/4902","targetHints":{"allow":["GET"]}}],"collection":[{"href":"https:\/\/calibracion.com.mx\/tienda\/wp-json\/wp\/v2\/product"}],"about":[{"href":"https:\/\/calibracion.com.mx\/tienda\/wp-json\/wp\/v2\/types\/product"}],"wp:featuredmedia":[{"embeddable":true,"href":"https:\/\/calibracion.com.mx\/tienda\/wp-json\/wp\/v2\/media\/4903"}],"wp:attachment":[{"href":"https:\/\/calibracion.com.mx\/tienda\/wp-json\/wp\/v2\/media?parent=4902"}],"wp:term":[{"taxonomy":"product_cat","embeddable":true,"href":"https:\/\/calibracion.com.mx\/tienda\/wp-json\/wp\/v2\/product_cat?post=4902"},{"taxonomy":"product_tag","embeddable":true,"href":"https:\/\/calibracion.com.mx\/tienda\/wp-json\/wp\/v2\/product_tag?post=4902"}],"curies":[{"name":"wp","href":"https:\/\/api.w.org\/{rel}","templated":true}]}}