{"id":4942,"date":"2023-12-11T15:52:04","date_gmt":"2023-12-11T15:52:04","guid":{"rendered":"https:\/\/calibracion.com.mx\/tienda\/?post_type=product&#038;p=4942"},"modified":"2023-12-11T15:52:05","modified_gmt":"2023-12-11T15:52:05","slug":"termohigrometro-baker-b6020fc-dial","status":"publish","type":"product","link":"https:\/\/calibracion.com.mx\/tienda\/termohigrometro-baker-b6020fc-dial\/","title":{"rendered":"Termohigr\u00f3metro baker b6020fc dial"},"content":{"rendered":"<p>Este termohigr\u00f3metro de dial mide la temperatura en Fahrenheit y Celsius y tiene un dial de acero inoxidable de 5\u2033 de di\u00e1metro y tambi\u00e9n higr\u00f3metro sint\u00e9tico para el cabello.<\/p>\n<h3>Funciones<\/h3>\n<ul>\n<li>Dial de acero inoxidable de 5 pulgadas de di\u00e1metro.<\/li>\n<li>Sensor de temperatura bimet\u00e1lico.<\/li>\n<li>Doble escala (Fahrenheit y Celsius).<\/li>\n<li>Higr\u00f3metro de pelo sint\u00e9tico.<\/li>\n<li>Probado en f\u00e1brica con tolerancias cercanas; Posibles ajustes in situ.<\/li>\n<\/ul>\n<h3>Especificaciones de Baker B6020FC<\/h3>\n<table>\n<tbody>\n<tr>\n<td colspan=\"2\"><strong>Temperatura<\/strong><\/td>\n<\/tr>\n<tr>\n<td>Rango de medici\u00f3n<\/td>\n<td>De 30 a 250 \u00b0C (de 0 a 120 \u00b0F)<\/td>\n<\/tr>\n<tr>\n<td>Exactitud<\/td>\n<td>\u00b11%<\/td>\n<\/tr>\n<tr>\n<td>Resoluci\u00f3n<\/td>\n<td>2\u00b0C\/\u00b0F<\/td>\n<\/tr>\n<tr>\n<td colspan=\"2\"><strong>Humedad<\/strong><\/td>\n<\/tr>\n<tr>\n<td>Rango de medici\u00f3n<\/td>\n<td>0 a 100% HR<\/td>\n<\/tr>\n<tr>\n<td>Exactitud<\/td>\n<td>\u00b15% HR<\/td>\n<\/tr>\n<tr>\n<td>Resoluci\u00f3n<\/td>\n<td>2% HR<\/td>\n<\/tr>\n<\/tbody>\n<\/table>\n","protected":false},"excerpt":{"rendered":"<p>Este termohigr\u00f3metro de dial mide la temperatura en Fahrenheit y Celsius y tiene un dial de acero inoxidable de 5\u2033 de di\u00e1metro y tambi\u00e9n higr\u00f3metro sint\u00e9tico para el cabello.<\/p>\n","protected":false},"featured_media":4945,"template":"","meta":[],"product_cat":[16],"product_tag":[],"class_list":["post-4942","product","type-product","status-publish","has-post-thumbnail","hentry","product_cat-uncategorized"],"_links":{"self":[{"href":"https:\/\/calibracion.com.mx\/tienda\/wp-json\/wp\/v2\/product\/4942","targetHints":{"allow":["GET"]}}],"collection":[{"href":"https:\/\/calibracion.com.mx\/tienda\/wp-json\/wp\/v2\/product"}],"about":[{"href":"https:\/\/calibracion.com.mx\/tienda\/wp-json\/wp\/v2\/types\/product"}],"wp:featuredmedia":[{"embeddable":true,"href":"https:\/\/calibracion.com.mx\/tienda\/wp-json\/wp\/v2\/media\/4945"}],"wp:attachment":[{"href":"https:\/\/calibracion.com.mx\/tienda\/wp-json\/wp\/v2\/media?parent=4942"}],"wp:term":[{"taxonomy":"product_cat","embeddable":true,"href":"https:\/\/calibracion.com.mx\/tienda\/wp-json\/wp\/v2\/product_cat?post=4942"},{"taxonomy":"product_tag","embeddable":true,"href":"https:\/\/calibracion.com.mx\/tienda\/wp-json\/wp\/v2\/product_tag?post=4942"}],"curies":[{"name":"wp","href":"https:\/\/api.w.org\/{rel}","templated":true}]}}