{"id":4962,"date":"2023-12-11T16:25:47","date_gmt":"2023-12-11T16:25:47","guid":{"rendered":"https:\/\/calibracion.com.mx\/tienda\/?post_type=product&#038;p=4962"},"modified":"2023-12-11T16:25:48","modified_gmt":"2023-12-11T16:25:48","slug":"termometro-industrial-baker-9vu35-125-de-0-a-120-f-17-a-49-c","status":"publish","type":"product","link":"https:\/\/calibracion.com.mx\/tienda\/termometro-industrial-baker-9vu35-125-de-0-a-120-f-17-a-49-c\/","title":{"rendered":"Term\u00f3metro industrial baker 9vu35-125, de 0 a 120 \u00b0f-17 a 49 \u00b0c"},"content":{"rendered":"<p>Este term\u00f3metro industrial tiene un estuche en especial dise\u00f1ado , un v\u00e1stago bloqueable completamente ajustable y un tubo de \u201clectura azul\u201d de lente de incremento lleno de l\u00edquido azul queroseno.<\/p>\n<h3>Funciones<\/h3>\n<ul>\n<li>Tubo azul de \u201clectura azul\u201d de la lente de aumento lleno de l\u00edquido.<\/li>\n<li>Montaje en choque de silicona para una durabilidad duradera.<\/li>\n<li>Caja de poli\u00e9ster GE Valox.<\/li>\n<li>Precisi\u00f3n hecha para garantizar una precisi\u00f3n dentro del 1% del rango de escala.<\/li>\n<li>Doble escala (\u00b0F y \u00b0C).<\/li>\n<li>Conexi\u00f3n de \u00e1ngulo de v\u00e1stago ajustable y rotaci\u00f3n de caja de 360\u00b0 para una f\u00e1cil instalaci\u00f3n.<\/li>\n<li>Encierra completamente el capilar para evitar que la manipulaci\u00f3n y las materias extra\u00f1as entren en el instrumento.<\/li>\n<li>Frente pesado protegido contra el vidrio firmemente asegurado contra el traqueteo por acci\u00f3n de resorte.<\/li>\n<li>Aluminio recubierto de blanco con marcas negras audaces permanentemente horneadas.<\/li>\n<li>Escala de 9\u2033 con potencia de 3,5\u2033 (90 mm).<\/li>\n<li>Bloqueado en su lugar y ajustado a trav\u00e9s del dispositivo en la parte superior de la escala.<\/li>\n<\/ul>\n<h3>Aplicaciones<\/h3>\n<p>Algunos de los usos son tuber\u00edas de proceso, tanques, tuber\u00edas en la construcci\u00f3n de edificios, calderas y conductos de aire.<\/p>\n<h3>Baker 9VU35-125 Especificaciones<\/h3>\n<table>\n<tbody>\n<tr>\n<td>Rango de medici\u00f3n<\/td>\n<td>0 a 120\u00b0F (-17 a 49\u00b0C)<\/td>\n<\/tr>\n<tr>\n<td>Exactitud<\/td>\n<td>1%<\/td>\n<\/tr>\n<tr>\n<td>Material h\u00famedo<\/td>\n<td>Aluminio fundido c\u00f3nico con relleno de grafito<\/td>\n<\/tr>\n<tr>\n<td>Material de la carcasa<\/td>\n<td>Poli\u00e9ster Valox\u00ae de 9\u2033 (228 mm)<\/td>\n<\/tr>\n<tr>\n<td>Lente<\/td>\n<td>Vidrio<\/td>\n<\/tr>\n<tr>\n<td>Balanza<\/td>\n<td>Aluminio pintado de blanco con marcas negras<\/td>\n<\/tr>\n<tr>\n<td>Conexi\u00f3n<\/td>\n<td>1-18\/&lt;&gt;-&lt;&gt; rosca UNEF macho<\/td>\n<\/tr>\n<tr>\n<td>Llenado de l\u00edquidos<\/td>\n<td>Tubo azul org\u00e1nico lleno de l\u00edquido<\/td>\n<\/tr>\n<tr>\n<td>Montura<\/td>\n<td>Potencia ajustable \u2013 rotaci\u00f3n de la caja de 360\u00b0<\/td>\n<\/tr>\n<tr>\n<td>Peso<\/td>\n<td>1,6 libras (0,73 kg)<\/td>\n<\/tr>\n<\/tbody>\n<\/table>\n","protected":false},"excerpt":{"rendered":"<p>Este term\u00f3metro industrial tiene un estuche en especial dise\u00f1ado , un v\u00e1stago bloqueable completamente ajustable y un tubo de \u201clectura azul\u201d de lente de incremento lleno de l\u00edquido azul queroseno.<\/p>\n","protected":false},"featured_media":4963,"template":"","meta":[],"product_cat":[16],"product_tag":[],"class_list":["post-4962","product","type-product","status-publish","has-post-thumbnail","hentry","product_cat-uncategorized"],"_links":{"self":[{"href":"https:\/\/calibracion.com.mx\/tienda\/wp-json\/wp\/v2\/product\/4962","targetHints":{"allow":["GET"]}}],"collection":[{"href":"https:\/\/calibracion.com.mx\/tienda\/wp-json\/wp\/v2\/product"}],"about":[{"href":"https:\/\/calibracion.com.mx\/tienda\/wp-json\/wp\/v2\/types\/product"}],"wp:featuredmedia":[{"embeddable":true,"href":"https:\/\/calibracion.com.mx\/tienda\/wp-json\/wp\/v2\/media\/4963"}],"wp:attachment":[{"href":"https:\/\/calibracion.com.mx\/tienda\/wp-json\/wp\/v2\/media?parent=4962"}],"wp:term":[{"taxonomy":"product_cat","embeddable":true,"href":"https:\/\/calibracion.com.mx\/tienda\/wp-json\/wp\/v2\/product_cat?post=4962"},{"taxonomy":"product_tag","embeddable":true,"href":"https:\/\/calibracion.com.mx\/tienda\/wp-json\/wp\/v2\/product_tag?post=4962"}],"curies":[{"name":"wp","href":"https:\/\/api.w.org\/{rel}","templated":true}]}}