{"id":4986,"date":"2023-12-11T17:14:17","date_gmt":"2023-12-11T17:14:17","guid":{"rendered":"https:\/\/calibracion.com.mx\/tienda\/?post_type=product&#038;p=4986"},"modified":"2023-12-11T17:19:39","modified_gmt":"2023-12-11T17:19:39","slug":"termometro-infrarrojo-bp17-trotec","status":"publish","type":"product","link":"https:\/\/calibracion.com.mx\/tienda\/termometro-infrarrojo-bp17-trotec\/","title":{"rendered":"Term\u00f3metro infrarrojo bp17 trotec"},"content":{"rendered":"<p>Tenga en cuenta que el \u00e1rea de medici\u00f3n, es decir , la zona en la que se registran los valores de temperatura, se ampl\u00eda conforme mayor es la distancia al objeto. Un aspecto pr\u00e1ctico: alimentado por pila, el medidor se desactiva de manera autom\u00e1tica si no se est\u00e1 usando y disminuye de esta manera su consumo energ\u00e9tico, el cual es reducido de por s\u00ed. El pr\u00e1ctico estuche para cintur\u00f3n deja llevar de forma c\u00f3moda el pir\u00f3metro y poseerlo siempre a mano,\u00a0y el dise\u00f1o ergon\u00f3mico con apariencia de pistola asegura un manejo interesante y sin esfuerzo.<\/p>\n<p>El pir\u00f3metro BP17 se presenta como un term\u00f3metro de temperatura superficial fiable y preciso. Su sensor infrarrojo lanza desenlaces de medici\u00f3n precisos dentro de un extenso rango de medici\u00f3n de entre -50 y +380 \u00b0C. Le permite definir antes una temperatura de referencia y, a lo largo de las mediciones, le informa de las desviaciones tanto visualmente como a trav\u00e9s de una alarma ac\u00fastica. En el momento de modificar el rango de tolerancia puede seleccionar entre 1 \u00b0C, 3 \u00b0C y 5 \u00b0C. A fin de que en las mediciones superficiales sin contacto y a distancia logre estar seguro de que est\u00e1 registrando realmente la temperatura actual y no un valor procedente del entorno , el pir\u00f3metro BP17 est\u00e1 equipado con un puntero l\u00e1ser que le muestra el elemento clave del \u00e1rea de medici\u00f3n (resoluci\u00f3n \u00f3ptica de 10 :1).<\/p>\n<p class=\"csc-header csc-header-n1\"><strong>Se\u00f1al de continuidad \u00f3ptica y ac\u00fastica:<\/strong><\/p>\n<p>Si quiere revisar con regularidad ciertos valores de medici\u00f3n, puede entablar antes para ellos una temperatura de referencia, as\u00ed como l\u00edmites de tolerancia de 1 \u00b0C, 3 \u00b0C o 5 \u00b0C. einstellen. Si el valor medido est\u00e1 fuera del umbral, el aparato informa por medio del color de la pantalla y de una se\u00f1al ac\u00fastica.<\/p>\n<p><strong>Verde si el valor est\u00e1 dentro del umbral de tolerancia:<\/strong><\/p>\n<p>Ha predeterminado un valor de referencia de 25 \u00b0C y un valor umbral de 1 \u00b0C. Si la temperatura superficial medida se sit\u00faa entre 24 \u00b0C y 26 \u00b0C, o sea , dentro del rango de tolerancia, la pantalla se alumbra de color verde.<\/p>\n<p><strong>Azul si no se alcanza el valor establecido:<\/strong><\/p>\n<p>El valor de referencia configurado es de 20 \u00b0C y el l\u00edmite de tolerancia elegido de +\/- 3 \u00b0C. Si la temperatura medida se encuentra entre 17 \u00b0C y 23 \u00b0C, estar\u00eda todo acertado. No obstante , si el valor actual de medici\u00f3n se ubica por debajo de los 17 \u00b0C, la pantalla se alumbra en azul y el aparato emite una se\u00f1al ac\u00fastica intermitente en intervalos largos.<\/p>\n<p><strong>Rojo si se supera el valor establecido:<\/strong><\/p>\n<p>El valor de referencia configurado es de 30 \u00b0C y el l\u00edmite de tolerancia seleccionado de 5 \u00b0C. Si la temperatura medida est\u00e1 entre 25 y 35 \u00b0C, estar\u00eda todo preciso. Sin embargo , si la temperatura superficial del objeto de medici\u00f3n se ubica por encima de los 35 \u00b0C, la pantalla se ilumina en rojo y el aparato emite una se\u00f1al ac\u00fastica intermitente en intervalos breves.<\/p>\n","protected":false},"excerpt":{"rendered":"<p>El BP17 le deja cualquier ocasi\u00f3n comprobar de un vistazo si la temperatura se mantiene dentro del rango configurado, sin para ello tener que prestar atenci\u00f3n a los valores concretos .La gran pantalla con iluminaci\u00f3n de fondo garantiza una excelente visualizaci\u00f3n de los valores de medici\u00f3n aun en condiciones de poca luminosidad.<\/p>\n","protected":false},"featured_media":4995,"template":"","meta":[],"product_cat":[16],"product_tag":[],"class_list":["post-4986","product","type-product","status-publish","has-post-thumbnail","hentry","product_cat-uncategorized"],"_links":{"self":[{"href":"https:\/\/calibracion.com.mx\/tienda\/wp-json\/wp\/v2\/product\/4986","targetHints":{"allow":["GET"]}}],"collection":[{"href":"https:\/\/calibracion.com.mx\/tienda\/wp-json\/wp\/v2\/product"}],"about":[{"href":"https:\/\/calibracion.com.mx\/tienda\/wp-json\/wp\/v2\/types\/product"}],"wp:featuredmedia":[{"embeddable":true,"href":"https:\/\/calibracion.com.mx\/tienda\/wp-json\/wp\/v2\/media\/4995"}],"wp:attachment":[{"href":"https:\/\/calibracion.com.mx\/tienda\/wp-json\/wp\/v2\/media?parent=4986"}],"wp:term":[{"taxonomy":"product_cat","embeddable":true,"href":"https:\/\/calibracion.com.mx\/tienda\/wp-json\/wp\/v2\/product_cat?post=4986"},{"taxonomy":"product_tag","embeddable":true,"href":"https:\/\/calibracion.com.mx\/tienda\/wp-json\/wp\/v2\/product_tag?post=4986"}],"curies":[{"name":"wp","href":"https:\/\/api.w.org\/{rel}","templated":true}]}}