{"id":4994,"date":"2023-12-11T17:19:29","date_gmt":"2023-12-11T17:19:29","guid":{"rendered":"https:\/\/calibracion.com.mx\/tienda\/?post_type=product&#038;p=4994"},"modified":"2023-12-11T17:19:30","modified_gmt":"2023-12-11T17:19:30","slug":"termometro-de-superficie-magnetica-baker-314fc-nist-de-50-a-750-f-de-10-a-400-c-incluye-certificado-trazable","status":"publish","type":"product","link":"https:\/\/calibracion.com.mx\/tienda\/termometro-de-superficie-magnetica-baker-314fc-nist-de-50-a-750-f-de-10-a-400-c-incluye-certificado-trazable\/","title":{"rendered":"Term\u00f3metro De Superficie Magn\u00e9tica Baker 314fc-Nist, De 50 A 750 \u00b0F (De 10 A 400 \u00b0C), Incluye Certificado Trazable"},"content":{"rendered":"<p>Este term\u00f3metro de \u00e1rea magn\u00e9tica presenta un rango de temperatura de 50 a 750 \u00b0 F (10 a 400 \u00b0 C) y alcanza el equilibrio de detecci\u00f3n en 3 minutos.<\/p>\n<p>Este producto incluye un certificado trazable con datos completos e incertidumbres.<\/p>\n<h3>Funciones<\/h3>\n<ul>\n<li>Alcanza el equilibrio de detecci\u00f3n (estabilidad) en tres minutos.<\/li>\n<li>Term\u00f3metros de superficie de montaje de doble im\u00e1n dise\u00f1ados espec\u00edficamente para ser utilizados en superficies horizontales o ferrosas no horizontales.<\/li>\n<li>El sensor bimet\u00e1lico es una aleaci\u00f3n especialmente procesada que est\u00e1 preacondicionada y probada previamente para una calibraci\u00f3n permanente y m\u00e1xima estabilidad.<\/li>\n<li>Cuenta con dos imanes de alnico que act\u00faan como base del term\u00f3metro y lo mantienen en su lugar en superficies ferrosas.<\/li>\n<li>El sensor est\u00e1 ubicado en un blindaje de tiro y est\u00e1 en contacto t\u00e9rmico virtual con la superficie a medir, lo que significa un tiempo de respuesta relativamente r\u00e1pido.<\/li>\n<\/ul>\n<h3>Aplicaciones<\/h3>\n<ul>\n<li>Hornos de recocido.<\/li>\n<li>Calderas.<\/li>\n<li>Precalentamientos de soldadura.<\/li>\n<li>Matrices fundidas a presi\u00f3n.<\/li>\n<li>Placas calientes.<\/li>\n<li>Cajas de n\u00facleo de fundici\u00f3n.<\/li>\n<li>Tambores.<\/li>\n<li>Motores.<\/li>\n<li>Rumbos.<\/li>\n<li>Generadores.<\/li>\n<li>Tanques.<\/li>\n<li>Planchas.<\/li>\n<li>Motores.<\/li>\n<\/ul>\n<p>&nbsp;<\/p>\n","protected":false},"excerpt":{"rendered":"<p>Este term\u00f3metro de \u00e1rea magn\u00e9tica presenta un rango de temperatura de 50 a 750 \u00b0 F (10 a 400 \u00b0 C) y alcanza el equilibrio de detecci\u00f3n en 3 minutos. Este producto incluye un certificado trazable con datos completos e incertidumbres.<\/p>\n","protected":false},"featured_media":4996,"template":"","meta":[],"product_cat":[16],"product_tag":[],"class_list":["post-4994","product","type-product","status-publish","has-post-thumbnail","hentry","product_cat-uncategorized"],"_links":{"self":[{"href":"https:\/\/calibracion.com.mx\/tienda\/wp-json\/wp\/v2\/product\/4994","targetHints":{"allow":["GET"]}}],"collection":[{"href":"https:\/\/calibracion.com.mx\/tienda\/wp-json\/wp\/v2\/product"}],"about":[{"href":"https:\/\/calibracion.com.mx\/tienda\/wp-json\/wp\/v2\/types\/product"}],"wp:featuredmedia":[{"embeddable":true,"href":"https:\/\/calibracion.com.mx\/tienda\/wp-json\/wp\/v2\/media\/4996"}],"wp:attachment":[{"href":"https:\/\/calibracion.com.mx\/tienda\/wp-json\/wp\/v2\/media?parent=4994"}],"wp:term":[{"taxonomy":"product_cat","embeddable":true,"href":"https:\/\/calibracion.com.mx\/tienda\/wp-json\/wp\/v2\/product_cat?post=4994"},{"taxonomy":"product_tag","embeddable":true,"href":"https:\/\/calibracion.com.mx\/tienda\/wp-json\/wp\/v2\/product_tag?post=4994"}],"curies":[{"name":"wp","href":"https:\/\/api.w.org\/{rel}","templated":true}]}}