{"id":5020,"date":"2023-12-11T17:44:29","date_gmt":"2023-12-11T17:44:29","guid":{"rendered":"https:\/\/calibracion.com.mx\/tienda\/?post_type=product&#038;p=5020"},"modified":"2023-12-11T17:44:31","modified_gmt":"2023-12-11T17:44:31","slug":"termometro-de-superficie-de-tuberia-baker-b2100-32-a-250-f-0-a-120-c","status":"publish","type":"product","link":"https:\/\/calibracion.com.mx\/tienda\/termometro-de-superficie-de-tuberia-baker-b2100-32-a-250-f-0-a-120-c\/","title":{"rendered":"Term\u00f3metro de superficie de tuber\u00eda baker b2100, 32 a 250 \u00b0f (0 a 120 \u00b0c)"},"content":{"rendered":"<p>Este term\u00f3metro de \u00e1rea de tuber\u00eda con resorte tiene un tama\u00f1o de dial de 2.5 \u201cde di\u00e1metro y est\u00e1 dise\u00f1ado para medir la temperatura de la \u00e1rea de ca\u00f1er\u00edas , cilindros y husillos.<\/p>\n<h3>Funciones<\/h3>\n<ul>\n<li>Incluye 2 muelles para diversas aplicaciones.<\/li>\n<li>\u00b13% de precisi\u00f3n (F.S.).<\/li>\n<li>El term\u00f3metro se conecta a la tuber\u00eda con resorte de acero inoxidable de alta resistencia.<\/li>\n<li>Medici\u00f3n r\u00e1pida y confiable de la temperatura de la superficie de tuber\u00edas y otras superficies redondeadas que tienen un di\u00e1metro exterior de hasta 1.5\u2033 (40 mm).<\/li>\n<\/ul>\n<h3>Aplicaciones<\/h3>\n<p>Ideal para tomar la temperatura superficial de tuber\u00edas, cilindros y husillos.<\/p>\n<h3>Baker B2100 Especificaciones<\/h3>\n<table>\n<tbody>\n<tr>\n<td>Rango de temperatura<\/td>\n<td>De 32 a 250 \u00b0C (de 0 a 120 \u00b0F)<\/td>\n<\/tr>\n<tr>\n<td>Exactitud<\/td>\n<td>\u00b13% del rango de escala completa<\/td>\n<\/tr>\n<tr>\n<td>Resoluci\u00f3n<\/td>\n<td>3.6\u00b0F (2\u00b0C)<\/td>\n<\/tr>\n<tr>\n<td>Di\u00e1metro del dial<\/td>\n<td>2 mm (5,63\u2033)<\/td>\n<\/tr>\n<tr>\n<td>Compatibilidad del di\u00e1metro de la tuber\u00eda<\/td>\n<td>Hasta 1,5\u2033 (40 mm)<\/td>\n<\/tr>\n<tr>\n<td>Material de la caja<\/td>\n<td>Acero inoxidable 304<\/td>\n<\/tr>\n<tr>\n<td>Constante de tiempo<\/td>\n<td>42 segundos<\/td>\n<\/tr>\n<tr>\n<td>Peso<\/td>\n<td>1 oz (28 g)<\/td>\n<\/tr>\n<\/tbody>\n<\/table>\n","protected":false},"excerpt":{"rendered":"<p>Este term\u00f3metro de \u00e1rea de tuber\u00eda con resorte tiene un tama\u00f1o de dial de 2.5 \u201cde di\u00e1metro y est\u00e1 dise\u00f1ado para medir la temperatura de la \u00e1rea de ca\u00f1er\u00edas , cilindros y husillos.<\/p>\n","protected":false},"featured_media":5022,"template":"","meta":[],"product_cat":[16],"product_tag":[],"class_list":["post-5020","product","type-product","status-publish","has-post-thumbnail","hentry","product_cat-uncategorized"],"_links":{"self":[{"href":"https:\/\/calibracion.com.mx\/tienda\/wp-json\/wp\/v2\/product\/5020","targetHints":{"allow":["GET"]}}],"collection":[{"href":"https:\/\/calibracion.com.mx\/tienda\/wp-json\/wp\/v2\/product"}],"about":[{"href":"https:\/\/calibracion.com.mx\/tienda\/wp-json\/wp\/v2\/types\/product"}],"wp:featuredmedia":[{"embeddable":true,"href":"https:\/\/calibracion.com.mx\/tienda\/wp-json\/wp\/v2\/media\/5022"}],"wp:attachment":[{"href":"https:\/\/calibracion.com.mx\/tienda\/wp-json\/wp\/v2\/media?parent=5020"}],"wp:term":[{"taxonomy":"product_cat","embeddable":true,"href":"https:\/\/calibracion.com.mx\/tienda\/wp-json\/wp\/v2\/product_cat?post=5020"},{"taxonomy":"product_tag","embeddable":true,"href":"https:\/\/calibracion.com.mx\/tienda\/wp-json\/wp\/v2\/product_tag?post=5020"}],"curies":[{"name":"wp","href":"https:\/\/api.w.org\/{rel}","templated":true}]}}