{"id":5052,"date":"2023-12-11T19:17:39","date_gmt":"2023-12-11T19:17:39","guid":{"rendered":"https:\/\/calibracion.com.mx\/tienda\/?post_type=product&#038;p=5052"},"modified":"2023-12-11T19:17:40","modified_gmt":"2023-12-11T19:17:40","slug":"termometro-bimetalico-baker-t3006-250-de-0-a-250-f-20-a-120-c","status":"publish","type":"product","link":"https:\/\/calibracion.com.mx\/tienda\/termometro-bimetalico-baker-t3006-250-de-0-a-250-f-20-a-120-c\/","title":{"rendered":"term\u00f3metro bimet\u00e1lico baker t3006-250, de 0 a 250 \u00b0f (-20 a 120 \u00b0c)"},"content":{"rendered":"<p>Este term\u00f3metro bimet\u00e1lico est\u00e1 hecho de toda la construcci\u00f3n de acero inoxidable soldado y un dial anti-paralaje de 3 \u201cde di\u00e1metro.<\/p>\n<h3>Funciones<\/h3>\n<ul>\n<li>Simple ajuste de recalibraci\u00f3n externa.<\/li>\n<li>Dial antiparalaje de 3\u2033 de di\u00e1metro.<\/li>\n<li>Lente de vidrio totalmente con juntas.<\/li>\n<li>Precisi\u00f3n del 1% seg\u00fan ASME B40.3 Grado A.<\/li>\n<li>0 a 250\u00b0F (-20 a 120\u00b0C).<\/li>\n<li>Longitud del v\u00e1stago : 6\u2033.<\/li>\n<li>Conexi\u00f3n recta NPT de 1\/2\u2033.<\/li>\n<li>B\u00e1sculas de temperatura duales, \u00b0F y \u00b0C.<\/li>\n<li>Toda la construcci\u00f3n de acero inoxidable soldado.<\/li>\n<li>Sellado herm\u00e9ticamente seg\u00fan ASME B40.3.<\/li>\n<li>La protecci\u00f3n de sobrealcance es del 50% hasta 500 \u00b0F; diez % por encima de 500\u00b0F).<\/li>\n<\/ul>\n","protected":false},"excerpt":{"rendered":"<p>Este term\u00f3metro bimet\u00e1lico est\u00e1 hecho de toda la construcci\u00f3n de acero inoxidable soldado y un dial anti-paralaje de 3 \u201cde di\u00e1metro.<\/p>\n","protected":false},"featured_media":5055,"template":"","meta":[],"product_cat":[16],"product_tag":[],"class_list":["post-5052","product","type-product","status-publish","has-post-thumbnail","hentry","product_cat-uncategorized"],"_links":{"self":[{"href":"https:\/\/calibracion.com.mx\/tienda\/wp-json\/wp\/v2\/product\/5052","targetHints":{"allow":["GET"]}}],"collection":[{"href":"https:\/\/calibracion.com.mx\/tienda\/wp-json\/wp\/v2\/product"}],"about":[{"href":"https:\/\/calibracion.com.mx\/tienda\/wp-json\/wp\/v2\/types\/product"}],"wp:featuredmedia":[{"embeddable":true,"href":"https:\/\/calibracion.com.mx\/tienda\/wp-json\/wp\/v2\/media\/5055"}],"wp:attachment":[{"href":"https:\/\/calibracion.com.mx\/tienda\/wp-json\/wp\/v2\/media?parent=5052"}],"wp:term":[{"taxonomy":"product_cat","embeddable":true,"href":"https:\/\/calibracion.com.mx\/tienda\/wp-json\/wp\/v2\/product_cat?post=5052"},{"taxonomy":"product_tag","embeddable":true,"href":"https:\/\/calibracion.com.mx\/tienda\/wp-json\/wp\/v2\/product_tag?post=5052"}],"curies":[{"name":"wp","href":"https:\/\/api.w.org\/{rel}","templated":true}]}}