{"id":5090,"date":"2023-12-12T15:38:03","date_gmt":"2023-12-12T15:38:03","guid":{"rendered":"https:\/\/calibracion.com.mx\/tienda\/?post_type=product&#038;p=5090"},"modified":"2023-12-12T15:38:04","modified_gmt":"2023-12-12T15:38:04","slug":"termometro-de-vastago-de-jarabe-de-arce-baker-t3109mssp-esfera-de-3%e2%80%b3-vastago-de-9%e2%80%b3","status":"publish","type":"product","link":"https:\/\/calibracion.com.mx\/tienda\/termometro-de-vastago-de-jarabe-de-arce-baker-t3109mssp-esfera-de-3%e2%80%b3-vastago-de-9%e2%80%b3\/","title":{"rendered":"Term\u00f3metro de v\u00e1stago de jarabe de arce baker t3109mssp, esfera de 3\u2033, v\u00e1stago de 9\u2033"},"content":{"rendered":"<p>Term\u00f3metro de v\u00e1stago usado por los productores de medicamento para medir la temperatura del medicamento de arce a medida que consigue una densidad terminada.<\/p>\n<h3>Funciones<\/h3>\n<ul>\n<li>Tipo de conexi\u00f3n: rosca NPT de 1\/4 \u201c.<\/li>\n<li>N\u00fameros impresos grandes para facilitar la legibilidad.<\/li>\n<li>Elemento bimet\u00e1lico preciso y sensible.<\/li>\n<li>Arrow hace una revoluci\u00f3n completa y aterriza en \u201c7\u201d que indica que el jarabe est\u00e1 listo para arrancar.<\/li>\n<li>Utilizado por los productores de jarabe para medir la temperatura del jarabe de arce a medida que alcanza una densidad terminada.<\/li>\n<li>Di\u00e1metro del v\u00e1stago: 0.25\u2033.<\/li>\n<li>Dise\u00f1ado para ser calibrado con precisi\u00f3n antes de cada lote dada la presi\u00f3n atmosf\u00e9rica actual.<\/li>\n<\/ul>\n<h3>Especificaciones de Baker T3109MSSP<\/h3>\n<table>\n<tbody>\n<tr>\n<td>Tama\u00f1o del dial<\/td>\n<td>3\u2033<\/td>\n<\/tr>\n<tr>\n<td>Tallo<\/td>\n<td>Longitud: 9\u2033 Di\u00e1metro: 0.25\u2033<\/td>\n<\/tr>\n<tr>\n<td>Tipo de conexi\u00f3n<\/td>\n<td>Rosca NPT de 1\/4\u2033<\/td>\n<\/tr>\n<\/tbody>\n<\/table>\n","protected":false},"excerpt":{"rendered":"<p>Term\u00f3metro de v\u00e1stago usado por los productores de medicamento para medir la temperatura del medicamento de arce a medida que consigue una densidad terminada.<\/p>\n","protected":false},"featured_media":5091,"template":"","meta":[],"product_cat":[16],"product_tag":[],"class_list":["post-5090","product","type-product","status-publish","has-post-thumbnail","hentry","product_cat-uncategorized"],"_links":{"self":[{"href":"https:\/\/calibracion.com.mx\/tienda\/wp-json\/wp\/v2\/product\/5090","targetHints":{"allow":["GET"]}}],"collection":[{"href":"https:\/\/calibracion.com.mx\/tienda\/wp-json\/wp\/v2\/product"}],"about":[{"href":"https:\/\/calibracion.com.mx\/tienda\/wp-json\/wp\/v2\/types\/product"}],"wp:featuredmedia":[{"embeddable":true,"href":"https:\/\/calibracion.com.mx\/tienda\/wp-json\/wp\/v2\/media\/5091"}],"wp:attachment":[{"href":"https:\/\/calibracion.com.mx\/tienda\/wp-json\/wp\/v2\/media?parent=5090"}],"wp:term":[{"taxonomy":"product_cat","embeddable":true,"href":"https:\/\/calibracion.com.mx\/tienda\/wp-json\/wp\/v2\/product_cat?post=5090"},{"taxonomy":"product_tag","embeddable":true,"href":"https:\/\/calibracion.com.mx\/tienda\/wp-json\/wp\/v2\/product_tag?post=5090"}],"curies":[{"name":"wp","href":"https:\/\/api.w.org\/{rel}","templated":true}]}}