{"id":5095,"date":"2023-12-12T15:47:19","date_gmt":"2023-12-12T15:47:19","guid":{"rendered":"https:\/\/calibracion.com.mx\/tienda\/?post_type=product&#038;p=5095"},"modified":"2023-12-12T15:47:19","modified_gmt":"2023-12-12T15:47:19","slug":"termometro-de-superficie-magnetica-baker-312fc-de-0-a-250-f-20-a-120-c","status":"publish","type":"product","link":"https:\/\/calibracion.com.mx\/tienda\/termometro-de-superficie-magnetica-baker-312fc-de-0-a-250-f-20-a-120-c\/","title":{"rendered":"Term\u00f3metro de superficie magn\u00e9tica baker 312fc, de 0 a 250 \u00b0f (-20 a 120 \u00b0c)"},"content":{"rendered":"<p>Este term\u00f3metro de \u00e1rea imantada muestra un rango de temperatura de 0 a 250 \u00b0 F (-20 a 120 \u00b0 C) y alcanza la estabilidad de detecci\u00f3n en 3 minutos.<\/p>\n<h3>Funciones<\/h3>\n<ul>\n<li>El sensor est\u00e1 ubicado en un blindaje de tiro y est\u00e1 en contacto t\u00e9rmico virtual con la superficie a medir, lo que significa un tiempo de respuesta relativamente r\u00e1pido.<\/li>\n<li>Cuenta con dos imanes de alnico que act\u00faan como base del term\u00f3metro y lo mantienen en su lugar en superficies ferrosas.<\/li>\n<li>Alcanza el equilibrio de detecci\u00f3n (estabilidad) en tres minutos.<\/li>\n<li>El sensor bimet\u00e1lico es una aleaci\u00f3n especialmente procesada que est\u00e1 preacondicionada y probada previamente para una calibraci\u00f3n permanente y m\u00e1xima estabilidad.<\/li>\n<li>Term\u00f3metros de superficie de montaje de doble im\u00e1n dise\u00f1ados espec\u00edficamente para ser utilizados en superficies horizontales o ferrosas no horizontales.<\/li>\n<\/ul>\n<h3>Aplicaciones<\/h3>\n<ul>\n<li>Precalentamientos de soldadura.<\/li>\n<li>Calderas.<\/li>\n<li>Hornos de recocido.<\/li>\n<li>Rumbos.<\/li>\n<li>Tambores.<\/li>\n<li>Motores.<\/li>\n<li>Motores.<\/li>\n<li>Matrices fundidas a presi\u00f3n.<\/li>\n<li>Cajas de n\u00facleo de fundici\u00f3n.<\/li>\n<li>Planchas.<\/li>\n<li>Tanques.<\/li>\n<li>Placas calientes.<\/li>\n<li>Generadores.<\/li>\n<\/ul>\n","protected":false},"excerpt":{"rendered":"<p>Este term\u00f3metro de \u00e1rea imantada muestra un rango de temperatura de 0 a 250 \u00b0 F (-20 a 120 \u00b0 C) y alcanza la estabilidad de detecci\u00f3n en 3 minutos.<\/p>\n","protected":false},"featured_media":5097,"template":"","meta":[],"product_cat":[16],"product_tag":[],"class_list":["post-5095","product","type-product","status-publish","has-post-thumbnail","hentry","product_cat-uncategorized"],"_links":{"self":[{"href":"https:\/\/calibracion.com.mx\/tienda\/wp-json\/wp\/v2\/product\/5095","targetHints":{"allow":["GET"]}}],"collection":[{"href":"https:\/\/calibracion.com.mx\/tienda\/wp-json\/wp\/v2\/product"}],"about":[{"href":"https:\/\/calibracion.com.mx\/tienda\/wp-json\/wp\/v2\/types\/product"}],"wp:featuredmedia":[{"embeddable":true,"href":"https:\/\/calibracion.com.mx\/tienda\/wp-json\/wp\/v2\/media\/5097"}],"wp:attachment":[{"href":"https:\/\/calibracion.com.mx\/tienda\/wp-json\/wp\/v2\/media?parent=5095"}],"wp:term":[{"taxonomy":"product_cat","embeddable":true,"href":"https:\/\/calibracion.com.mx\/tienda\/wp-json\/wp\/v2\/product_cat?post=5095"},{"taxonomy":"product_tag","embeddable":true,"href":"https:\/\/calibracion.com.mx\/tienda\/wp-json\/wp\/v2\/product_tag?post=5095"}],"curies":[{"name":"wp","href":"https:\/\/api.w.org\/{rel}","templated":true}]}}