{"id":5111,"date":"2023-12-12T16:07:41","date_gmt":"2023-12-12T16:07:41","guid":{"rendered":"https:\/\/calibracion.com.mx\/tienda\/?post_type=product&#038;p=5111"},"modified":"2023-12-12T16:07:44","modified_gmt":"2023-12-12T16:07:44","slug":"termometro-bimetalico-baker-t3009-250-de-0-a-250-f-20-a-120-c-incluye-certificado-trazable","status":"publish","type":"product","link":"https:\/\/calibracion.com.mx\/tienda\/termometro-bimetalico-baker-t3009-250-de-0-a-250-f-20-a-120-c-incluye-certificado-trazable\/","title":{"rendered":"Term\u00f3metro bimet\u00e1lico baker t3009-250, de 0 a 250 \u00b0f (-20 a 120 \u00b0c), incluye certificado trazable"},"content":{"rendered":"<p>Este producto incluye un certificado trazable con datos completos e incertidumbres.<\/p>\n<h3>Funciones<\/h3>\n<ul>\n<li>Sellado herm\u00e9ticamente seg\u00fan ASME B40.3.<\/li>\n<li>Toda la construcci\u00f3n de acero inoxidable soldado.<\/li>\n<li>B\u00e1sculas de temperatura duales, \u00b0F y \u00b0C.<\/li>\n<li>Conexi\u00f3n recta NPT de 1\/2\u2033.<\/li>\n<li>Precisi\u00f3n del 1% seg\u00fan ASME B40.3 Nivel A.<\/li>\n<li>Dial antiparalaje de 3\u2033 de di\u00e1metro.<\/li>\n<li>Longitud del v\u00e1stago : 9\u2033.<\/li>\n<li>La protecci\u00f3n de sobrealcance es del 50% hasta 500 \u00b0F; 10 % sobre 500\u00b0F).<\/li>\n<li>0 a 250\u00b0F (-20 a 120\u00b0C).<\/li>\n<li>F\u00e1cil ajuste de recalibraci\u00f3n externa.<\/li>\n<li>Lente de vidrio completamente con juntas.<\/li>\n<\/ul>\n","protected":false},"excerpt":{"rendered":"<p>Este term\u00f3metro bimet\u00e1lico est\u00e1 hecho de toda la construcci\u00f3n de acero inoxidable soldado y un dial anti-paralaje de 3 \u201cde di\u00e1metro. Este producto incluye un certificado trazable con datos terminados e incertidumbres.<\/p>\n","protected":false},"featured_media":5113,"template":"","meta":[],"product_cat":[16],"product_tag":[],"class_list":["post-5111","product","type-product","status-publish","has-post-thumbnail","hentry","product_cat-uncategorized"],"_links":{"self":[{"href":"https:\/\/calibracion.com.mx\/tienda\/wp-json\/wp\/v2\/product\/5111","targetHints":{"allow":["GET"]}}],"collection":[{"href":"https:\/\/calibracion.com.mx\/tienda\/wp-json\/wp\/v2\/product"}],"about":[{"href":"https:\/\/calibracion.com.mx\/tienda\/wp-json\/wp\/v2\/types\/product"}],"wp:featuredmedia":[{"embeddable":true,"href":"https:\/\/calibracion.com.mx\/tienda\/wp-json\/wp\/v2\/media\/5113"}],"wp:attachment":[{"href":"https:\/\/calibracion.com.mx\/tienda\/wp-json\/wp\/v2\/media?parent=5111"}],"wp:term":[{"taxonomy":"product_cat","embeddable":true,"href":"https:\/\/calibracion.com.mx\/tienda\/wp-json\/wp\/v2\/product_cat?post=5111"},{"taxonomy":"product_tag","embeddable":true,"href":"https:\/\/calibracion.com.mx\/tienda\/wp-json\/wp\/v2\/product_tag?post=5111"}],"curies":[{"name":"wp","href":"https:\/\/api.w.org\/{rel}","templated":true}]}}