{"id":5117,"date":"2023-12-12T16:20:38","date_gmt":"2023-12-12T16:20:38","guid":{"rendered":"https:\/\/calibracion.com.mx\/tienda\/?post_type=product&#038;p=5117"},"modified":"2023-12-12T16:20:40","modified_gmt":"2023-12-12T16:20:40","slug":"termometro-baker-mm2p-nist-max-min-40-a-120-f-incluye-certificado-trazable","status":"publish","type":"product","link":"https:\/\/calibracion.com.mx\/tienda\/termometro-baker-mm2p-nist-max-min-40-a-120-f-incluye-certificado-trazable\/","title":{"rendered":"Term\u00f3metro baker mm2p-nist max-min, -40 a 120 \u00b0f, incluye certificado trazable"},"content":{"rendered":"<p>El MM2P (term\u00f3metro sin mercurio Permacolor) es un term\u00f3metro anal\u00f3gico max\/min que registra las lecturas m\u00e1s altas y m\u00e1s bajas del \u00faltimo ajuste. Tiene un bot\u00f3n de reinicio que libera marcadores de l\u00edmite.<\/p>\n<p>Este producto incluye un certificado trazable con datos terminados y tambi\u00e9n incertidumbres.<\/p>\n<h3>Funciones<\/h3>\n<ul>\n<li>El restablecimiento con pulsador libera los marcadores de l\u00edmite.<\/li>\n<li>El term\u00f3metro registra las lecturas m\u00e1s altas y m\u00e1s bajas del \u00faltimo ajuste.<\/li>\n<li>Term\u00f3metro sin mercurio Permacolor.<\/li>\n<\/ul>\n<h3>Aplicaciones<\/h3>\n<ul>\n<li>Invernaderos.<\/li>\n<li>Edificios de oficinas.<\/li>\n<li>Hogar.<\/li>\n<li>Explotaciones agrarias.<\/li>\n<li>Seguimiento del tiempo.<\/li>\n<\/ul>\n<h3>Especificaciones de Baker MM2P-NIST<\/h3>\n<table>\n<tbody>\n<tr>\n<td>Rango de temperatura<\/td>\n<td>-40 a 120\u00b0F (-40 a 50\u00b0C)<\/td>\n<\/tr>\n<tr>\n<td>Dimensiones<\/td>\n<td>8 x 2,19 x 0,75\u2033 (203,2 x 55,6 x 19,1 mm)<\/td>\n<\/tr>\n<\/tbody>\n<\/table>\n","protected":false},"excerpt":{"rendered":"<p>El MM2P (term\u00f3metro sin mercurio Permacolor) es un term\u00f3metro anal\u00f3gico max\/min que registra las lecturas mucho m\u00e1s altas y m\u00e1s bajas del \u00faltimo ajuste. Tiene un bot\u00f3n de reinicio que libera marcadores de l\u00edmite.<\/p>\n","protected":false},"featured_media":5122,"template":"","meta":[],"product_cat":[16],"product_tag":[],"class_list":["post-5117","product","type-product","status-publish","has-post-thumbnail","hentry","product_cat-uncategorized"],"_links":{"self":[{"href":"https:\/\/calibracion.com.mx\/tienda\/wp-json\/wp\/v2\/product\/5117","targetHints":{"allow":["GET"]}}],"collection":[{"href":"https:\/\/calibracion.com.mx\/tienda\/wp-json\/wp\/v2\/product"}],"about":[{"href":"https:\/\/calibracion.com.mx\/tienda\/wp-json\/wp\/v2\/types\/product"}],"wp:featuredmedia":[{"embeddable":true,"href":"https:\/\/calibracion.com.mx\/tienda\/wp-json\/wp\/v2\/media\/5122"}],"wp:attachment":[{"href":"https:\/\/calibracion.com.mx\/tienda\/wp-json\/wp\/v2\/media?parent=5117"}],"wp:term":[{"taxonomy":"product_cat","embeddable":true,"href":"https:\/\/calibracion.com.mx\/tienda\/wp-json\/wp\/v2\/product_cat?post=5117"},{"taxonomy":"product_tag","embeddable":true,"href":"https:\/\/calibracion.com.mx\/tienda\/wp-json\/wp\/v2\/product_tag?post=5117"}],"curies":[{"name":"wp","href":"https:\/\/api.w.org\/{rel}","templated":true}]}}